{"id":661,"date":"2022-10-29T13:48:14","date_gmt":"2022-10-29T13:48:14","guid":{"rendered":"https:\/\/maus-of-music.com\/?page_id=661"},"modified":"2022-10-29T13:51:37","modified_gmt":"2022-10-29T13:51:37","slug":"labellamaus-2","status":"publish","type":"page","link":"https:\/\/maus-of-music.com\/?page_id=661","title":{"rendered":"LaBellaMaus"},"content":{"rendered":"<div class=\"wp-block-image\">\n<figure class=\"aligncenter size-large\"><img loading=\"lazy\" decoding=\"async\" width=\"1024\" height=\"211\" src=\"https:\/\/maus-of-music.com\/wp-content\/uploads\/2021\/10\/LaBellaMaus-Bandcamp-Header-1024x211.jpg\" alt=\"\" class=\"wp-image-662\" srcset=\"https:\/\/maus-of-music.com\/wp-content\/uploads\/2021\/10\/LaBellaMaus-Bandcamp-Header-1024x211.jpg 1024w, https:\/\/maus-of-music.com\/wp-content\/uploads\/2021\/10\/LaBellaMaus-Bandcamp-Header-scaled-600x124.jpg 600w, https:\/\/maus-of-music.com\/wp-content\/uploads\/2021\/10\/LaBellaMaus-Bandcamp-Header-300x62.jpg 300w, https:\/\/maus-of-music.com\/wp-content\/uploads\/2021\/10\/LaBellaMaus-Bandcamp-Header-768x158.jpg 768w, https:\/\/maus-of-music.com\/wp-content\/uploads\/2021\/10\/LaBellaMaus-Bandcamp-Header-1536x317.jpg 1536w, https:\/\/maus-of-music.com\/wp-content\/uploads\/2021\/10\/LaBellaMaus-Bandcamp-Header-2048x422.jpg 2048w, https:\/\/maus-of-music.com\/wp-content\/uploads\/2021\/10\/LaBellaMaus-Bandcamp-Header-24x5.jpg 24w, https:\/\/maus-of-music.com\/wp-content\/uploads\/2021\/10\/LaBellaMaus-Bandcamp-Header-36x7.jpg 36w, https:\/\/maus-of-music.com\/wp-content\/uploads\/2021\/10\/LaBellaMaus-Bandcamp-Header-48x10.jpg 48w\" sizes=\"auto, (max-width: 1024px) 100vw, 1024px\" \/><\/figure>\n<\/div>\n\n\n<div class=\"wp-block-columns is-layout-flex wp-container-core-columns-is-layout-9d6595d7 wp-block-columns-is-layout-flex\">\n<div class=\"wp-block-column is-layout-flow wp-block-column-is-layout-flow\"><div class=\"wp-block-image\">\n<figure class=\"aligncenter size-large\"><img decoding=\"async\" src=\"https:\/\/maus-of-music.com\/wp-content\/uploads\/2021\/06\/3.png\" alt=\"\"\/><\/figure>\n<\/div><\/div>\n\n\n\n<div class=\"wp-block-column is-layout-flow wp-block-column-is-layout-flow\"><div class=\"wp-block-image\">\n<figure class=\"aligncenter size-large\"><img decoding=\"async\" src=\"https:\/\/maus-of-music.com\/wp-content\/uploads\/2021\/06\/4.png\" alt=\"\"\/><\/figure>\n<\/div><\/div>\n<\/div>\n\n\n\n<div class=\"wp-block-columns is-layout-flex wp-container-core-columns-is-layout-9d6595d7 wp-block-columns-is-layout-flex\">\n<div class=\"wp-block-column is-layout-flow wp-block-column-is-layout-flow\">\n<p>Welcome to the melodic and joyful, romantic and mindful music of <strong>LaBellaMaus<\/strong>!<\/p>\n\n\n\n<p><strong>LaBellaMaus <\/strong>was an acoustic indie folk pop Band from Hamburg, Germany, active between 2007 to 2014.<\/p>\n\n\n\n<p>The 4-piece band was part of another musical adventure for Christoph Maus aka <strong>MAUS OF MUSIC<\/strong>. He was their lead singer and songwriter.<\/p>\n\n\n\n<p>The other three members of <strong>LaBellaMaus<\/strong> were Heinz Bussmann (accordeon), Pedder Buschmann (acoustic guitar) and Werner Leonard (Bass), occasionally augmented by drums and percussion.<\/p>\n\n\n\n<p>Next to the compositions of Christoph Maus, the most outstanding feature of the unique <strong>LaBellaMaus<\/strong> sound was the truly beautiful and soulful accordeon playing by Heinz Bussmann!<\/p>\n\n\n\n<p>All songs were arranged together.<\/p>\n\n\n\n<p>The best <strong>LaBellaMaus <\/strong>recordings are available for your listening pleasure as well as for hi-res download on the Internet platform <a href=\"https:\/\/labellamaus.bandcamp.com\/\">BANDCAMP<\/a>. ENJOY!<\/p>\n\n\n\n<p><strong>LaBellaMaus <\/strong>wishes you a lot of fun!<\/p>\n<\/div>\n\n\n\n<div class=\"wp-block-column is-layout-flow wp-block-column-is-layout-flow\">\n<p>Willkommen zu den melodischen und fr\u00f6hlichen, romantischen und achtsamen Kl\u00e4ngen von <strong>LaBellaMaus<\/strong>!<\/p>\n\n\n\n<p><strong>LaBellaMaus <\/strong>war eine akustische Indie Folk Pop Band-Perle aus Hamburg an der Elbe und aktiv in den Jahren 2007 bis 2014.<\/p>\n\n\n\n<p>F\u00fcr Bandgr\u00fcnder Christoph Maus aka <strong>MAUS OF MUSIC<\/strong> stellte sie ein weiteres musikalisches Abenteuer dar. Er war ihr S\u00e4nger und Songschreiber.<\/p>\n\n\n\n<p>Die anderen drei Mitglieder von <strong>LaBellaMaus<\/strong> waren Heinz Bussmann (Akkordeon), Pedder Bussmann (Akustikgitarre) und Werner Leonard (Bass), manchmal begleitet von Schlagzeug\/Percussion.<\/p>\n\n\n\n<p>Bestechendstes Merkmal des Sounds von <strong>LaBellaMaus<\/strong> war, neben den Kompositionen von Christoph Maus, ohne Zweifel das wahrhaft sch\u00f6ne und beseelte Akkordeonspiel von Heinz Bussmann!<\/p>\n\n\n\n<p>Alle Songs wurden gemeinsam arrangiert.<\/p>\n\n\n\n<p>Auf der Internet Plattform <a href=\"https:\/\/labellamaus.bandcamp.com\/\">BANDCAMP<\/a> pr\u00e4sentieren wir Euch unsere besten Aufnahmen zum H\u00f6ren und zum Downloaden in bester Qualit\u00e4t!<\/p>\n\n\n\n<p><strong>LaBellaMaus<\/strong> w\u00fcnscht viel Vergn\u00fcgen!<\/p>\n<\/div>\n<\/div>\n\n\n\n<div class=\"wp-block-columns is-layout-flex wp-container-core-columns-is-layout-9d6595d7 wp-block-columns-is-layout-flex\">\n<div class=\"wp-block-column is-layout-flow wp-block-column-is-layout-flow\"><div class=\"wp-block-image\">\n<figure class=\"aligncenter size-large is-resized\"><img loading=\"lazy\" decoding=\"async\" src=\"https:\/\/maus-of-music.com\/wp-content\/uploads\/2021\/10\/LaBellaMaus-Bandfoto-1024x920.jpg\" alt=\"\" class=\"wp-image-665\" width=\"323\" height=\"289\" srcset=\"https:\/\/maus-of-music.com\/wp-content\/uploads\/2021\/10\/LaBellaMaus-Bandfoto-1024x920.jpg 1024w, https:\/\/maus-of-music.com\/wp-content\/uploads\/2021\/10\/LaBellaMaus-Bandfoto-600x539.jpg 600w, https:\/\/maus-of-music.com\/wp-content\/uploads\/2021\/10\/LaBellaMaus-Bandfoto-300x269.jpg 300w, https:\/\/maus-of-music.com\/wp-content\/uploads\/2021\/10\/LaBellaMaus-Bandfoto-768x690.jpg 768w, https:\/\/maus-of-music.com\/wp-content\/uploads\/2021\/10\/LaBellaMaus-Bandfoto-1536x1380.jpg 1536w, https:\/\/maus-of-music.com\/wp-content\/uploads\/2021\/10\/LaBellaMaus-Bandfoto-24x22.jpg 24w, https:\/\/maus-of-music.com\/wp-content\/uploads\/2021\/10\/LaBellaMaus-Bandfoto-36x32.jpg 36w, https:\/\/maus-of-music.com\/wp-content\/uploads\/2021\/10\/LaBellaMaus-Bandfoto-48x43.jpg 48w, https:\/\/maus-of-music.com\/wp-content\/uploads\/2021\/10\/LaBellaMaus-Bandfoto.jpg 1600w\" sizes=\"auto, (max-width: 323px) 100vw, 323px\" \/><\/figure>\n<\/div><\/div>\n\n\n\n<div class=\"wp-block-column is-layout-flow wp-block-column-is-layout-flow\"><div class=\"wp-block-image\">\n<figure class=\"aligncenter size-large\"><img loading=\"lazy\" decoding=\"async\" width=\"1024\" height=\"768\" src=\"https:\/\/maus-of-music.com\/wp-content\/uploads\/2021\/10\/LaBellaMaus-MBC-10-14-1024x768.jpg\" alt=\"\" class=\"wp-image-666\" srcset=\"https:\/\/maus-of-music.com\/wp-content\/uploads\/2021\/10\/LaBellaMaus-MBC-10-14-1024x768.jpg 1024w, https:\/\/maus-of-music.com\/wp-content\/uploads\/2021\/10\/LaBellaMaus-MBC-10-14-scaled-600x450.jpg 600w, https:\/\/maus-of-music.com\/wp-content\/uploads\/2021\/10\/LaBellaMaus-MBC-10-14-300x225.jpg 300w, https:\/\/maus-of-music.com\/wp-content\/uploads\/2021\/10\/LaBellaMaus-MBC-10-14-768x576.jpg 768w, https:\/\/maus-of-music.com\/wp-content\/uploads\/2021\/10\/LaBellaMaus-MBC-10-14-1536x1152.jpg 1536w, https:\/\/maus-of-music.com\/wp-content\/uploads\/2021\/10\/LaBellaMaus-MBC-10-14-2048x1536.jpg 2048w, https:\/\/maus-of-music.com\/wp-content\/uploads\/2021\/10\/LaBellaMaus-MBC-10-14-24x18.jpg 24w, https:\/\/maus-of-music.com\/wp-content\/uploads\/2021\/10\/LaBellaMaus-MBC-10-14-36x27.jpg 36w, https:\/\/maus-of-music.com\/wp-content\/uploads\/2021\/10\/LaBellaMaus-MBC-10-14-48x36.jpg 48w\" sizes=\"auto, (max-width: 1024px) 100vw, 1024px\" \/><\/figure>\n<\/div><\/div>\n<\/div>\n","protected":false},"excerpt":{"rendered":"<p>Welcome to the melodic and joyful, romantic and mindful music of LaBellaMaus! LaBellaMaus was an acoustic indie folk pop Band from Hamburg, Germany, active between 2007 to 2014. The 4-piece band was part of another musical adventure for Christoph Maus aka MAUS OF MUSIC. He was their lead singer and songwriter. The other three members of LaBellaMaus were Heinz Bussmann [&hellip;]<\/p>\n","protected":false},"author":2,"featured_media":0,"parent":0,"menu_order":0,"comment_status":"closed","ping_status":"closed","template":"","meta":{"om_disable_all_campaigns":false,"_monsterinsights_skip_tracking":false,"_monsterinsights_sitenote_active":false,"_monsterinsights_sitenote_note":"","_monsterinsights_sitenote_category":0,"footnotes":""},"class_list":["post-661","page","type-page","status-publish","hentry"],"aioseo_notices":[],"_links":{"self":[{"href":"https:\/\/maus-of-music.com\/index.php?rest_route=\/wp\/v2\/pages\/661","targetHints":{"allow":["GET"]}}],"collection":[{"href":"https:\/\/maus-of-music.com\/index.php?rest_route=\/wp\/v2\/pages"}],"about":[{"href":"https:\/\/maus-of-music.com\/index.php?rest_route=\/wp\/v2\/types\/page"}],"author":[{"embeddable":true,"href":"https:\/\/maus-of-music.com\/index.php?rest_route=\/wp\/v2\/users\/2"}],"replies":[{"embeddable":true,"href":"https:\/\/maus-of-music.com\/index.php?rest_route=%2Fwp%2Fv2%2Fcomments&post=661"}],"version-history":[{"count":5,"href":"https:\/\/maus-of-music.com\/index.php?rest_route=\/wp\/v2\/pages\/661\/revisions"}],"predecessor-version":[{"id":679,"href":"https:\/\/maus-of-music.com\/index.php?rest_route=\/wp\/v2\/pages\/661\/revisions\/679"}],"wp:attachment":[{"href":"https:\/\/maus-of-music.com\/index.php?rest_route=%2Fwp%2Fv2%2Fmedia&parent=661"}],"curies":[{"name":"wp","href":"https:\/\/api.w.org\/{rel}","templated":true}]}}