{"id":576,"date":"2021-07-05T08:53:44","date_gmt":"2021-07-05T08:53:44","guid":{"rendered":"https:\/\/maus-of-music.com\/?page_id=576"},"modified":"2021-07-07T09:26:48","modified_gmt":"2021-07-07T09:26:48","slug":"trading-gods-for-happiness","status":"publish","type":"page","link":"https:\/\/maus-of-music.com\/?page_id=576","title":{"rendered":"Trading Gods For Happiness"},"content":{"rendered":"\n<div class=\"wp-block-columns is-layout-flex wp-container-core-columns-is-layout-9d6595d7 wp-block-columns-is-layout-flex\">\n<div class=\"wp-block-column is-layout-flow wp-block-column-is-layout-flow\" style=\"flex-basis:33.34%\">\n<div class=\"wp-block-image\"><figure class=\"aligncenter size-large is-resized\"><img loading=\"lazy\" decoding=\"async\" src=\"https:\/\/maus-of-music.com\/wp-content\/uploads\/2021\/06\/2.jpg\" alt=\"\" class=\"wp-image-577\" width=\"228\" height=\"160\" srcset=\"https:\/\/maus-of-music.com\/wp-content\/uploads\/2021\/06\/2.jpg 354w, https:\/\/maus-of-music.com\/wp-content\/uploads\/2021\/06\/2-300x212.jpg 300w, https:\/\/maus-of-music.com\/wp-content\/uploads\/2021\/06\/2-100x70.jpg 100w, https:\/\/maus-of-music.com\/wp-content\/uploads\/2021\/06\/2-24x17.jpg 24w, https:\/\/maus-of-music.com\/wp-content\/uploads\/2021\/06\/2-36x25.jpg 36w, https:\/\/maus-of-music.com\/wp-content\/uploads\/2021\/06\/2-48x34.jpg 48w\" sizes=\"auto, (max-width: 228px) 100vw, 228px\" \/><\/figure><\/div>\n<\/div>\n\n\n\n<div class=\"wp-block-column is-layout-flow wp-block-column-is-layout-flow\" style=\"flex-basis:33.34%\">\n<div class=\"wp-block-image\"><figure class=\"aligncenter size-large\"><img loading=\"lazy\" decoding=\"async\" width=\"1024\" height=\"648\" src=\"https:\/\/maus-of-music.com\/wp-content\/uploads\/2021\/07\/Trading-Gods-Dom-1990-1024x648.jpeg\" alt=\"\" class=\"wp-image-596\" srcset=\"https:\/\/maus-of-music.com\/wp-content\/uploads\/2021\/07\/Trading-Gods-Dom-1990-1024x648.jpeg 1024w, https:\/\/maus-of-music.com\/wp-content\/uploads\/2021\/07\/Trading-Gods-Dom-1990-600x380.jpeg 600w, https:\/\/maus-of-music.com\/wp-content\/uploads\/2021\/07\/Trading-Gods-Dom-1990-300x190.jpeg 300w, https:\/\/maus-of-music.com\/wp-content\/uploads\/2021\/07\/Trading-Gods-Dom-1990-768x486.jpeg 768w, https:\/\/maus-of-music.com\/wp-content\/uploads\/2021\/07\/Trading-Gods-Dom-1990-1536x972.jpeg 1536w, https:\/\/maus-of-music.com\/wp-content\/uploads\/2021\/07\/Trading-Gods-Dom-1990-2048x1296.jpeg 2048w, https:\/\/maus-of-music.com\/wp-content\/uploads\/2021\/07\/Trading-Gods-Dom-1990-140x90.jpeg 140w, https:\/\/maus-of-music.com\/wp-content\/uploads\/2021\/07\/Trading-Gods-Dom-1990-24x15.jpeg 24w, https:\/\/maus-of-music.com\/wp-content\/uploads\/2021\/07\/Trading-Gods-Dom-1990-36x23.jpeg 36w, https:\/\/maus-of-music.com\/wp-content\/uploads\/2021\/07\/Trading-Gods-Dom-1990-48x30.jpeg 48w\" sizes=\"auto, (max-width: 1024px) 100vw, 1024px\" \/><\/figure><\/div>\n<\/div>\n\n\n\n<div class=\"wp-block-column is-layout-flow wp-block-column-is-layout-flow\" style=\"flex-basis:33.33%\">\n<div class=\"wp-block-image\"><figure class=\"aligncenter size-large\"><img loading=\"lazy\" decoding=\"async\" width=\"1024\" height=\"643\" src=\"https:\/\/maus-of-music.com\/wp-content\/uploads\/2021\/07\/Trading-Gods-live-1990-1024x643.jpeg\" alt=\"\" class=\"wp-image-597\" srcset=\"https:\/\/maus-of-music.com\/wp-content\/uploads\/2021\/07\/Trading-Gods-live-1990-1024x643.jpeg 1024w, https:\/\/maus-of-music.com\/wp-content\/uploads\/2021\/07\/Trading-Gods-live-1990-600x377.jpeg 600w, https:\/\/maus-of-music.com\/wp-content\/uploads\/2021\/07\/Trading-Gods-live-1990-300x188.jpeg 300w, https:\/\/maus-of-music.com\/wp-content\/uploads\/2021\/07\/Trading-Gods-live-1990-768x482.jpeg 768w, https:\/\/maus-of-music.com\/wp-content\/uploads\/2021\/07\/Trading-Gods-live-1990-1536x964.jpeg 1536w, https:\/\/maus-of-music.com\/wp-content\/uploads\/2021\/07\/Trading-Gods-live-1990-24x15.jpeg 24w, https:\/\/maus-of-music.com\/wp-content\/uploads\/2021\/07\/Trading-Gods-live-1990-36x23.jpeg 36w, https:\/\/maus-of-music.com\/wp-content\/uploads\/2021\/07\/Trading-Gods-live-1990-48x30.jpeg 48w, https:\/\/maus-of-music.com\/wp-content\/uploads\/2021\/07\/Trading-Gods-live-1990.jpeg 1803w\" sizes=\"auto, (max-width: 1024px) 100vw, 1024px\" \/><\/figure><\/div>\n<\/div>\n<\/div>\n\n\n\n<div class=\"wp-block-columns is-layout-flex wp-container-core-columns-is-layout-9d6595d7 wp-block-columns-is-layout-flex\">\n<div class=\"wp-block-column is-layout-flow wp-block-column-is-layout-flow\">\n<div class=\"wp-block-image\"><figure class=\"aligncenter size-large\"><img loading=\"lazy\" decoding=\"async\" width=\"21\" height=\"13\" src=\"https:\/\/maus-of-music.com\/wp-content\/uploads\/2021\/06\/3.png\" alt=\"\" class=\"wp-image-53\"\/><\/figure><\/div>\n\n\n\n<p>This is the Website for the German guitar-based indie post-beat\/songwriter-pop\/rock band TRADING GODS FOR HAPPINESS. Welcome!<\/p>\n\n\n\n<p>TRADING GODS FOR HAPPINESS were active as live band from 1988 to 1993, during which time they have played several gigs in the Northern German area and in their native city of Hamburg. During this time, they consisted of Christoph Maus-Voc, Rythm guitar, Maurice Toporek- lead guitar, Christian J\u00fcnke\/Wenk Fischer-Bass, J\u00f6rn Christiansen-Drums. A single- I RAN- came out as a private pressing in 1991.<\/p>\n\n\n\n<p>After the live band had broken up, group founder and main songwriter Christoph Maus kept the original TRADING GODS FOR HAPPINESS Sound alive and continued to sporadically record his songs under that name in the studio until 2006, supported by the friendly musicians Maurice Toporek, Matt Zentrich, Martin Loose, Holger Itzek and Peter Koobs. Produced were these songs by Frank Seele <em>in den heiligen Hallen von Hamburg-Bergedorf.<\/em><\/p>\n\n\n\n<p>The best of the studio recordings by TRADING GODS FOR HAPPINESS 1986- 2006 are available for your listening pleasure as well for hi-res download on the internet platform BANDCAMP<\/p>\n<\/div>\n\n\n\n<div class=\"wp-block-column is-layout-flow wp-block-column-is-layout-flow\">\n<div class=\"wp-block-image\"><figure class=\"aligncenter size-large\"><img loading=\"lazy\" decoding=\"async\" width=\"21\" height=\"13\" src=\"https:\/\/maus-of-music.com\/wp-content\/uploads\/2021\/06\/4.png\" alt=\"\" class=\"wp-image-54\"\/><\/figure><\/div>\n\n\n\n<p>Dieses ist die Webseite der deutschen Indie post-beat\/songwriter-pop\/rock band TRADING GODS FOR HAPPINESS. Willkommen!<\/p>\n\n\n\n<p>TRADING GODS FOR HAPPINESS (\u201eG\u00f6tter gegen Gl\u00fcck tauschen\u201c) waren als Live Band aktiv in den Jahren 1988- 1993, vor allem in Norddeutschland und in ihrer Heimatstadt Hamburg. Eine Single- I RAN-erschien 1991 als Privatpressung.<\/p>\n\n\n\n<p>Nachdem die Live band auseinanderbrach, erhielt Bandgr\u00fcnder, S\u00e4nger und Hauptkomponist Christoph Maus den originalen TRADING GODS FOR HAPPINESS Sound am Leben und nahm bis 2006 unter diesem Namen sporadisch weitere Songs im Studio auf. Unterst\u00fctzt wurde er dabei von den freundlichen Musikern Maurice Toporek, Matt Zentrich, Martin Loose, Holger Itzek und Peter Koobs. Produzent war Frank Seele <em>in den heiligen Hallen von Hamburg-Bergedorf<\/em>.<\/p>\n\n\n\n<p>Die besten Studioaufnahmen von TRADING GODS FOR HAPPINESS 1986- 2006 k\u00f6nnt ihr h\u00f6ren und in bester Qualit\u00e4t downloaden auf der Internet-Plattform BANDCAMP.<\/p>\n\n\n\n<p><\/p>\n<\/div>\n<\/div>\n\n\n\n<div class=\"wp-block-columns is-layout-flex wp-container-core-columns-is-layout-9d6595d7 wp-block-columns-is-layout-flex\">\n<div class=\"wp-block-column is-layout-flow wp-block-column-is-layout-flow\" style=\"flex-basis:33.33%\">\n<div class=\"wp-block-image\"><figure class=\"aligncenter size-large\"><img loading=\"lazy\" decoding=\"async\" width=\"441\" height=\"196\" src=\"https:\/\/maus-of-music.com\/wp-content\/uploads\/2021\/06\/trading-gods.png\" alt=\"\" class=\"wp-image-580\" srcset=\"https:\/\/maus-of-music.com\/wp-content\/uploads\/2021\/06\/trading-gods.png 441w, https:\/\/maus-of-music.com\/wp-content\/uploads\/2021\/06\/trading-gods-300x133.png 300w, https:\/\/maus-of-music.com\/wp-content\/uploads\/2021\/06\/trading-gods-24x11.png 24w, https:\/\/maus-of-music.com\/wp-content\/uploads\/2021\/06\/trading-gods-36x16.png 36w, https:\/\/maus-of-music.com\/wp-content\/uploads\/2021\/06\/trading-gods-48x21.png 48w\" sizes=\"auto, (max-width: 441px) 100vw, 441px\" \/><\/figure><\/div>\n<\/div>\n\n\n\n<div class=\"wp-block-column is-layout-flow wp-block-column-is-layout-flow\" style=\"flex-basis:66.66%\">\n<div class=\"wp-block-image\"><figure class=\"aligncenter size-large is-resized\"><a href=\"https:\/\/maus-of-music.com\/wp-content\/uploads\/2021\/07\/Gott-im-Glueck-Prinz-21.9.89.jpg\"><img loading=\"lazy\" decoding=\"async\" src=\"https:\/\/maus-of-music.com\/wp-content\/uploads\/2021\/07\/Gott-im-Glueck-Prinz-21.9.89-1024x770.jpg\" alt=\"\" class=\"wp-image-602\" width=\"371\" height=\"278\" srcset=\"https:\/\/maus-of-music.com\/wp-content\/uploads\/2021\/07\/Gott-im-Glueck-Prinz-21.9.89-1024x770.jpg 1024w, https:\/\/maus-of-music.com\/wp-content\/uploads\/2021\/07\/Gott-im-Glueck-Prinz-21.9.89-600x451.jpg 600w, https:\/\/maus-of-music.com\/wp-content\/uploads\/2021\/07\/Gott-im-Glueck-Prinz-21.9.89-300x226.jpg 300w, https:\/\/maus-of-music.com\/wp-content\/uploads\/2021\/07\/Gott-im-Glueck-Prinz-21.9.89-768x578.jpg 768w, https:\/\/maus-of-music.com\/wp-content\/uploads\/2021\/07\/Gott-im-Glueck-Prinz-21.9.89-24x18.jpg 24w, https:\/\/maus-of-music.com\/wp-content\/uploads\/2021\/07\/Gott-im-Glueck-Prinz-21.9.89-36x27.jpg 36w, https:\/\/maus-of-music.com\/wp-content\/uploads\/2021\/07\/Gott-im-Glueck-Prinz-21.9.89-48x36.jpg 48w, https:\/\/maus-of-music.com\/wp-content\/uploads\/2021\/07\/Gott-im-Glueck-Prinz-21.9.89.jpg 1101w\" sizes=\"auto, (max-width: 371px) 100vw, 371px\" \/><\/a><\/figure><\/div>\n<\/div>\n<\/div>\n","protected":false},"excerpt":{"rendered":"<p>This is the Website for the German guitar-based indie post-beat\/songwriter-pop\/rock band TRADING GODS FOR HAPPINESS. Welcome! TRADING GODS FOR HAPPINESS were active as live band from 1988 to 1993, during which time they have played several gigs in the Northern German area and in their native city of Hamburg. During this time, they consisted of Christoph Maus-Voc, Rythm guitar, Maurice [&hellip;]<\/p>\n","protected":false},"author":2,"featured_media":0,"parent":0,"menu_order":0,"comment_status":"closed","ping_status":"closed","template":"","meta":{"om_disable_all_campaigns":false,"_monsterinsights_skip_tracking":false,"_monsterinsights_sitenote_active":false,"_monsterinsights_sitenote_note":"","_monsterinsights_sitenote_category":0,"footnotes":""},"class_list":["post-576","page","type-page","status-publish","hentry"],"aioseo_notices":[],"_links":{"self":[{"href":"https:\/\/maus-of-music.com\/index.php?rest_route=\/wp\/v2\/pages\/576","targetHints":{"allow":["GET"]}}],"collection":[{"href":"https:\/\/maus-of-music.com\/index.php?rest_route=\/wp\/v2\/pages"}],"about":[{"href":"https:\/\/maus-of-music.com\/index.php?rest_route=\/wp\/v2\/types\/page"}],"author":[{"embeddable":true,"href":"https:\/\/maus-of-music.com\/index.php?rest_route=\/wp\/v2\/users\/2"}],"replies":[{"embeddable":true,"href":"https:\/\/maus-of-music.com\/index.php?rest_route=%2Fwp%2Fv2%2Fcomments&post=576"}],"version-history":[{"count":8,"href":"https:\/\/maus-of-music.com\/index.php?rest_route=\/wp\/v2\/pages\/576\/revisions"}],"predecessor-version":[{"id":604,"href":"https:\/\/maus-of-music.com\/index.php?rest_route=\/wp\/v2\/pages\/576\/revisions\/604"}],"wp:attachment":[{"href":"https:\/\/maus-of-music.com\/index.php?rest_route=%2Fwp%2Fv2%2Fmedia&parent=576"}],"curies":[{"name":"wp","href":"https:\/\/api.w.org\/{rel}","templated":true}]}}