{"id":488,"date":"2021-06-26T10:24:40","date_gmt":"2021-06-26T10:24:40","guid":{"rendered":"https:\/\/maus-of-music.com\/?page_id=488"},"modified":"2021-09-12T13:15:21","modified_gmt":"2021-09-12T13:15:21","slug":"der-papagei-aus-paraguay-hoerproben","status":"publish","type":"page","link":"https:\/\/maus-of-music.com\/?page_id=488","title":{"rendered":"Der Papagei aus Paraguay &#8211; H\u00f6rproben"},"content":{"rendered":"\n<div class=\"wp-block-columns is-layout-flex wp-container-core-columns-is-layout-9d6595d7 wp-block-columns-is-layout-flex\">\n<div class=\"wp-block-column is-layout-flow wp-block-column-is-layout-flow\" style=\"flex-basis:20%\">\n<div class=\"wp-block-image\"><figure class=\"aligncenter size-large is-resized\"><a href=\"https:\/\/maus-of-music.com\/?page_id=470\"><img loading=\"lazy\" decoding=\"async\" src=\"https:\/\/maus-of-music.com\/wp-content\/uploads\/2021\/06\/95-1.png\" alt=\"\" class=\"wp-image-452\" width=\"165\" height=\"97\" srcset=\"https:\/\/maus-of-music.com\/wp-content\/uploads\/2021\/06\/95-1.png 174w, https:\/\/maus-of-music.com\/wp-content\/uploads\/2021\/06\/95-1-24x14.png 24w, https:\/\/maus-of-music.com\/wp-content\/uploads\/2021\/06\/95-1-36x21.png 36w, https:\/\/maus-of-music.com\/wp-content\/uploads\/2021\/06\/95-1-48x28.png 48w\" sizes=\"auto, (max-width: 165px) 100vw, 165px\" \/><\/a><\/figure><\/div>\n\n\n\n<p class=\"has-text-align-center\"><strong>Beispielseiten<\/strong><\/p>\n\n\n\n<div class=\"wp-block-image\"><figure class=\"aligncenter size-large\"><a href=\"https:\/\/maus-of-music.com\/?page_id=381\"><img loading=\"lazy\" decoding=\"async\" width=\"182\" height=\"88\" src=\"https:\/\/maus-of-music.com\/wp-content\/uploads\/2021\/06\/98.png\" alt=\"\" class=\"wp-image-454\" srcset=\"https:\/\/maus-of-music.com\/wp-content\/uploads\/2021\/06\/98.png 182w, https:\/\/maus-of-music.com\/wp-content\/uploads\/2021\/06\/98-24x12.png 24w, https:\/\/maus-of-music.com\/wp-content\/uploads\/2021\/06\/98-36x17.png 36w, https:\/\/maus-of-music.com\/wp-content\/uploads\/2021\/06\/98-48x23.png 48w\" sizes=\"auto, (max-width: 182px) 100vw, 182px\" \/><\/a><\/figure><\/div>\n\n\n\n<p class=\"has-text-align-center\"><strong>H\u00f6rproben<\/strong><\/p>\n\n\n\n<div class=\"wp-block-image\"><figure class=\"aligncenter size-large\"><a href=\"https:\/\/maus-of-music.com\/?page_id=488\"><img loading=\"lazy\" decoding=\"async\" width=\"149\" height=\"105\" src=\"https:\/\/maus-of-music.com\/wp-content\/uploads\/2021\/06\/99.png\" alt=\"\" class=\"wp-image-453\" srcset=\"https:\/\/maus-of-music.com\/wp-content\/uploads\/2021\/06\/99.png 149w, https:\/\/maus-of-music.com\/wp-content\/uploads\/2021\/06\/99-100x70.png 100w, https:\/\/maus-of-music.com\/wp-content\/uploads\/2021\/06\/99-24x17.png 24w, https:\/\/maus-of-music.com\/wp-content\/uploads\/2021\/06\/99-36x25.png 36w, https:\/\/maus-of-music.com\/wp-content\/uploads\/2021\/06\/99-48x34.png 48w\" sizes=\"auto, (max-width: 149px) 100vw, 149px\" \/><\/a><\/figure><\/div>\n\n\n\n<p class=\"has-text-align-center\"><strong>Fanpost und Presse<\/strong><\/p>\n\n\n\n<div class=\"wp-block-image\"><figure class=\"aligncenter size-large\"><a href=\"https:\/\/maus-of-music.com\/?page_id=531\"><img loading=\"lazy\" decoding=\"async\" width=\"139\" height=\"154\" src=\"https:\/\/maus-of-music.com\/wp-content\/uploads\/2021\/06\/100.png\" alt=\"\" class=\"wp-image-455\" srcset=\"https:\/\/maus-of-music.com\/wp-content\/uploads\/2021\/06\/100.png 139w, https:\/\/maus-of-music.com\/wp-content\/uploads\/2021\/06\/100-22x24.png 22w, https:\/\/maus-of-music.com\/wp-content\/uploads\/2021\/06\/100-32x36.png 32w, https:\/\/maus-of-music.com\/wp-content\/uploads\/2021\/06\/100-43x48.png 43w\" sizes=\"auto, (max-width: 139px) 100vw, 139px\" \/><\/a><\/figure><\/div>\n<\/div>\n\n\n\n<div class=\"wp-block-column is-layout-flow wp-block-column-is-layout-flow\">\n<p class=\"has-text-align-center\"><strong>&#8222;Der Papagei aus Paraguay &#8230; und die Tonleiter zum Mond&#8220; <\/strong><\/p>\n\n\n\n<p class=\"has-text-align-center\"><strong>Ein fantasievolles Kinderbuch mit Musik. Inklusive Mini Pop Oper auf CD. F\u00fcr pfiffige Menschen, klein und gro\u00df. Ab 5 Jahren.<\/strong><\/p>\n\n\n\n<div class=\"wp-block-columns is-layout-flex wp-container-core-columns-is-layout-9d6595d7 wp-block-columns-is-layout-flex\">\n<div class=\"wp-block-column is-layout-flow wp-block-column-is-layout-flow\" style=\"flex-basis:33.34%\">\n<div class=\"wp-block-image\"><figure class=\"aligncenter size-large\"><img loading=\"lazy\" decoding=\"async\" width=\"192\" height=\"186\" src=\"https:\/\/maus-of-music.com\/wp-content\/uploads\/2021\/06\/118.png\" alt=\"\" class=\"wp-image-492\" srcset=\"https:\/\/maus-of-music.com\/wp-content\/uploads\/2021\/06\/118.png 192w, https:\/\/maus-of-music.com\/wp-content\/uploads\/2021\/06\/118-24x24.png 24w, https:\/\/maus-of-music.com\/wp-content\/uploads\/2021\/06\/118-36x36.png 36w, https:\/\/maus-of-music.com\/wp-content\/uploads\/2021\/06\/118-48x48.png 48w\" sizes=\"auto, (max-width: 192px) 100vw, 192px\" \/><\/figure><\/div>\n<\/div>\n\n\n\n<div class=\"wp-block-column is-layout-flow wp-block-column-is-layout-flow\" style=\"flex-basis:33%\">\n<div class=\"wp-block-image\"><figure class=\"aligncenter size-large\"><img loading=\"lazy\" decoding=\"async\" width=\"212\" height=\"212\" src=\"https:\/\/maus-of-music.com\/wp-content\/uploads\/2021\/06\/117-1.png\" alt=\"\" class=\"wp-image-494\" srcset=\"https:\/\/maus-of-music.com\/wp-content\/uploads\/2021\/06\/117-1.png 212w, https:\/\/maus-of-music.com\/wp-content\/uploads\/2021\/06\/117-1-100x100.png 100w, https:\/\/maus-of-music.com\/wp-content\/uploads\/2021\/06\/117-1-150x150.png 150w, https:\/\/maus-of-music.com\/wp-content\/uploads\/2021\/06\/117-1-24x24.png 24w, https:\/\/maus-of-music.com\/wp-content\/uploads\/2021\/06\/117-1-36x36.png 36w, https:\/\/maus-of-music.com\/wp-content\/uploads\/2021\/06\/117-1-48x48.png 48w\" sizes=\"auto, (max-width: 212px) 100vw, 212px\" \/><\/figure><\/div>\n<\/div>\n\n\n\n<div class=\"wp-block-column is-layout-flow wp-block-column-is-layout-flow\" style=\"flex-basis:33.33%\">\n<div class=\"wp-block-image\"><figure class=\"aligncenter size-large\"><img loading=\"lazy\" decoding=\"async\" width=\"192\" height=\"196\" src=\"https:\/\/maus-of-music.com\/wp-content\/uploads\/2021\/06\/119.png\" alt=\"\" class=\"wp-image-490\" srcset=\"https:\/\/maus-of-music.com\/wp-content\/uploads\/2021\/06\/119.png 192w, https:\/\/maus-of-music.com\/wp-content\/uploads\/2021\/06\/119-24x24.png 24w, https:\/\/maus-of-music.com\/wp-content\/uploads\/2021\/06\/119-36x36.png 36w, https:\/\/maus-of-music.com\/wp-content\/uploads\/2021\/06\/119-48x48.png 48w\" sizes=\"auto, (max-width: 192px) 100vw, 192px\" \/><\/figure><\/div>\n<\/div>\n<\/div>\n\n\n\n<p class=\"has-text-align-center\">Texte und Musik von Christoph Maus<br>Illustrationen von Florin Schmidt <br>Reich bebildert &#8211; 32 Seiten- DIN A 4 Format &#8211; Hardcover, <br>Musik CD mit 5 Liedern. Achtung: Enth\u00e4lt Ohrw\u00fcrmer<br>Einfach auf die Bilder unten klicken und anh\u00f6ren!!<\/p>\n\n\n\n<div class=\"wp-block-columns is-layout-flex wp-container-core-columns-is-layout-9d6595d7 wp-block-columns-is-layout-flex\">\n<div class=\"wp-block-column is-layout-flow wp-block-column-is-layout-flow\">\n<div class=\"wp-block-image\"><figure class=\"aligncenter size-large is-resized\"><a href=\"http:\/\/www.der-papagei-aus-paraguay.de\/index_html_files\/Lukas,%20jetzt%20wird%20aufgewacht!%20(Ausz.mp3\" target=\"_blank\" rel=\"noopener\"><img loading=\"lazy\" decoding=\"async\" src=\"https:\/\/maus-of-music.com\/wp-content\/uploads\/2021\/06\/123.png\" alt=\"\" class=\"wp-image-498\" width=\"155\" height=\"110\" srcset=\"https:\/\/maus-of-music.com\/wp-content\/uploads\/2021\/06\/123.png 207w, https:\/\/maus-of-music.com\/wp-content\/uploads\/2021\/06\/123-100x70.png 100w, https:\/\/maus-of-music.com\/wp-content\/uploads\/2021\/06\/123-24x17.png 24w, https:\/\/maus-of-music.com\/wp-content\/uploads\/2021\/06\/123-36x25.png 36w, https:\/\/maus-of-music.com\/wp-content\/uploads\/2021\/06\/123-48x34.png 48w\" sizes=\"auto, (max-width: 155px) 100vw, 155px\" \/><\/a><\/figure><\/div>\n<\/div>\n\n\n\n<div class=\"wp-block-column is-layout-flow wp-block-column-is-layout-flow\">\n<div class=\"wp-block-image\"><figure class=\"aligncenter size-large is-resized\"><a href=\"http:\/\/www.der-papagei-aus-paraguay.de\/index_html_files\/Ich%20bin%20der%20Papagei%20aus%20Paraguay%20(A.mp3\" target=\"_blank\" rel=\"noopener\"><img loading=\"lazy\" decoding=\"async\" src=\"https:\/\/maus-of-music.com\/wp-content\/uploads\/2021\/06\/121.png\" alt=\"\" class=\"wp-image-499\" width=\"159\" height=\"113\" srcset=\"https:\/\/maus-of-music.com\/wp-content\/uploads\/2021\/06\/121.png 212w, https:\/\/maus-of-music.com\/wp-content\/uploads\/2021\/06\/121-100x70.png 100w, https:\/\/maus-of-music.com\/wp-content\/uploads\/2021\/06\/121-24x17.png 24w, https:\/\/maus-of-music.com\/wp-content\/uploads\/2021\/06\/121-36x25.png 36w, https:\/\/maus-of-music.com\/wp-content\/uploads\/2021\/06\/121-48x34.png 48w\" sizes=\"auto, (max-width: 159px) 100vw, 159px\" \/><\/a><\/figure><\/div>\n<\/div>\n\n\n\n<div class=\"wp-block-column is-layout-flow wp-block-column-is-layout-flow\">\n<div class=\"wp-block-image\"><figure class=\"aligncenter size-large is-resized\"><a href=\"http:\/\/www.der-papagei-aus-paraguay.de\/index_html_files\/Lasst%20Uns%20Fliegen%20(Auszug).mp3\" target=\"_blank\" rel=\"noopener\"><img loading=\"lazy\" decoding=\"async\" src=\"https:\/\/maus-of-music.com\/wp-content\/uploads\/2021\/06\/120.png\" alt=\"\" class=\"wp-image-500\" width=\"154\" height=\"109\" srcset=\"https:\/\/maus-of-music.com\/wp-content\/uploads\/2021\/06\/120.png 205w, https:\/\/maus-of-music.com\/wp-content\/uploads\/2021\/06\/120-100x70.png 100w, https:\/\/maus-of-music.com\/wp-content\/uploads\/2021\/06\/120-24x17.png 24w, https:\/\/maus-of-music.com\/wp-content\/uploads\/2021\/06\/120-36x25.png 36w, https:\/\/maus-of-music.com\/wp-content\/uploads\/2021\/06\/120-48x34.png 48w\" sizes=\"auto, (max-width: 154px) 100vw, 154px\" \/><\/a><\/figure><\/div>\n<\/div>\n<\/div>\n\n\n\n<div class=\"wp-block-columns is-layout-flex wp-container-core-columns-is-layout-9d6595d7 wp-block-columns-is-layout-flex\">\n<div class=\"wp-block-column is-layout-flow wp-block-column-is-layout-flow\" style=\"flex-basis:50%\">\n<div class=\"wp-block-image\"><figure class=\"aligncenter size-large is-resized\"><a href=\"http:\/\/www.der-papagei-aus-paraguay.de\/index_html_files\/Oweh%20und%20Ach%20(Auszug).mp3\" target=\"_blank\" rel=\"noopener\"><img loading=\"lazy\" decoding=\"async\" src=\"https:\/\/maus-of-music.com\/wp-content\/uploads\/2021\/06\/122.png\" alt=\"\" class=\"wp-image-502\" width=\"161\" height=\"114\" srcset=\"https:\/\/maus-of-music.com\/wp-content\/uploads\/2021\/06\/122.png 214w, https:\/\/maus-of-music.com\/wp-content\/uploads\/2021\/06\/122-100x70.png 100w, https:\/\/maus-of-music.com\/wp-content\/uploads\/2021\/06\/122-24x17.png 24w, https:\/\/maus-of-music.com\/wp-content\/uploads\/2021\/06\/122-36x26.png 36w, https:\/\/maus-of-music.com\/wp-content\/uploads\/2021\/06\/122-48x34.png 48w\" sizes=\"auto, (max-width: 161px) 100vw, 161px\" \/><\/a><\/figure><\/div>\n<\/div>\n\n\n\n<div class=\"wp-block-column is-layout-flow wp-block-column-is-layout-flow\" style=\"flex-basis:50%\">\n<div class=\"wp-block-image\"><figure class=\"aligncenter size-large is-resized\"><img loading=\"lazy\" decoding=\"async\" src=\"https:\/\/maus-of-music.com\/wp-content\/uploads\/2021\/06\/124.png\" alt=\"\" class=\"wp-image-503\" width=\"156\" height=\"110\" srcset=\"https:\/\/maus-of-music.com\/wp-content\/uploads\/2021\/06\/124.png 208w, https:\/\/maus-of-music.com\/wp-content\/uploads\/2021\/06\/124-100x70.png 100w, https:\/\/maus-of-music.com\/wp-content\/uploads\/2021\/06\/124-24x17.png 24w, https:\/\/maus-of-music.com\/wp-content\/uploads\/2021\/06\/124-36x25.png 36w, https:\/\/maus-of-music.com\/wp-content\/uploads\/2021\/06\/124-48x34.png 48w\" sizes=\"auto, (max-width: 156px) 100vw, 156px\" \/><\/figure><\/div>\n<\/div>\n<\/div>\n<\/div>\n\n\n\n<div class=\"wp-block-column is-layout-flow wp-block-column-is-layout-flow\" style=\"flex-basis:20%\">\n<div class=\"wp-block-image\"><figure class=\"aligncenter size-large is-resized\"><img loading=\"lazy\" decoding=\"async\" src=\"https:\/\/maus-of-music.com\/wp-content\/uploads\/2021\/06\/Maus-of-Music-logo-horizontal-1024x513.jpg\" alt=\"\" class=\"wp-image-365\" width=\"154\" height=\"77\" srcset=\"https:\/\/maus-of-music.com\/wp-content\/uploads\/2021\/06\/Maus-of-Music-logo-horizontal-1024x513.jpg 1024w, https:\/\/maus-of-music.com\/wp-content\/uploads\/2021\/06\/Maus-of-Music-logo-horizontal-600x300.jpg 600w, https:\/\/maus-of-music.com\/wp-content\/uploads\/2021\/06\/Maus-of-Music-logo-horizontal-300x150.jpg 300w, https:\/\/maus-of-music.com\/wp-content\/uploads\/2021\/06\/Maus-of-Music-logo-horizontal-768x385.jpg 768w, https:\/\/maus-of-music.com\/wp-content\/uploads\/2021\/06\/Maus-of-Music-logo-horizontal-1536x769.jpg 1536w, https:\/\/maus-of-music.com\/wp-content\/uploads\/2021\/06\/Maus-of-Music-logo-horizontal-24x12.jpg 24w, https:\/\/maus-of-music.com\/wp-content\/uploads\/2021\/06\/Maus-of-Music-logo-horizontal-36x18.jpg 36w, https:\/\/maus-of-music.com\/wp-content\/uploads\/2021\/06\/Maus-of-Music-logo-horizontal-48x24.jpg 48w, https:\/\/maus-of-music.com\/wp-content\/uploads\/2021\/06\/Maus-of-Music-logo-horizontal.jpg 1969w\" sizes=\"auto, (max-width: 154px) 100vw, 154px\" \/><\/figure><\/div>\n\n\n\n<p class=\"has-text-align-center\"><strong>Der Papagei fliegt auf Lesereise<\/strong><\/p>\n\n\n\n<div class=\"wp-block-image\"><figure class=\"aligncenter size-large\"><a href=\"https:\/\/maus-of-music.com\/?page_id=517\"><img loading=\"lazy\" decoding=\"async\" width=\"121\" height=\"94\" src=\"https:\/\/maus-of-music.com\/wp-content\/uploads\/2021\/06\/101.png\" alt=\"\" class=\"wp-image-457\" srcset=\"https:\/\/maus-of-music.com\/wp-content\/uploads\/2021\/06\/101.png 121w, https:\/\/maus-of-music.com\/wp-content\/uploads\/2021\/06\/101-24x19.png 24w, https:\/\/maus-of-music.com\/wp-content\/uploads\/2021\/06\/101-36x28.png 36w, https:\/\/maus-of-music.com\/wp-content\/uploads\/2021\/06\/101-48x37.png 48w\" sizes=\"auto, (max-width: 121px) 100vw, 121px\" \/><\/a><\/figure><\/div>\n\n\n\n<p class=\"has-text-align-center\"><strong>Bestellung<\/strong><\/p>\n\n\n\n<div class=\"wp-block-image\"><figure class=\"aligncenter size-large\"><a href=\"https:\/\/maus-of-music.com\/?page_id=486\"><img loading=\"lazy\" decoding=\"async\" width=\"89\" height=\"125\" src=\"https:\/\/maus-of-music.com\/wp-content\/uploads\/2021\/06\/102-1.png\" alt=\"\" class=\"wp-image-460\" srcset=\"https:\/\/maus-of-music.com\/wp-content\/uploads\/2021\/06\/102-1.png 89w, https:\/\/maus-of-music.com\/wp-content\/uploads\/2021\/06\/102-1-17x24.png 17w, https:\/\/maus-of-music.com\/wp-content\/uploads\/2021\/06\/102-1-26x36.png 26w, https:\/\/maus-of-music.com\/wp-content\/uploads\/2021\/06\/102-1-34x48.png 34w\" sizes=\"auto, (max-width: 89px) 100vw, 89px\" \/><\/a><\/figure><\/div>\n\n\n\n<p class=\"has-text-align-center\"><strong>Der Papagei und seine Freunde<\/strong><\/p>\n\n\n\n<div class=\"wp-block-image\"><figure class=\"aligncenter size-large is-resized\"><img loading=\"lazy\" decoding=\"async\" src=\"https:\/\/maus-of-music.com\/wp-content\/uploads\/2021\/06\/103.png\" alt=\"\" class=\"wp-image-461\" width=\"67\" height=\"138\" srcset=\"https:\/\/maus-of-music.com\/wp-content\/uploads\/2021\/06\/103.png 78w, https:\/\/maus-of-music.com\/wp-content\/uploads\/2021\/06\/103-12x24.png 12w, https:\/\/maus-of-music.com\/wp-content\/uploads\/2021\/06\/103-18x36.png 18w, https:\/\/maus-of-music.com\/wp-content\/uploads\/2021\/06\/103-23x48.png 23w\" sizes=\"auto, (max-width: 67px) 100vw, 67px\" \/><\/figure><\/div>\n<\/div>\n<\/div>\n\n\n\n<center><iframe loading=\"lazy\" src=\"https:\/\/www.youtube.com\/embed\/ZEsjCflfkzQ\" title=\"YouTube video player\" allow=\"accelerometer; autoplay; clipboard-write; encrypted-media; gyroscope; picture-in-picture\" allowfullscreen=\"\" width=\"560\" height=\"315\" frameborder=\"0\"><\/iframe><\/center>\n\n\n\n<div class=\"wp-block-columns is-layout-flex wp-container-core-columns-is-layout-9d6595d7 wp-block-columns-is-layout-flex\">\n<div class=\"wp-block-column is-layout-flow wp-block-column-is-layout-flow\"><\/div>\n\n\n\n<div class=\"wp-block-column is-layout-flow wp-block-column-is-layout-flow\">\n<div class=\"wp-block-image\"><figure class=\"aligncenter size-large\"><img loading=\"lazy\" decoding=\"async\" width=\"178\" height=\"237\" src=\"https:\/\/maus-of-music.com\/wp-content\/uploads\/2021\/06\/125.png\" alt=\"\" class=\"wp-image-509\" srcset=\"https:\/\/maus-of-music.com\/wp-content\/uploads\/2021\/06\/125.png 178w, https:\/\/maus-of-music.com\/wp-content\/uploads\/2021\/06\/125-18x24.png 18w, https:\/\/maus-of-music.com\/wp-content\/uploads\/2021\/06\/125-27x36.png 27w, https:\/\/maus-of-music.com\/wp-content\/uploads\/2021\/06\/125-36x48.png 36w\" sizes=\"auto, (max-width: 178px) 100vw, 178px\" \/><\/figure><\/div>\n\n\n\n<p class=\"has-text-align-center\">Die 11-j\u00e4hrige Sheila Ertel singt die Rolle des  Nachbarsjungen Lukas.<\/p>\n\n\n\n<p class=\"has-text-align-center\">Klickt auf das Bild, um ihre Version des St\u00fcckes \u201eLasst  Uns Fliegen\u201c zu h\u00f6ren.<\/p>\n\n\n\n<p class=\"has-text-align-center\">(Auf der CD wird das Lied von Kindern der Klasse 2B der Grundschule Turmweg in Hamburg (Schuljahr 2008\/2009 gesungen.)<\/p>\n<\/div>\n\n\n\n<div class=\"wp-block-column is-layout-flow wp-block-column-is-layout-flow\">\n<div class=\"wp-block-image\"><figure class=\"aligncenter size-large\"><img loading=\"lazy\" decoding=\"async\" width=\"238\" height=\"152\" src=\"https:\/\/maus-of-music.com\/wp-content\/uploads\/2021\/06\/126.png\" alt=\"\" class=\"wp-image-510\" srcset=\"https:\/\/maus-of-music.com\/wp-content\/uploads\/2021\/06\/126.png 238w, https:\/\/maus-of-music.com\/wp-content\/uploads\/2021\/06\/126-140x90.png 140w, https:\/\/maus-of-music.com\/wp-content\/uploads\/2021\/06\/126-24x15.png 24w, https:\/\/maus-of-music.com\/wp-content\/uploads\/2021\/06\/126-36x23.png 36w, https:\/\/maus-of-music.com\/wp-content\/uploads\/2021\/06\/126-48x31.png 48w\" sizes=\"auto, (max-width: 238px) 100vw, 238px\" \/><\/figure><\/div>\n\n\n\n<p class=\"has-text-align-center\">Christoph Maus (Der Papagei aus Paraguay) und Titus Witt (in der Rolle des Operns\u00e4ngers Don Hugo) singen gemeinsam mit der Klasse 2B der Grundschule Turmweg, Hamburg(Schuljahr 2008\/2009) das Lied \u201eHallo Operns\u00e4nger\u201c. <\/p>\n\n\n\n<p class=\"has-text-align-center\">Klickt auf das Bild, um diese Live <br>Aufnahme zu h\u00f6ren. <\/p>\n\n\n\n<p class=\"has-text-align-center\">Sie ist auf der CD nicht erh\u00e4ltlich<\/p>\n<\/div>\n\n\n\n<div class=\"wp-block-column is-layout-flow wp-block-column-is-layout-flow\"><\/div>\n<\/div>\n\n\n\n<div class=\"wp-block-columns is-layout-flex wp-container-core-columns-is-layout-9d6595d7 wp-block-columns-is-layout-flex\">\n<div class=\"wp-block-column is-layout-flow wp-block-column-is-layout-flow\"><\/div>\n\n\n\n<div class=\"wp-block-column is-layout-flow wp-block-column-is-layout-flow\">\n<p class=\"has-text-align-center\"><strong>Alles was ihr braucht, sind Ohren: <\/strong><br>Frank Seele, <br>Produzent und Leiter der Musikaufnahmen auf der CD.<\/p>\n<\/div>\n\n\n\n<div class=\"wp-block-column is-layout-flow wp-block-column-is-layout-flow\">\n<div class=\"wp-block-image\"><figure class=\"aligncenter size-large\"><img loading=\"lazy\" decoding=\"async\" width=\"218\" height=\"164\" src=\"https:\/\/maus-of-music.com\/wp-content\/uploads\/2021\/06\/127.jpg\" alt=\"\" class=\"wp-image-515\" srcset=\"https:\/\/maus-of-music.com\/wp-content\/uploads\/2021\/06\/127.jpg 218w, https:\/\/maus-of-music.com\/wp-content\/uploads\/2021\/06\/127-24x18.jpg 24w, https:\/\/maus-of-music.com\/wp-content\/uploads\/2021\/06\/127-36x27.jpg 36w, https:\/\/maus-of-music.com\/wp-content\/uploads\/2021\/06\/127-48x36.jpg 48w\" sizes=\"auto, (max-width: 218px) 100vw, 218px\" \/><\/figure><\/div>\n<\/div>\n\n\n\n<div class=\"wp-block-column is-layout-flow wp-block-column-is-layout-flow\"><\/div>\n<\/div>\n","protected":false},"excerpt":{"rendered":"<p>Beispielseiten H\u00f6rproben Fanpost und Presse &#8222;Der Papagei aus Paraguay &#8230; und die Tonleiter zum Mond&#8220; Ein fantasievolles Kinderbuch mit Musik. Inklusive Mini Pop Oper auf CD. F\u00fcr pfiffige Menschen, klein und gro\u00df. Ab 5 Jahren. Texte und Musik von Christoph MausIllustrationen von Florin Schmidt Reich bebildert &#8211; 32 Seiten- DIN A 4 Format &#8211; Hardcover, Musik CD mit 5 Liedern. [&hellip;]<\/p>\n","protected":false},"author":2,"featured_media":0,"parent":0,"menu_order":0,"comment_status":"closed","ping_status":"closed","template":"template-fullwidth.php","meta":{"om_disable_all_campaigns":false,"_monsterinsights_skip_tracking":false,"_monsterinsights_sitenote_active":false,"_monsterinsights_sitenote_note":"","_monsterinsights_sitenote_category":0,"footnotes":""},"class_list":["post-488","page","type-page","status-publish","hentry"],"aioseo_notices":[],"_links":{"self":[{"href":"https:\/\/maus-of-music.com\/index.php?rest_route=\/wp\/v2\/pages\/488","targetHints":{"allow":["GET"]}}],"collection":[{"href":"https:\/\/maus-of-music.com\/index.php?rest_route=\/wp\/v2\/pages"}],"about":[{"href":"https:\/\/maus-of-music.com\/index.php?rest_route=\/wp\/v2\/types\/page"}],"author":[{"embeddable":true,"href":"https:\/\/maus-of-music.com\/index.php?rest_route=\/wp\/v2\/users\/2"}],"replies":[{"embeddable":true,"href":"https:\/\/maus-of-music.com\/index.php?rest_route=%2Fwp%2Fv2%2Fcomments&post=488"}],"version-history":[{"count":19,"href":"https:\/\/maus-of-music.com\/index.php?rest_route=\/wp\/v2\/pages\/488\/revisions"}],"predecessor-version":[{"id":637,"href":"https:\/\/maus-of-music.com\/index.php?rest_route=\/wp\/v2\/pages\/488\/revisions\/637"}],"wp:attachment":[{"href":"https:\/\/maus-of-music.com\/index.php?rest_route=%2Fwp%2Fv2%2Fmedia&parent=488"}],"curies":[{"name":"wp","href":"https:\/\/api.w.org\/{rel}","templated":true}]}}