{"id":470,"date":"2021-06-26T10:25:23","date_gmt":"2021-06-26T10:25:23","guid":{"rendered":"https:\/\/maus-of-music.com\/?page_id=470"},"modified":"2021-09-12T13:23:25","modified_gmt":"2021-09-12T13:23:25","slug":"der-papagei-aus-paraguay","status":"publish","type":"page","link":"https:\/\/maus-of-music.com\/?page_id=470","title":{"rendered":"Der Papagei aus Paraguay"},"content":{"rendered":"\n<div class=\"wp-block-columns is-layout-flex wp-container-core-columns-is-layout-9d6595d7 wp-block-columns-is-layout-flex\">\n<div class=\"wp-block-column is-layout-flow wp-block-column-is-layout-flow\" style=\"flex-basis:20%\">\n<div class=\"wp-block-image\"><figure class=\"aligncenter size-large is-resized\"><a href=\"https:\/\/maus-of-music.com\/?page_id=470\"><img loading=\"lazy\" decoding=\"async\" src=\"https:\/\/maus-of-music.com\/wp-content\/uploads\/2021\/06\/95-1.png\" alt=\"\" class=\"wp-image-452\" width=\"165\" height=\"97\" srcset=\"https:\/\/maus-of-music.com\/wp-content\/uploads\/2021\/06\/95-1.png 174w, https:\/\/maus-of-music.com\/wp-content\/uploads\/2021\/06\/95-1-24x14.png 24w, https:\/\/maus-of-music.com\/wp-content\/uploads\/2021\/06\/95-1-36x21.png 36w, https:\/\/maus-of-music.com\/wp-content\/uploads\/2021\/06\/95-1-48x28.png 48w\" sizes=\"auto, (max-width: 165px) 100vw, 165px\" \/><\/a><\/figure><\/div>\n\n\n\n<p class=\"has-text-align-center\"><strong>Beispielseiten<\/strong><\/p>\n\n\n\n<div class=\"wp-block-image\"><figure class=\"aligncenter size-large\"><a href=\"https:\/\/maus-of-music.com\/?page_id=381\"><img loading=\"lazy\" decoding=\"async\" width=\"182\" height=\"88\" src=\"https:\/\/maus-of-music.com\/wp-content\/uploads\/2021\/06\/98.png\" alt=\"\" class=\"wp-image-454\" srcset=\"https:\/\/maus-of-music.com\/wp-content\/uploads\/2021\/06\/98.png 182w, https:\/\/maus-of-music.com\/wp-content\/uploads\/2021\/06\/98-24x12.png 24w, https:\/\/maus-of-music.com\/wp-content\/uploads\/2021\/06\/98-36x17.png 36w, https:\/\/maus-of-music.com\/wp-content\/uploads\/2021\/06\/98-48x23.png 48w\" sizes=\"auto, (max-width: 182px) 100vw, 182px\" \/><\/a><\/figure><\/div>\n\n\n\n<p class=\"has-text-align-center\"><strong>H\u00f6rproben<\/strong><\/p>\n\n\n\n<div class=\"wp-block-image\"><figure class=\"aligncenter size-large\"><a href=\"https:\/\/maus-of-music.com\/?page_id=488\"><img loading=\"lazy\" decoding=\"async\" width=\"149\" height=\"105\" src=\"https:\/\/maus-of-music.com\/wp-content\/uploads\/2021\/06\/99.png\" alt=\"\" class=\"wp-image-453\" srcset=\"https:\/\/maus-of-music.com\/wp-content\/uploads\/2021\/06\/99.png 149w, https:\/\/maus-of-music.com\/wp-content\/uploads\/2021\/06\/99-100x70.png 100w, https:\/\/maus-of-music.com\/wp-content\/uploads\/2021\/06\/99-24x17.png 24w, https:\/\/maus-of-music.com\/wp-content\/uploads\/2021\/06\/99-36x25.png 36w, https:\/\/maus-of-music.com\/wp-content\/uploads\/2021\/06\/99-48x34.png 48w\" sizes=\"auto, (max-width: 149px) 100vw, 149px\" \/><\/a><\/figure><\/div>\n\n\n\n<p class=\"has-text-align-center\"><strong>Fanpost und Presse<\/strong><\/p>\n\n\n\n<div class=\"wp-block-image\"><figure class=\"aligncenter size-large\"><a href=\"https:\/\/maus-of-music.com\/?page_id=531\"><img loading=\"lazy\" decoding=\"async\" width=\"139\" height=\"154\" src=\"https:\/\/maus-of-music.com\/wp-content\/uploads\/2021\/06\/100.png\" alt=\"\" class=\"wp-image-455\" srcset=\"https:\/\/maus-of-music.com\/wp-content\/uploads\/2021\/06\/100.png 139w, https:\/\/maus-of-music.com\/wp-content\/uploads\/2021\/06\/100-22x24.png 22w, https:\/\/maus-of-music.com\/wp-content\/uploads\/2021\/06\/100-32x36.png 32w, https:\/\/maus-of-music.com\/wp-content\/uploads\/2021\/06\/100-43x48.png 43w\" sizes=\"auto, (max-width: 139px) 100vw, 139px\" \/><\/a><\/figure><\/div>\n<\/div>\n\n\n\n<div class=\"wp-block-column is-layout-flow wp-block-column-is-layout-flow\">\n<p class=\"has-text-align-center\"><strong>&#8222;Der Papagei aus Paraguay &#8230; und die Tonleiter zum Mond&#8220; <\/strong><\/p>\n\n\n\n<p class=\"has-text-align-center\"><strong>Ein fantasievolles Kinderbuch mit Musik. Inklusive Mini Pop Oper auf CD. F\u00fcr pfiffige Menschen, klein und gro\u00df. Ab 5 Jahren.<\/strong><\/p>\n\n\n\n<div class=\"wp-block-image\"><figure class=\"aligncenter size-large\"><img loading=\"lazy\" decoding=\"async\" width=\"585\" height=\"413\" src=\"https:\/\/maus-of-music.com\/wp-content\/uploads\/2021\/06\/97.png\" alt=\"\" class=\"wp-image-448\" srcset=\"https:\/\/maus-of-music.com\/wp-content\/uploads\/2021\/06\/97.png 585w, https:\/\/maus-of-music.com\/wp-content\/uploads\/2021\/06\/97-300x212.png 300w, https:\/\/maus-of-music.com\/wp-content\/uploads\/2021\/06\/97-100x70.png 100w, https:\/\/maus-of-music.com\/wp-content\/uploads\/2021\/06\/97-24x17.png 24w, https:\/\/maus-of-music.com\/wp-content\/uploads\/2021\/06\/97-36x25.png 36w, https:\/\/maus-of-music.com\/wp-content\/uploads\/2021\/06\/97-48x34.png 48w\" sizes=\"auto, (max-width: 585px) 100vw, 585px\" \/><\/figure><\/div>\n\n\n\n<p><em>Ein faszinierendes Abenteuer, welches der Papagei aus Paraguay und seine Freunde, der Nachbarsjunge Lukas und der Operns\u00e4nger Don Hugo, hier erleben! Der Operns\u00e4nger ist in der Lage, Tonleitern zu singen, auf denen er hinaufklettern kann. Er m\u00f6chte eine Tonleiter zum Mond singen um dorthin zu gelangen. Doch der ist viel zu weit &#8211; Don Hugo schafft es nicht und st\u00fcrzt ab. <\/em><\/p>\n\n\n\n<p><em>Der Papagei aus Paraguay und Lukas m\u00fcssen ihn suchen &#8230;<\/em><\/p>\n\n\n\n<center><iframe loading=\"lazy\" src=\"https:\/\/www.youtube.com\/embed\/a2j9N3oAjXw\" title=\"YouTube video player\" allow=\"accelerometer; autoplay; clipboard-write; encrypted-media; gyroscope; picture-in-picture\" allowfullscreen=\"\" width=\"560\" height=\"315\" frameborder=\"0\"><\/iframe><\/center>\n<\/div>\n\n\n\n<div class=\"wp-block-column is-layout-flow wp-block-column-is-layout-flow\" style=\"flex-basis:20%\">\n<div class=\"wp-block-image\"><figure class=\"aligncenter size-large is-resized\"><a href=\"https:\/\/maus-of-music.com\/\"><img loading=\"lazy\" decoding=\"async\" src=\"https:\/\/maus-of-music.com\/wp-content\/uploads\/2021\/06\/Maus-of-Music-logo-horizontal-1024x513.jpg\" alt=\"\" class=\"wp-image-365\" width=\"154\" height=\"77\" srcset=\"https:\/\/maus-of-music.com\/wp-content\/uploads\/2021\/06\/Maus-of-Music-logo-horizontal-1024x513.jpg 1024w, https:\/\/maus-of-music.com\/wp-content\/uploads\/2021\/06\/Maus-of-Music-logo-horizontal-600x300.jpg 600w, https:\/\/maus-of-music.com\/wp-content\/uploads\/2021\/06\/Maus-of-Music-logo-horizontal-300x150.jpg 300w, https:\/\/maus-of-music.com\/wp-content\/uploads\/2021\/06\/Maus-of-Music-logo-horizontal-768x385.jpg 768w, https:\/\/maus-of-music.com\/wp-content\/uploads\/2021\/06\/Maus-of-Music-logo-horizontal-1536x769.jpg 1536w, https:\/\/maus-of-music.com\/wp-content\/uploads\/2021\/06\/Maus-of-Music-logo-horizontal-24x12.jpg 24w, https:\/\/maus-of-music.com\/wp-content\/uploads\/2021\/06\/Maus-of-Music-logo-horizontal-36x18.jpg 36w, https:\/\/maus-of-music.com\/wp-content\/uploads\/2021\/06\/Maus-of-Music-logo-horizontal-48x24.jpg 48w, https:\/\/maus-of-music.com\/wp-content\/uploads\/2021\/06\/Maus-of-Music-logo-horizontal.jpg 1969w\" sizes=\"auto, (max-width: 154px) 100vw, 154px\" \/><\/a><\/figure><\/div>\n\n\n\n<p class=\"has-text-align-center\"><strong>Der Papagei fliegt auf Lesereise<\/strong><\/p>\n\n\n\n<div class=\"wp-block-image\"><figure class=\"aligncenter size-large\"><a href=\"https:\/\/maus-of-music.com\/?page_id=531\"><img loading=\"lazy\" decoding=\"async\" width=\"121\" height=\"94\" src=\"https:\/\/maus-of-music.com\/wp-content\/uploads\/2021\/06\/101.png\" alt=\"\" class=\"wp-image-457\" srcset=\"https:\/\/maus-of-music.com\/wp-content\/uploads\/2021\/06\/101.png 121w, https:\/\/maus-of-music.com\/wp-content\/uploads\/2021\/06\/101-24x19.png 24w, https:\/\/maus-of-music.com\/wp-content\/uploads\/2021\/06\/101-36x28.png 36w, https:\/\/maus-of-music.com\/wp-content\/uploads\/2021\/06\/101-48x37.png 48w\" sizes=\"auto, (max-width: 121px) 100vw, 121px\" \/><\/a><\/figure><\/div>\n\n\n\n<p class=\"has-text-align-center\"><strong>Bestellung<\/strong><\/p>\n\n\n\n<div class=\"wp-block-image\"><figure class=\"aligncenter size-large\"><a href=\"https:\/\/maus-of-music.com\/?page_id=486\"><img loading=\"lazy\" decoding=\"async\" width=\"89\" height=\"125\" src=\"https:\/\/maus-of-music.com\/wp-content\/uploads\/2021\/06\/102-1.png\" alt=\"\" class=\"wp-image-460\" srcset=\"https:\/\/maus-of-music.com\/wp-content\/uploads\/2021\/06\/102-1.png 89w, https:\/\/maus-of-music.com\/wp-content\/uploads\/2021\/06\/102-1-17x24.png 17w, https:\/\/maus-of-music.com\/wp-content\/uploads\/2021\/06\/102-1-26x36.png 26w, https:\/\/maus-of-music.com\/wp-content\/uploads\/2021\/06\/102-1-34x48.png 34w\" sizes=\"auto, (max-width: 89px) 100vw, 89px\" \/><\/a><\/figure><\/div>\n\n\n\n<p class=\"has-text-align-center\"><strong>Der Papagei und seine Freunde<\/strong><\/p>\n\n\n\n<div class=\"wp-block-image\"><figure class=\"aligncenter size-large is-resized\"><img loading=\"lazy\" decoding=\"async\" src=\"https:\/\/maus-of-music.com\/wp-content\/uploads\/2021\/06\/103.png\" alt=\"\" class=\"wp-image-461\" width=\"67\" height=\"138\" srcset=\"https:\/\/maus-of-music.com\/wp-content\/uploads\/2021\/06\/103.png 78w, https:\/\/maus-of-music.com\/wp-content\/uploads\/2021\/06\/103-12x24.png 12w, https:\/\/maus-of-music.com\/wp-content\/uploads\/2021\/06\/103-18x36.png 18w, https:\/\/maus-of-music.com\/wp-content\/uploads\/2021\/06\/103-23x48.png 23w\" sizes=\"auto, (max-width: 67px) 100vw, 67px\" \/><\/figure><\/div>\n<\/div>\n<\/div>\n\n\n\n<p><\/p>\n","protected":false},"excerpt":{"rendered":"<p>Beispielseiten H\u00f6rproben Fanpost und Presse &#8222;Der Papagei aus Paraguay &#8230; und die Tonleiter zum Mond&#8220; Ein fantasievolles Kinderbuch mit Musik. Inklusive Mini Pop Oper auf CD. F\u00fcr pfiffige Menschen, klein und gro\u00df. Ab 5 Jahren. Ein faszinierendes Abenteuer, welches der Papagei aus Paraguay und seine Freunde, der Nachbarsjunge Lukas und der Operns\u00e4nger Don Hugo, hier erleben! Der Operns\u00e4nger ist in [&hellip;]<\/p>\n","protected":false},"author":2,"featured_media":0,"parent":0,"menu_order":0,"comment_status":"closed","ping_status":"closed","template":"template-fullwidth.php","meta":{"om_disable_all_campaigns":false,"_monsterinsights_skip_tracking":false,"_monsterinsights_sitenote_active":false,"_monsterinsights_sitenote_note":"","_monsterinsights_sitenote_category":0,"footnotes":""},"class_list":["post-470","page","type-page","status-publish","hentry"],"aioseo_notices":[],"_links":{"self":[{"href":"https:\/\/maus-of-music.com\/index.php?rest_route=\/wp\/v2\/pages\/470","targetHints":{"allow":["GET"]}}],"collection":[{"href":"https:\/\/maus-of-music.com\/index.php?rest_route=\/wp\/v2\/pages"}],"about":[{"href":"https:\/\/maus-of-music.com\/index.php?rest_route=\/wp\/v2\/types\/page"}],"author":[{"embeddable":true,"href":"https:\/\/maus-of-music.com\/index.php?rest_route=\/wp\/v2\/users\/2"}],"replies":[{"embeddable":true,"href":"https:\/\/maus-of-music.com\/index.php?rest_route=%2Fwp%2Fv2%2Fcomments&post=470"}],"version-history":[{"count":3,"href":"https:\/\/maus-of-music.com\/index.php?rest_route=\/wp\/v2\/pages\/470\/revisions"}],"predecessor-version":[{"id":641,"href":"https:\/\/maus-of-music.com\/index.php?rest_route=\/wp\/v2\/pages\/470\/revisions\/641"}],"wp:attachment":[{"href":"https:\/\/maus-of-music.com\/index.php?rest_route=%2Fwp%2Fv2%2Fmedia&parent=470"}],"curies":[{"name":"wp","href":"https:\/\/api.w.org\/{rel}","templated":true}]}}