{"id":432,"date":"2021-06-25T06:42:27","date_gmt":"2021-06-25T06:42:27","guid":{"rendered":"https:\/\/maus-of-music.com\/?page_id=432"},"modified":"2025-01-13T15:24:19","modified_gmt":"2025-01-13T15:24:19","slug":"tamla-motown-reviews-kritiken","status":"publish","type":"page","link":"https:\/\/maus-of-music.com\/?page_id=432","title":{"rendered":"Tamla Motown Reviews\/Kritiken"},"content":{"rendered":"\n<h2 class=\"wp-block-heading\"><br><strong>TAMLA MOTOWN WORLDWIDE I Reviews\/Kritiken<\/strong><\/h2>\n\n\n\n<div class=\"wp-block-columns is-layout-flex wp-container-core-columns-is-layout-9d6595d7 wp-block-columns-is-layout-flex\">\n<div class=\"wp-block-column is-layout-flow wp-block-column-is-layout-flow\">\n<p class=\"has-text-align-center\"><strong>MINT Magazin f\u00fcr Vinyl Kultur<br>Dezember 2020<\/strong><\/p>\n\n\n\n<figure class=\"wp-block-image size-large\"><img loading=\"lazy\" decoding=\"async\" width=\"1024\" height=\"441\" src=\"https:\/\/maus-of-music.com\/wp-content\/uploads\/2021\/06\/Tamla-Motown-WW-im-MINT-17.12.20-1024x441.jpg\" alt=\"\" class=\"wp-image-435\" srcset=\"https:\/\/maus-of-music.com\/wp-content\/uploads\/2021\/06\/Tamla-Motown-WW-im-MINT-17.12.20-1024x441.jpg 1024w, https:\/\/maus-of-music.com\/wp-content\/uploads\/2021\/06\/Tamla-Motown-WW-im-MINT-17.12.20-scaled-600x258.jpg 600w, https:\/\/maus-of-music.com\/wp-content\/uploads\/2021\/06\/Tamla-Motown-WW-im-MINT-17.12.20-300x129.jpg 300w, https:\/\/maus-of-music.com\/wp-content\/uploads\/2021\/06\/Tamla-Motown-WW-im-MINT-17.12.20-768x331.jpg 768w, https:\/\/maus-of-music.com\/wp-content\/uploads\/2021\/06\/Tamla-Motown-WW-im-MINT-17.12.20-1536x661.jpg 1536w, https:\/\/maus-of-music.com\/wp-content\/uploads\/2021\/06\/Tamla-Motown-WW-im-MINT-17.12.20-2048x882.jpg 2048w, https:\/\/maus-of-music.com\/wp-content\/uploads\/2021\/06\/Tamla-Motown-WW-im-MINT-17.12.20-24x10.jpg 24w, https:\/\/maus-of-music.com\/wp-content\/uploads\/2021\/06\/Tamla-Motown-WW-im-MINT-17.12.20-36x15.jpg 36w, https:\/\/maus-of-music.com\/wp-content\/uploads\/2021\/06\/Tamla-Motown-WW-im-MINT-17.12.20-48x21.jpg 48w\" sizes=\"auto, (max-width: 1024px) 100vw, 1024px\" \/><\/figure>\n\n\n\n<div class=\"wp-block-columns is-layout-flex wp-container-core-columns-is-layout-9d6595d7 wp-block-columns-is-layout-flex\">\n<div class=\"wp-block-column is-layout-flow wp-block-column-is-layout-flow\" style=\"flex-basis:40%\"><div class=\"wp-block-image\">\n<figure data-wp-context=\"{&quot;imageId&quot;:&quot;69dc21dba679f&quot;}\" data-wp-interactive=\"core\/image\" data-wp-key=\"69dc21dba679f\" class=\"aligncenter size-large wp-lightbox-container\"><img loading=\"lazy\" decoding=\"async\" width=\"746\" height=\"1024\" data-wp-class--hide=\"state.isContentHidden\" data-wp-class--show=\"state.isContentVisible\" data-wp-init=\"callbacks.setButtonStyles\" data-wp-on--click=\"actions.showLightbox\" data-wp-on--load=\"callbacks.setButtonStyles\" data-wp-on-window--resize=\"callbacks.setButtonStyles\" src=\"https:\/\/maus-of-music.com\/wp-content\/uploads\/2021\/06\/Motown-Buch-MINT-Kritik-12-20-746x1024.jpg\" alt=\"\" class=\"wp-image-433\" srcset=\"https:\/\/maus-of-music.com\/wp-content\/uploads\/2021\/06\/Motown-Buch-MINT-Kritik-12-20-746x1024.jpg 746w, https:\/\/maus-of-music.com\/wp-content\/uploads\/2021\/06\/Motown-Buch-MINT-Kritik-12-20-scaled-600x824.jpg 600w, https:\/\/maus-of-music.com\/wp-content\/uploads\/2021\/06\/Motown-Buch-MINT-Kritik-12-20-219x300.jpg 219w, https:\/\/maus-of-music.com\/wp-content\/uploads\/2021\/06\/Motown-Buch-MINT-Kritik-12-20-768x1054.jpg 768w, https:\/\/maus-of-music.com\/wp-content\/uploads\/2021\/06\/Motown-Buch-MINT-Kritik-12-20-1119x1536.jpg 1119w, https:\/\/maus-of-music.com\/wp-content\/uploads\/2021\/06\/Motown-Buch-MINT-Kritik-12-20-1492x2048.jpg 1492w, https:\/\/maus-of-music.com\/wp-content\/uploads\/2021\/06\/Motown-Buch-MINT-Kritik-12-20-17x24.jpg 17w, https:\/\/maus-of-music.com\/wp-content\/uploads\/2021\/06\/Motown-Buch-MINT-Kritik-12-20-26x36.jpg 26w, https:\/\/maus-of-music.com\/wp-content\/uploads\/2021\/06\/Motown-Buch-MINT-Kritik-12-20-35x48.jpg 35w, https:\/\/maus-of-music.com\/wp-content\/uploads\/2021\/06\/Motown-Buch-MINT-Kritik-12-20-scaled.jpg 1865w\" sizes=\"auto, (max-width: 746px) 100vw, 746px\" \/><button\n\t\t\tclass=\"lightbox-trigger\"\n\t\t\ttype=\"button\"\n\t\t\taria-haspopup=\"dialog\"\n\t\t\taria-label=\"Vergr\u00f6\u00dfern\"\n\t\t\tdata-wp-init=\"callbacks.initTriggerButton\"\n\t\t\tdata-wp-on--click=\"actions.showLightbox\"\n\t\t\tdata-wp-style--right=\"state.imageButtonRight\"\n\t\t\tdata-wp-style--top=\"state.imageButtonTop\"\n\t\t>\n\t\t\t<svg xmlns=\"http:\/\/www.w3.org\/2000\/svg\" width=\"12\" height=\"12\" fill=\"none\" viewBox=\"0 0 12 12\">\n\t\t\t\t<path fill=\"#fff\" d=\"M2 0a2 2 0 0 0-2 2v2h1.5V2a.5.5 0 0 1 .5-.5h2V0H2Zm2 10.5H2a.5.5 0 0 1-.5-.5V8H0v2a2 2 0 0 0 2 2h2v-1.5ZM8 12v-1.5h2a.5.5 0 0 0 .5-.5V8H12v2a2 2 0 0 1-2 2H8Zm2-12a2 2 0 0 1 2 2v2h-1.5V2a.5.5 0 0 0-.5-.5H8V0h2Z\" \/>\n\t\t\t<\/svg>\n\t\t<\/button><\/figure>\n<\/div><\/div>\n\n\n\n<div class=\"wp-block-column is-layout-flow wp-block-column-is-layout-flow\" style=\"flex-basis:60%\">\n<p>Traumfabrik Hitsville<\/p>\n\n\n\n<p>Mit Tamla Motown Worldwide erscheint das ultimative Nachschlagewerk zu allen LP-Ver\u00f6ffentlichungen, die zwischen 1959 und 1972 von MOTOWN, dem bekanntesten Soul-Label der Welt, herausgebracht wurden. (&#8230;) Die Abbildungen werden erg\u00e4nzt durch Informationen zu Ver\u00f6ffentlichungsdaten, Katalognummern, Titellisten und n\u00fctzliches Hintergrundwissen. (&#8230;) Mehr geht nicht? Doch: F\u00fcr Herbst 2021 plant Maus den zweitenvBand mit allen originalen Motown-Singles und EPs.<\/p>\n<\/div>\n<\/div>\n\n\n\n<p class=\"has-text-align-center\"><strong>East Anglian Daily Times, 26.06.2021<\/strong><\/p>\n\n\n\n<div class=\"wp-block-columns is-layout-flex wp-container-core-columns-is-layout-9d6595d7 wp-block-columns-is-layout-flex\">\n<div class=\"wp-block-column is-layout-flow wp-block-column-is-layout-flow\" style=\"flex-basis:40%\">\n<figure data-wp-context=\"{&quot;imageId&quot;:&quot;69dc21dba700b&quot;}\" data-wp-interactive=\"core\/image\" data-wp-key=\"69dc21dba700b\" class=\"wp-block-image size-large wp-lightbox-container\"><img loading=\"lazy\" decoding=\"async\" width=\"449\" height=\"1024\" data-wp-class--hide=\"state.isContentHidden\" data-wp-class--show=\"state.isContentVisible\" data-wp-init=\"callbacks.setButtonStyles\" data-wp-on--click=\"actions.showLightbox\" data-wp-on--load=\"callbacks.setButtonStyles\" data-wp-on-window--resize=\"callbacks.setButtonStyles\" src=\"https:\/\/maus-of-music.com\/wp-content\/uploads\/2021\/06\/Tamla-Motown-Review-East-Anglian-Daily-Times--449x1024.jpg\" alt=\"\" class=\"wp-image-572\" srcset=\"https:\/\/maus-of-music.com\/wp-content\/uploads\/2021\/06\/Tamla-Motown-Review-East-Anglian-Daily-Times--449x1024.jpg 449w, https:\/\/maus-of-music.com\/wp-content\/uploads\/2021\/06\/Tamla-Motown-Review-East-Anglian-Daily-Times--scaled-600x1369.jpg 600w, https:\/\/maus-of-music.com\/wp-content\/uploads\/2021\/06\/Tamla-Motown-Review-East-Anglian-Daily-Times--131x300.jpg 131w, https:\/\/maus-of-music.com\/wp-content\/uploads\/2021\/06\/Tamla-Motown-Review-East-Anglian-Daily-Times--768x1753.jpg 768w, https:\/\/maus-of-music.com\/wp-content\/uploads\/2021\/06\/Tamla-Motown-Review-East-Anglian-Daily-Times--673x1536.jpg 673w, https:\/\/maus-of-music.com\/wp-content\/uploads\/2021\/06\/Tamla-Motown-Review-East-Anglian-Daily-Times--897x2048.jpg 897w, https:\/\/maus-of-music.com\/wp-content\/uploads\/2021\/06\/Tamla-Motown-Review-East-Anglian-Daily-Times--11x24.jpg 11w, https:\/\/maus-of-music.com\/wp-content\/uploads\/2021\/06\/Tamla-Motown-Review-East-Anglian-Daily-Times--16x36.jpg 16w, https:\/\/maus-of-music.com\/wp-content\/uploads\/2021\/06\/Tamla-Motown-Review-East-Anglian-Daily-Times--21x48.jpg 21w, https:\/\/maus-of-music.com\/wp-content\/uploads\/2021\/06\/Tamla-Motown-Review-East-Anglian-Daily-Times--scaled.jpg 1122w\" sizes=\"auto, (max-width: 449px) 100vw, 449px\" \/><button\n\t\t\tclass=\"lightbox-trigger\"\n\t\t\ttype=\"button\"\n\t\t\taria-haspopup=\"dialog\"\n\t\t\taria-label=\"Vergr\u00f6\u00dfern\"\n\t\t\tdata-wp-init=\"callbacks.initTriggerButton\"\n\t\t\tdata-wp-on--click=\"actions.showLightbox\"\n\t\t\tdata-wp-style--right=\"state.imageButtonRight\"\n\t\t\tdata-wp-style--top=\"state.imageButtonTop\"\n\t\t>\n\t\t\t<svg xmlns=\"http:\/\/www.w3.org\/2000\/svg\" width=\"12\" height=\"12\" fill=\"none\" viewBox=\"0 0 12 12\">\n\t\t\t\t<path fill=\"#fff\" d=\"M2 0a2 2 0 0 0-2 2v2h1.5V2a.5.5 0 0 1 .5-.5h2V0H2Zm2 10.5H2a.5.5 0 0 1-.5-.5V8H0v2a2 2 0 0 0 2 2h2v-1.5ZM8 12v-1.5h2a.5.5 0 0 0 .5-.5V8H12v2a2 2 0 0 1-2 2H8Zm2-12a2 2 0 0 1 2 2v2h-1.5V2a.5.5 0 0 0-.5-.5H8V0h2Z\" \/>\n\t\t\t<\/svg>\n\t\t<\/button><\/figure>\n<\/div>\n\n\n\n<div class=\"wp-block-column is-layout-flow wp-block-column-is-layout-flow\" style=\"flex-basis:60%\">\n<p>As a long time collector of Motown Music, memorabilia and books, I have always thought there to be a massive gap in fans knowledge. What we all needed (without perhaps realising it) was a tome such as this- a beautifully illustrated LP discography of the labels LPs showing original album covers and worldwide variants.<\/p>\n<\/div>\n<\/div>\n<\/div>\n\n\n\n<div class=\"wp-block-column is-layout-flow wp-block-column-is-layout-flow\">\n<p class=\"has-text-align-center\"><strong>GOOD TIMES, <br>Ausgabe 1 2021<\/strong><\/p>\n\n\n\n<div class=\"wp-block-columns is-layout-flex wp-container-core-columns-is-layout-9d6595d7 wp-block-columns-is-layout-flex\">\n<div class=\"wp-block-column is-layout-flow wp-block-column-is-layout-flow\" style=\"flex-basis:40%\"><div class=\"wp-block-image\">\n<figure data-wp-context=\"{&quot;imageId&quot;:&quot;69dc21dba76b9&quot;}\" data-wp-interactive=\"core\/image\" data-wp-key=\"69dc21dba76b9\" class=\"aligncenter size-large wp-lightbox-container\"><img loading=\"lazy\" decoding=\"async\" width=\"802\" height=\"1024\" data-wp-class--hide=\"state.isContentHidden\" data-wp-class--show=\"state.isContentVisible\" data-wp-init=\"callbacks.setButtonStyles\" data-wp-on--click=\"actions.showLightbox\" data-wp-on--load=\"callbacks.setButtonStyles\" data-wp-on-window--resize=\"callbacks.setButtonStyles\" src=\"https:\/\/maus-of-music.com\/wp-content\/uploads\/2021\/06\/Tamla-Motown-Kriik-im-GOOD-TIMES-Ausgabe-1-2021-802x1024.jpg\" alt=\"\" class=\"wp-image-434\" srcset=\"https:\/\/maus-of-music.com\/wp-content\/uploads\/2021\/06\/Tamla-Motown-Kriik-im-GOOD-TIMES-Ausgabe-1-2021-802x1024.jpg 802w, https:\/\/maus-of-music.com\/wp-content\/uploads\/2021\/06\/Tamla-Motown-Kriik-im-GOOD-TIMES-Ausgabe-1-2021-600x766.jpg 600w, https:\/\/maus-of-music.com\/wp-content\/uploads\/2021\/06\/Tamla-Motown-Kriik-im-GOOD-TIMES-Ausgabe-1-2021-235x300.jpg 235w, https:\/\/maus-of-music.com\/wp-content\/uploads\/2021\/06\/Tamla-Motown-Kriik-im-GOOD-TIMES-Ausgabe-1-2021-768x980.jpg 768w, https:\/\/maus-of-music.com\/wp-content\/uploads\/2021\/06\/Tamla-Motown-Kriik-im-GOOD-TIMES-Ausgabe-1-2021-1203x1536.jpg 1203w, https:\/\/maus-of-music.com\/wp-content\/uploads\/2021\/06\/Tamla-Motown-Kriik-im-GOOD-TIMES-Ausgabe-1-2021-19x24.jpg 19w, https:\/\/maus-of-music.com\/wp-content\/uploads\/2021\/06\/Tamla-Motown-Kriik-im-GOOD-TIMES-Ausgabe-1-2021-28x36.jpg 28w, https:\/\/maus-of-music.com\/wp-content\/uploads\/2021\/06\/Tamla-Motown-Kriik-im-GOOD-TIMES-Ausgabe-1-2021-38x48.jpg 38w, https:\/\/maus-of-music.com\/wp-content\/uploads\/2021\/06\/Tamla-Motown-Kriik-im-GOOD-TIMES-Ausgabe-1-2021.jpg 1330w\" sizes=\"auto, (max-width: 802px) 100vw, 802px\" \/><button\n\t\t\tclass=\"lightbox-trigger\"\n\t\t\ttype=\"button\"\n\t\t\taria-haspopup=\"dialog\"\n\t\t\taria-label=\"Vergr\u00f6\u00dfern\"\n\t\t\tdata-wp-init=\"callbacks.initTriggerButton\"\n\t\t\tdata-wp-on--click=\"actions.showLightbox\"\n\t\t\tdata-wp-style--right=\"state.imageButtonRight\"\n\t\t\tdata-wp-style--top=\"state.imageButtonTop\"\n\t\t>\n\t\t\t<svg xmlns=\"http:\/\/www.w3.org\/2000\/svg\" width=\"12\" height=\"12\" fill=\"none\" viewBox=\"0 0 12 12\">\n\t\t\t\t<path fill=\"#fff\" d=\"M2 0a2 2 0 0 0-2 2v2h1.5V2a.5.5 0 0 1 .5-.5h2V0H2Zm2 10.5H2a.5.5 0 0 1-.5-.5V8H0v2a2 2 0 0 0 2 2h2v-1.5ZM8 12v-1.5h2a.5.5 0 0 0 .5-.5V8H12v2a2 2 0 0 1-2 2H8Zm2-12a2 2 0 0 1 2 2v2h-1.5V2a.5.5 0 0 0-.5-.5H8V0h2Z\" \/>\n\t\t\t<\/svg>\n\t\t<\/button><\/figure>\n<\/div><\/div>\n\n\n\n<div class=\"wp-block-column is-layout-flow wp-block-column-is-layout-flow\" style=\"flex-basis:60%\">\n<p>Immer wieder macht sich Christoph Maus auf Spurensuche in der Musik-(Geschichte), (&#8230;) Mit seinem neuen Buch ,,Tamla Motown Worldwide\u201d widmet er sich seiner heimlichen Liebe, der Soulmusik aus dem Hause Motown. (&#8230;) Natiirlich f\u00f6rdert das Schm\u00f6kern in diesem dicken Bildband auch die Lust, wieder einmal die alten Soulplatten aufzulegen,(&#8230;)<\/p>\n<\/div>\n<\/div>\n\n\n\n<div class=\"wp-block-columns is-layout-flex wp-container-core-columns-is-layout-9d6595d7 wp-block-columns-is-layout-flex\">\n<div class=\"wp-block-column is-layout-flow wp-block-column-is-layout-flow\">\n<p class=\"has-text-align-center\"><strong>ECLIPSED<br>M\u00e4rz 2021<\/strong><\/p>\n<\/div>\n<\/div>\n\n\n\n<div class=\"wp-block-columns is-layout-flex wp-container-core-columns-is-layout-9d6595d7 wp-block-columns-is-layout-flex\">\n<div class=\"wp-block-column is-layout-flow wp-block-column-is-layout-flow\" style=\"flex-basis:40%\"><div class=\"wp-block-image\">\n<figure data-wp-context=\"{&quot;imageId&quot;:&quot;69dc21dba7e56&quot;}\" data-wp-interactive=\"core\/image\" data-wp-key=\"69dc21dba7e56\" class=\"aligncenter size-large wp-lightbox-container\"><img loading=\"lazy\" decoding=\"async\" width=\"750\" height=\"1024\" data-wp-class--hide=\"state.isContentHidden\" data-wp-class--show=\"state.isContentVisible\" data-wp-init=\"callbacks.setButtonStyles\" data-wp-on--click=\"actions.showLightbox\" data-wp-on--load=\"callbacks.setButtonStyles\" data-wp-on-window--resize=\"callbacks.setButtonStyles\" src=\"https:\/\/maus-of-music.com\/wp-content\/uploads\/2021\/06\/TMWW-Kritik-im-ECLIPSED3-21-750x1024.jpg\" alt=\"\" class=\"wp-image-437\" srcset=\"https:\/\/maus-of-music.com\/wp-content\/uploads\/2021\/06\/TMWW-Kritik-im-ECLIPSED3-21-750x1024.jpg 750w, https:\/\/maus-of-music.com\/wp-content\/uploads\/2021\/06\/TMWW-Kritik-im-ECLIPSED3-21-600x820.jpg 600w, https:\/\/maus-of-music.com\/wp-content\/uploads\/2021\/06\/TMWW-Kritik-im-ECLIPSED3-21-220x300.jpg 220w, https:\/\/maus-of-music.com\/wp-content\/uploads\/2021\/06\/TMWW-Kritik-im-ECLIPSED3-21-768x1049.jpg 768w, https:\/\/maus-of-music.com\/wp-content\/uploads\/2021\/06\/TMWW-Kritik-im-ECLIPSED3-21-1124x1536.jpg 1124w, https:\/\/maus-of-music.com\/wp-content\/uploads\/2021\/06\/TMWW-Kritik-im-ECLIPSED3-21-18x24.jpg 18w, https:\/\/maus-of-music.com\/wp-content\/uploads\/2021\/06\/TMWW-Kritik-im-ECLIPSED3-21-26x36.jpg 26w, https:\/\/maus-of-music.com\/wp-content\/uploads\/2021\/06\/TMWW-Kritik-im-ECLIPSED3-21-35x48.jpg 35w, https:\/\/maus-of-music.com\/wp-content\/uploads\/2021\/06\/TMWW-Kritik-im-ECLIPSED3-21.jpg 1254w\" sizes=\"auto, (max-width: 750px) 100vw, 750px\" \/><button\n\t\t\tclass=\"lightbox-trigger\"\n\t\t\ttype=\"button\"\n\t\t\taria-haspopup=\"dialog\"\n\t\t\taria-label=\"Vergr\u00f6\u00dfern\"\n\t\t\tdata-wp-init=\"callbacks.initTriggerButton\"\n\t\t\tdata-wp-on--click=\"actions.showLightbox\"\n\t\t\tdata-wp-style--right=\"state.imageButtonRight\"\n\t\t\tdata-wp-style--top=\"state.imageButtonTop\"\n\t\t>\n\t\t\t<svg xmlns=\"http:\/\/www.w3.org\/2000\/svg\" width=\"12\" height=\"12\" fill=\"none\" viewBox=\"0 0 12 12\">\n\t\t\t\t<path fill=\"#fff\" d=\"M2 0a2 2 0 0 0-2 2v2h1.5V2a.5.5 0 0 1 .5-.5h2V0H2Zm2 10.5H2a.5.5 0 0 1-.5-.5V8H0v2a2 2 0 0 0 2 2h2v-1.5ZM8 12v-1.5h2a.5.5 0 0 0 .5-.5V8H12v2a2 2 0 0 1-2 2H8Zm2-12a2 2 0 0 1 2 2v2h-1.5V2a.5.5 0 0 0-.5-.5H8V0h2Z\" \/>\n\t\t\t<\/svg>\n\t\t<\/button><\/figure>\n<\/div><\/div>\n\n\n\n<div class=\"wp-block-column is-layout-flow wp-block-column-is-layout-flow\" style=\"flex-basis:60%\">\n<p>Wahnsinn! Hier vereinen sich mal wieder Liebesdienst, viel Schwei\u00df und eine beachtliche Sachkenntnis. Christoph Maus hat mit Hilfe des Niederl\u00e4nders Marc Janssen eine Anthologie der kompletten Ver\u00f6ffentlichungen des bedeutenden Motown-Konzerns zusammengestellt. (\u2026) Da aktuell meist nur die bekannten Interpreten wiederver\u00f6ffentlicht werden und damit auch die bekannten Cover &#8211; oder, schlimmer noch, vermeintlich ,,zeitgeistige\u201c Cover -, richtet sich das Buch nicht nur an Fans des Motown-Sounds, sondern auch an Forschungsreisende, die hier auf ein F\u00fcllhorn an Kreativit\u00e4t sto\u00dfen werden. Empfehlung<\/p>\n<\/div>\n<\/div>\n<\/div>\n<\/div>\n\n\n\n<h2 class=\"wp-block-heading\"><strong>TAMLA MOTOWN WORLDWIDE II Reviews\/Kritiken<\/strong><\/h2>\n\n\n\n<div class=\"wp-block-columns is-layout-flex wp-container-core-columns-is-layout-9d6595d7 wp-block-columns-is-layout-flex\">\n<div class=\"wp-block-column is-layout-flow wp-block-column-is-layout-flow\">\n<p class=\"has-text-align-center\"><strong>MINT Magazin f\u00fcr Vinyl Kultur<\/strong><br><strong>November 2024<\/strong> <\/p>\n<\/div>\n\n\n\n<div class=\"wp-block-column is-layout-flow wp-block-column-is-layout-flow\">\n<p class=\"has-text-align-center\"><strong>GOOD TIMES <br>Ausgabe 6 2024<\/strong><\/p>\n<\/div>\n<\/div>\n\n\n\n<div class=\"wp-block-columns is-layout-flex wp-container-core-columns-is-layout-9d6595d7 wp-block-columns-is-layout-flex\">\n<div class=\"wp-block-column is-layout-flow wp-block-column-is-layout-flow\">\n<figure class=\"wp-block-image size-large\"><img loading=\"lazy\" decoding=\"async\" width=\"1024\" height=\"467\" src=\"https:\/\/maus-of-music.com\/wp-content\/uploads\/2024\/11\/Rastergrafik-1024x467.png\" alt=\"\" class=\"wp-image-940\" srcset=\"https:\/\/maus-of-music.com\/wp-content\/uploads\/2024\/11\/Rastergrafik-1024x467.png 1024w, https:\/\/maus-of-music.com\/wp-content\/uploads\/2024\/11\/Rastergrafik-600x274.png 600w, https:\/\/maus-of-music.com\/wp-content\/uploads\/2024\/11\/Rastergrafik-300x137.png 300w, https:\/\/maus-of-music.com\/wp-content\/uploads\/2024\/11\/Rastergrafik-768x351.png 768w, https:\/\/maus-of-music.com\/wp-content\/uploads\/2024\/11\/Rastergrafik-1536x701.png 1536w, https:\/\/maus-of-music.com\/wp-content\/uploads\/2024\/11\/Rastergrafik-2048x935.png 2048w, https:\/\/maus-of-music.com\/wp-content\/uploads\/2024\/11\/Rastergrafik-24x11.png 24w, https:\/\/maus-of-music.com\/wp-content\/uploads\/2024\/11\/Rastergrafik-36x16.png 36w, https:\/\/maus-of-music.com\/wp-content\/uploads\/2024\/11\/Rastergrafik-48x22.png 48w\" sizes=\"auto, (max-width: 1024px) 100vw, 1024px\" \/><\/figure>\n\n\n\n<div class=\"wp-block-columns is-layout-flex wp-container-core-columns-is-layout-9d6595d7 wp-block-columns-is-layout-flex\">\n<div class=\"wp-block-column is-layout-flow wp-block-column-is-layout-flow\">\n<figure data-wp-context=\"{&quot;imageId&quot;:&quot;69dc21dba8a72&quot;}\" data-wp-interactive=\"core\/image\" data-wp-key=\"69dc21dba8a72\" class=\"wp-block-image size-full wp-lightbox-container\"><img loading=\"lazy\" decoding=\"async\" width=\"632\" height=\"805\" data-wp-class--hide=\"state.isContentHidden\" data-wp-class--show=\"state.isContentVisible\" data-wp-init=\"callbacks.setButtonStyles\" data-wp-on--click=\"actions.showLightbox\" data-wp-on--load=\"callbacks.setButtonStyles\" data-wp-on-window--resize=\"callbacks.setButtonStyles\" src=\"https:\/\/maus-of-music.com\/wp-content\/uploads\/2024\/11\/Mint-Kritik.jpg\" alt=\"\" class=\"wp-image-874\" srcset=\"https:\/\/maus-of-music.com\/wp-content\/uploads\/2024\/11\/Mint-Kritik.jpg 632w, https:\/\/maus-of-music.com\/wp-content\/uploads\/2024\/11\/Mint-Kritik-600x764.jpg 600w, https:\/\/maus-of-music.com\/wp-content\/uploads\/2024\/11\/Mint-Kritik-236x300.jpg 236w, https:\/\/maus-of-music.com\/wp-content\/uploads\/2024\/11\/Mint-Kritik-19x24.jpg 19w, https:\/\/maus-of-music.com\/wp-content\/uploads\/2024\/11\/Mint-Kritik-28x36.jpg 28w, https:\/\/maus-of-music.com\/wp-content\/uploads\/2024\/11\/Mint-Kritik-38x48.jpg 38w\" sizes=\"auto, (max-width: 632px) 100vw, 632px\" \/><button\n\t\t\tclass=\"lightbox-trigger\"\n\t\t\ttype=\"button\"\n\t\t\taria-haspopup=\"dialog\"\n\t\t\taria-label=\"Vergr\u00f6\u00dfern\"\n\t\t\tdata-wp-init=\"callbacks.initTriggerButton\"\n\t\t\tdata-wp-on--click=\"actions.showLightbox\"\n\t\t\tdata-wp-style--right=\"state.imageButtonRight\"\n\t\t\tdata-wp-style--top=\"state.imageButtonTop\"\n\t\t>\n\t\t\t<svg xmlns=\"http:\/\/www.w3.org\/2000\/svg\" width=\"12\" height=\"12\" fill=\"none\" viewBox=\"0 0 12 12\">\n\t\t\t\t<path fill=\"#fff\" d=\"M2 0a2 2 0 0 0-2 2v2h1.5V2a.5.5 0 0 1 .5-.5h2V0H2Zm2 10.5H2a.5.5 0 0 1-.5-.5V8H0v2a2 2 0 0 0 2 2h2v-1.5ZM8 12v-1.5h2a.5.5 0 0 0 .5-.5V8H12v2a2 2 0 0 1-2 2H8Zm2-12a2 2 0 0 1 2 2v2h-1.5V2a.5.5 0 0 0-.5-.5H8V0h2Z\" \/>\n\t\t\t<\/svg>\n\t\t<\/button><\/figure>\n<\/div>\n\n\n\n<div class=\"wp-block-column is-layout-flow wp-block-column-is-layout-flow\">\n<p>Kleine gro\u00dfe Soul-Welt<\/p>\n\n\n\n<p>Mit Tamla Motown Worldwide II erscheint die Fortsetzung des identitiven Motown- Nachschlagewerkes. Der zweite Band dokumentiert s\u00e4mtliche 7\u201c Inches, die zwischen 1959 und 1971 beim Soul-Label erschienen sind.<\/p>\n<\/div>\n<\/div>\n<\/div>\n\n\n\n<div class=\"wp-block-column is-layout-flow wp-block-column-is-layout-flow\">\n<div class=\"wp-block-columns is-layout-flex wp-container-core-columns-is-layout-9d6595d7 wp-block-columns-is-layout-flex\">\n<div class=\"wp-block-column is-layout-flow wp-block-column-is-layout-flow\"><div class=\"wp-block-image\">\n<figure data-wp-context=\"{&quot;imageId&quot;:&quot;69dc21dba93b9&quot;}\" data-wp-interactive=\"core\/image\" data-wp-key=\"69dc21dba93b9\" class=\"alignleft size-large wp-lightbox-container\"><img loading=\"lazy\" decoding=\"async\" width=\"796\" height=\"1024\" data-wp-class--hide=\"state.isContentHidden\" data-wp-class--show=\"state.isContentVisible\" data-wp-init=\"callbacks.setButtonStyles\" data-wp-on--click=\"actions.showLightbox\" data-wp-on--load=\"callbacks.setButtonStyles\" data-wp-on-window--resize=\"callbacks.setButtonStyles\" src=\"https:\/\/maus-of-music.com\/wp-content\/uploads\/2024\/11\/TAMLA-MOTOWN-WW-II-Rezension-GOOD-TIMES-Heft-6-24-796x1024.jpg\" alt=\"\" class=\"wp-image-941\" srcset=\"https:\/\/maus-of-music.com\/wp-content\/uploads\/2024\/11\/TAMLA-MOTOWN-WW-II-Rezension-GOOD-TIMES-Heft-6-24-796x1024.jpg 796w, https:\/\/maus-of-music.com\/wp-content\/uploads\/2024\/11\/TAMLA-MOTOWN-WW-II-Rezension-GOOD-TIMES-Heft-6-24-600x772.jpg 600w, https:\/\/maus-of-music.com\/wp-content\/uploads\/2024\/11\/TAMLA-MOTOWN-WW-II-Rezension-GOOD-TIMES-Heft-6-24-233x300.jpg 233w, https:\/\/maus-of-music.com\/wp-content\/uploads\/2024\/11\/TAMLA-MOTOWN-WW-II-Rezension-GOOD-TIMES-Heft-6-24-768x988.jpg 768w, https:\/\/maus-of-music.com\/wp-content\/uploads\/2024\/11\/TAMLA-MOTOWN-WW-II-Rezension-GOOD-TIMES-Heft-6-24-1194x1536.jpg 1194w, https:\/\/maus-of-music.com\/wp-content\/uploads\/2024\/11\/TAMLA-MOTOWN-WW-II-Rezension-GOOD-TIMES-Heft-6-24-19x24.jpg 19w, https:\/\/maus-of-music.com\/wp-content\/uploads\/2024\/11\/TAMLA-MOTOWN-WW-II-Rezension-GOOD-TIMES-Heft-6-24-28x36.jpg 28w, https:\/\/maus-of-music.com\/wp-content\/uploads\/2024\/11\/TAMLA-MOTOWN-WW-II-Rezension-GOOD-TIMES-Heft-6-24-37x48.jpg 37w, https:\/\/maus-of-music.com\/wp-content\/uploads\/2024\/11\/TAMLA-MOTOWN-WW-II-Rezension-GOOD-TIMES-Heft-6-24.jpg 1321w\" sizes=\"auto, (max-width: 796px) 100vw, 796px\" \/><button\n\t\t\tclass=\"lightbox-trigger\"\n\t\t\ttype=\"button\"\n\t\t\taria-haspopup=\"dialog\"\n\t\t\taria-label=\"Vergr\u00f6\u00dfern\"\n\t\t\tdata-wp-init=\"callbacks.initTriggerButton\"\n\t\t\tdata-wp-on--click=\"actions.showLightbox\"\n\t\t\tdata-wp-style--right=\"state.imageButtonRight\"\n\t\t\tdata-wp-style--top=\"state.imageButtonTop\"\n\t\t>\n\t\t\t<svg xmlns=\"http:\/\/www.w3.org\/2000\/svg\" width=\"12\" height=\"12\" fill=\"none\" viewBox=\"0 0 12 12\">\n\t\t\t\t<path fill=\"#fff\" d=\"M2 0a2 2 0 0 0-2 2v2h1.5V2a.5.5 0 0 1 .5-.5h2V0H2Zm2 10.5H2a.5.5 0 0 1-.5-.5V8H0v2a2 2 0 0 0 2 2h2v-1.5ZM8 12v-1.5h2a.5.5 0 0 0 .5-.5V8H12v2a2 2 0 0 1-2 2H8Zm2-12a2 2 0 0 1 2 2v2h-1.5V2a.5.5 0 0 0-.5-.5H8V0h2Z\" \/>\n\t\t\t<\/svg>\n\t\t<\/button><\/figure>\n<\/div><\/div>\n\n\n\n<div class=\"wp-block-column is-layout-flow wp-block-column-is-layout-flow\">\n<p>\u201eEin s\u00fcchtig machender Augenschmaus f\u00fcr alle Musikfans!<\/p>\n\n\n\n<p>456 Seiten pure Freude und Begeisterung, mehr geht definitiv nicht!\u201c<\/p>\n<\/div>\n<\/div>\n<\/div>\n<\/div>\n\n\n\n<p><strong>High Praise indeed from \u00a0Mr. Jazz Chill, USA, 19 November 2024:<\/strong><br><br><a href=\"https:\/\/jazzchill.blogspot.com\/2024\/11\/exploring-legacy-of-motown-christoph.html\" target=\"_blank\" rel=\"noopener\" title=\"\">https:\/\/jazzchill.blogspot.com\/2024\/11\/exploring-legacy-of-motown-christoph.html<\/a><br><br><strong>Christoph Maus\u00b4TAMLA MOTOWN WORLDWIDE II is more than a book- it is a celebration of one of the most influential labels in music history! What truly sets it apart is its visual splendour. This expansive volume&#8230; is a dream come true for Moton enthusiasts. For anyone who cherishes the sounds of TAMLA MOTOWN, this anthology is an essential addition to their library!<\/strong><\/p>\n\n\n\n<p><strong>WIE SCH\u00d6N DAS IST (How Sweet It Is)<\/strong><\/p>\n\n\n\n<p>A word of Motown Imagery<br>WEST GRAND BLOG entry November 8, 2024 by Adam White, grammy-nominated co-author of the book MOTOWN- THE SOUND OF YOUNG AMERICA, former editor in chief of BILLBOARD magazine, USA <a href=\"http:\/\/www.adampwhite.com\/westgrandblog\">www.adampwhite.com\/westgrandblog\/picture-sleeves<\/a><\/p>\n","protected":false},"excerpt":{"rendered":"<p>TAMLA MOTOWN WORLDWIDE I Reviews\/Kritiken MINT Magazin f\u00fcr Vinyl KulturDezember 2020 Traumfabrik Hitsville Mit Tamla Motown Worldwide erscheint das ultimative Nachschlagewerk zu allen LP-Ver\u00f6ffentlichungen, die zwischen 1959 und 1972 von MOTOWN, dem bekanntesten Soul-Label der Welt, herausgebracht wurden. (&#8230;) Die Abbildungen werden erg\u00e4nzt durch Informationen zu Ver\u00f6ffentlichungsdaten, Katalognummern, Titellisten und n\u00fctzliches Hintergrundwissen. (&#8230;) Mehr geht nicht? Doch: F\u00fcr Herbst 2021 [&hellip;]<\/p>\n","protected":false},"author":2,"featured_media":0,"parent":0,"menu_order":0,"comment_status":"closed","ping_status":"closed","template":"","meta":{"om_disable_all_campaigns":false,"_monsterinsights_skip_tracking":false,"_monsterinsights_sitenote_active":false,"_monsterinsights_sitenote_note":"","_monsterinsights_sitenote_category":0,"footnotes":""},"class_list":["post-432","page","type-page","status-publish","hentry"],"aioseo_notices":[],"_links":{"self":[{"href":"https:\/\/maus-of-music.com\/index.php?rest_route=\/wp\/v2\/pages\/432","targetHints":{"allow":["GET"]}}],"collection":[{"href":"https:\/\/maus-of-music.com\/index.php?rest_route=\/wp\/v2\/pages"}],"about":[{"href":"https:\/\/maus-of-music.com\/index.php?rest_route=\/wp\/v2\/types\/page"}],"author":[{"embeddable":true,"href":"https:\/\/maus-of-music.com\/index.php?rest_route=\/wp\/v2\/users\/2"}],"replies":[{"embeddable":true,"href":"https:\/\/maus-of-music.com\/index.php?rest_route=%2Fwp%2Fv2%2Fcomments&post=432"}],"version-history":[{"count":24,"href":"https:\/\/maus-of-music.com\/index.php?rest_route=\/wp\/v2\/pages\/432\/revisions"}],"predecessor-version":[{"id":971,"href":"https:\/\/maus-of-music.com\/index.php?rest_route=\/wp\/v2\/pages\/432\/revisions\/971"}],"wp:attachment":[{"href":"https:\/\/maus-of-music.com\/index.php?rest_route=%2Fwp%2Fv2%2Fmedia&parent=432"}],"curies":[{"name":"wp","href":"https:\/\/api.w.org\/{rel}","templated":true}]}}