{"id":423,"date":"2021-06-25T06:42:37","date_gmt":"2021-06-25T06:42:37","guid":{"rendered":"https:\/\/maus-of-music.com\/?page_id=423"},"modified":"2021-06-25T06:42:37","modified_gmt":"2021-06-25T06:42:37","slug":"bob-dylan-worldwide-reviews-kritiken","status":"publish","type":"page","link":"https:\/\/maus-of-music.com\/?page_id=423","title":{"rendered":"Bob Dylan Worldwide Reviews\/Kritiken"},"content":{"rendered":"\n<div class=\"wp-block-columns is-layout-flex wp-container-core-columns-is-layout-9d6595d7 wp-block-columns-is-layout-flex\">\n<div class=\"wp-block-column is-layout-flow wp-block-column-is-layout-flow\">\n<p class=\"has-text-align-center\"><strong>Good Times-Music from the 6os to the 8os, <br>June 2016<\/strong><\/p>\n<\/div>\n\n\n\n<div class=\"wp-block-column is-layout-flow wp-block-column-is-layout-flow\">\n<p class=\"has-text-align-center\"><strong>ISIS Fan magazine UK, <br>May 2016<\/strong><\/p>\n<\/div>\n<\/div>\n\n\n\n<div class=\"wp-block-columns is-layout-flex wp-container-core-columns-is-layout-9d6595d7 wp-block-columns-is-layout-flex\">\n<div class=\"wp-block-column is-layout-flow wp-block-column-is-layout-flow\">\n<div class=\"wp-block-columns is-layout-flex wp-container-core-columns-is-layout-9d6595d7 wp-block-columns-is-layout-flex\">\n<div class=\"wp-block-column is-layout-flow wp-block-column-is-layout-flow\" style=\"flex-basis:30%\">\n<div class=\"wp-block-image\"><figure class=\"aligncenter size-large\"><a href=\"https:\/\/maus-of-music.com\/wp-content\/uploads\/2021\/06\/BoB-Dylan-Worldwide-Good-Times-Music-from-the-6os-to-the-8os-June-2016.jpg\"><img loading=\"lazy\" decoding=\"async\" width=\"838\" height=\"1024\" src=\"https:\/\/maus-of-music.com\/wp-content\/uploads\/2021\/06\/BoB-Dylan-Worldwide-Good-Times-Music-from-the-6os-to-the-8os-June-2016-838x1024.jpg\" alt=\"\" class=\"wp-image-424\" srcset=\"https:\/\/maus-of-music.com\/wp-content\/uploads\/2021\/06\/BoB-Dylan-Worldwide-Good-Times-Music-from-the-6os-to-the-8os-June-2016-838x1024.jpg 838w, https:\/\/maus-of-music.com\/wp-content\/uploads\/2021\/06\/BoB-Dylan-Worldwide-Good-Times-Music-from-the-6os-to-the-8os-June-2016-600x733.jpg 600w, https:\/\/maus-of-music.com\/wp-content\/uploads\/2021\/06\/BoB-Dylan-Worldwide-Good-Times-Music-from-the-6os-to-the-8os-June-2016-245x300.jpg 245w, https:\/\/maus-of-music.com\/wp-content\/uploads\/2021\/06\/BoB-Dylan-Worldwide-Good-Times-Music-from-the-6os-to-the-8os-June-2016-768x939.jpg 768w, https:\/\/maus-of-music.com\/wp-content\/uploads\/2021\/06\/BoB-Dylan-Worldwide-Good-Times-Music-from-the-6os-to-the-8os-June-2016-20x24.jpg 20w, https:\/\/maus-of-music.com\/wp-content\/uploads\/2021\/06\/BoB-Dylan-Worldwide-Good-Times-Music-from-the-6os-to-the-8os-June-2016-29x36.jpg 29w, https:\/\/maus-of-music.com\/wp-content\/uploads\/2021\/06\/BoB-Dylan-Worldwide-Good-Times-Music-from-the-6os-to-the-8os-June-2016-39x48.jpg 39w, https:\/\/maus-of-music.com\/wp-content\/uploads\/2021\/06\/BoB-Dylan-Worldwide-Good-Times-Music-from-the-6os-to-the-8os-June-2016.jpg 1224w\" sizes=\"auto, (max-width: 838px) 100vw, 838px\" \/><\/a><\/figure><\/div>\n<\/div>\n\n\n\n<div class=\"wp-block-column is-layout-flow wp-block-column-is-layout-flow\">\n<p>&#8230;.unterst\u00fctzt von Alan Fraser aus England &#8211; einem Dylan-Fan der ersten Stunde \u2014 hat<\/p>\n\n\n\n<p>sich der Hamburger Christoph Maus daran gemacht,jede jermals erschienene Ver\u00f6ffentlichung aufzulisten, kurz vorzustellen und abzubilden. (&#8230;) Eine wahrhaft gigantische Zusammenstellung, ohne Zweifel P\ufb02icht f\u00fcr jeden Dylan-Fan!<\/p>\n<\/div>\n<\/div>\n<\/div>\n\n\n\n<div class=\"wp-block-column is-layout-flow wp-block-column-is-layout-flow\">\n<div class=\"wp-block-columns is-layout-flex wp-container-core-columns-is-layout-9d6595d7 wp-block-columns-is-layout-flex\">\n<div class=\"wp-block-column is-layout-flow wp-block-column-is-layout-flow\" style=\"flex-basis:30%\">\n<div class=\"wp-block-image\"><figure class=\"aligncenter size-large\"><a href=\"https:\/\/maus-of-music.com\/wp-content\/uploads\/2021\/06\/Bob-Dylan-Worldwide-Review-aus-ISIS-Fan-magazine-UK-May-2016.jpg\"><img loading=\"lazy\" decoding=\"async\" width=\"1024\" height=\"862\" src=\"https:\/\/maus-of-music.com\/wp-content\/uploads\/2021\/06\/Bob-Dylan-Worldwide-Review-aus-ISIS-Fan-magazine-UK-May-2016-1024x862.jpg\" alt=\"\" class=\"wp-image-426\" srcset=\"https:\/\/maus-of-music.com\/wp-content\/uploads\/2021\/06\/Bob-Dylan-Worldwide-Review-aus-ISIS-Fan-magazine-UK-May-2016-1024x862.jpg 1024w, https:\/\/maus-of-music.com\/wp-content\/uploads\/2021\/06\/Bob-Dylan-Worldwide-Review-aus-ISIS-Fan-magazine-UK-May-2016-600x505.jpg 600w, https:\/\/maus-of-music.com\/wp-content\/uploads\/2021\/06\/Bob-Dylan-Worldwide-Review-aus-ISIS-Fan-magazine-UK-May-2016-300x253.jpg 300w, https:\/\/maus-of-music.com\/wp-content\/uploads\/2021\/06\/Bob-Dylan-Worldwide-Review-aus-ISIS-Fan-magazine-UK-May-2016-768x647.jpg 768w, https:\/\/maus-of-music.com\/wp-content\/uploads\/2021\/06\/Bob-Dylan-Worldwide-Review-aus-ISIS-Fan-magazine-UK-May-2016-1536x1293.jpg 1536w, https:\/\/maus-of-music.com\/wp-content\/uploads\/2021\/06\/Bob-Dylan-Worldwide-Review-aus-ISIS-Fan-magazine-UK-May-2016-24x20.jpg 24w, https:\/\/maus-of-music.com\/wp-content\/uploads\/2021\/06\/Bob-Dylan-Worldwide-Review-aus-ISIS-Fan-magazine-UK-May-2016-36x30.jpg 36w, https:\/\/maus-of-music.com\/wp-content\/uploads\/2021\/06\/Bob-Dylan-Worldwide-Review-aus-ISIS-Fan-magazine-UK-May-2016-48x40.jpg 48w, https:\/\/maus-of-music.com\/wp-content\/uploads\/2021\/06\/Bob-Dylan-Worldwide-Review-aus-ISIS-Fan-magazine-UK-May-2016.jpg 1596w\" sizes=\"auto, (max-width: 1024px) 100vw, 1024px\" \/><\/a><\/figure><\/div>\n<\/div>\n\n\n\n<div class=\"wp-block-column is-layout-flow wp-block-column-is-layout-flow\">\n<p>This new and extremely attractive-looking title tells the fascinating story of how Bob Dylan&#8217;s original Vinyl Albums, Singles and EPs were issued world-wide in more than 50 countries from Argentina to Zimbabwe between 1961-1981 (&#8230;) Christoph Maus has previously written critically acclaimed books in the Worldwide series about The Beatles and The Rolling Stones.<\/p>\n<\/div>\n<\/div>\n<\/div>\n<\/div>\n\n\n\n<div class=\"wp-block-columns is-layout-flex wp-container-core-columns-is-layout-9d6595d7 wp-block-columns-is-layout-flex\">\n<div class=\"wp-block-column is-layout-flow wp-block-column-is-layout-flow\">\n<p class=\"has-text-align-center\"><strong>MINT Magazin f\u00fcr Vinyl Kultur<br>August 2016<\/strong><\/p>\n<\/div>\n\n\n\n<div class=\"wp-block-column is-layout-flow wp-block-column-is-layout-flow\">\n<p class=\"has-text-align-center\"><strong>ROLLING STONE<br>August 2016<\/strong><\/p>\n<\/div>\n<\/div>\n\n\n\n<div class=\"wp-block-columns is-layout-flex wp-container-core-columns-is-layout-9d6595d7 wp-block-columns-is-layout-flex\">\n<div class=\"wp-block-column is-layout-flow wp-block-column-is-layout-flow\">\n<div class=\"wp-block-columns is-layout-flex wp-container-core-columns-is-layout-9d6595d7 wp-block-columns-is-layout-flex\">\n<div class=\"wp-block-column is-layout-flow wp-block-column-is-layout-flow\" style=\"flex-basis:30%\">\n<div class=\"wp-block-image\"><figure class=\"aligncenter size-large\"><a href=\"https:\/\/maus-of-music.com\/wp-content\/uploads\/2021\/06\/Dylan-WW-Kritik-aus-MINT-Magazin-fuer-Vinyl-Kultur-August-2016.jpg\"><img loading=\"lazy\" decoding=\"async\" width=\"1024\" height=\"1011\" src=\"https:\/\/maus-of-music.com\/wp-content\/uploads\/2021\/06\/Dylan-WW-Kritik-aus-MINT-Magazin-fuer-Vinyl-Kultur-August-2016-1024x1011.jpg\" alt=\"\" class=\"wp-image-429\" srcset=\"https:\/\/maus-of-music.com\/wp-content\/uploads\/2021\/06\/Dylan-WW-Kritik-aus-MINT-Magazin-fuer-Vinyl-Kultur-August-2016-1024x1011.jpg 1024w, https:\/\/maus-of-music.com\/wp-content\/uploads\/2021\/06\/Dylan-WW-Kritik-aus-MINT-Magazin-fuer-Vinyl-Kultur-August-2016-100x100.jpg 100w, https:\/\/maus-of-music.com\/wp-content\/uploads\/2021\/06\/Dylan-WW-Kritik-aus-MINT-Magazin-fuer-Vinyl-Kultur-August-2016-600x592.jpg 600w, https:\/\/maus-of-music.com\/wp-content\/uploads\/2021\/06\/Dylan-WW-Kritik-aus-MINT-Magazin-fuer-Vinyl-Kultur-August-2016-300x296.jpg 300w, https:\/\/maus-of-music.com\/wp-content\/uploads\/2021\/06\/Dylan-WW-Kritik-aus-MINT-Magazin-fuer-Vinyl-Kultur-August-2016-768x758.jpg 768w, https:\/\/maus-of-music.com\/wp-content\/uploads\/2021\/06\/Dylan-WW-Kritik-aus-MINT-Magazin-fuer-Vinyl-Kultur-August-2016-1536x1516.jpg 1536w, https:\/\/maus-of-music.com\/wp-content\/uploads\/2021\/06\/Dylan-WW-Kritik-aus-MINT-Magazin-fuer-Vinyl-Kultur-August-2016-24x24.jpg 24w, https:\/\/maus-of-music.com\/wp-content\/uploads\/2021\/06\/Dylan-WW-Kritik-aus-MINT-Magazin-fuer-Vinyl-Kultur-August-2016-36x36.jpg 36w, https:\/\/maus-of-music.com\/wp-content\/uploads\/2021\/06\/Dylan-WW-Kritik-aus-MINT-Magazin-fuer-Vinyl-Kultur-August-2016-48x48.jpg 48w, https:\/\/maus-of-music.com\/wp-content\/uploads\/2021\/06\/Dylan-WW-Kritik-aus-MINT-Magazin-fuer-Vinyl-Kultur-August-2016.jpg 2048w\" sizes=\"auto, (max-width: 1024px) 100vw, 1024px\" \/><\/a><\/figure><\/div>\n<\/div>\n\n\n\n<div class=\"wp-block-column is-layout-flow wp-block-column-is-layout-flow\">\n<p>His Bobness in all seiner Pracht. Dieses Buch kann Dylan-Kornplettisten nur schla\ufb02ose N\u00e4chte bereiten: Bob Dylan Worldwide bildet s\u00e4mtliche Alben, Singles und EPs ab, die der Songwriter ver\u00f6ffentlicht hat \u2014 allerdings nur bis 1981. (&#8230;) Autor Christoph Maus verfolgt rnit seinem Buch in jedem Fall einen einzigartigen Ansatz, den er von seinen bisherigen B\u00fcchern RollingStones Worldwide und Beatles Worldwide auf Dylan \u00fcbertragen hat.<\/p>\n<\/div>\n<\/div>\n<\/div>\n\n\n\n<div class=\"wp-block-column is-layout-flow wp-block-column-is-layout-flow\">\n<div class=\"wp-block-columns is-layout-flex wp-container-core-columns-is-layout-9d6595d7 wp-block-columns-is-layout-flex\">\n<div class=\"wp-block-column is-layout-flow wp-block-column-is-layout-flow\" style=\"flex-basis:30%\">\n<div class=\"wp-block-image\"><figure class=\"aligncenter size-large\"><a href=\"https:\/\/maus-of-music.com\/wp-content\/uploads\/2021\/06\/Dylan-WW-Kritik-aus-ROLLING-STONE-August-2016.jpg\"><img loading=\"lazy\" decoding=\"async\" width=\"1024\" height=\"550\" src=\"https:\/\/maus-of-music.com\/wp-content\/uploads\/2021\/06\/Dylan-WW-Kritik-aus-ROLLING-STONE-August-2016-1024x550.jpg\" alt=\"\" class=\"wp-image-430\" srcset=\"https:\/\/maus-of-music.com\/wp-content\/uploads\/2021\/06\/Dylan-WW-Kritik-aus-ROLLING-STONE-August-2016-1024x550.jpg 1024w, https:\/\/maus-of-music.com\/wp-content\/uploads\/2021\/06\/Dylan-WW-Kritik-aus-ROLLING-STONE-August-2016-600x322.jpg 600w, https:\/\/maus-of-music.com\/wp-content\/uploads\/2021\/06\/Dylan-WW-Kritik-aus-ROLLING-STONE-August-2016-300x161.jpg 300w, https:\/\/maus-of-music.com\/wp-content\/uploads\/2021\/06\/Dylan-WW-Kritik-aus-ROLLING-STONE-August-2016-768x412.jpg 768w, https:\/\/maus-of-music.com\/wp-content\/uploads\/2021\/06\/Dylan-WW-Kritik-aus-ROLLING-STONE-August-2016-24x13.jpg 24w, https:\/\/maus-of-music.com\/wp-content\/uploads\/2021\/06\/Dylan-WW-Kritik-aus-ROLLING-STONE-August-2016-36x19.jpg 36w, https:\/\/maus-of-music.com\/wp-content\/uploads\/2021\/06\/Dylan-WW-Kritik-aus-ROLLING-STONE-August-2016-48x26.jpg 48w, https:\/\/maus-of-music.com\/wp-content\/uploads\/2021\/06\/Dylan-WW-Kritik-aus-ROLLING-STONE-August-2016.jpg 1112w\" sizes=\"auto, (max-width: 1024px) 100vw, 1024px\" \/><\/a><\/figure><\/div>\n<\/div>\n\n\n\n<div class=\"wp-block-column is-layout-flow wp-block-column-is-layout-flow\">\n<p>Es gibt nat\u00fcrlich unz\u00e4hlige B\u00fccher \u00fcber Bob Dylan, aber so wie hier ist seine Karriere bisher noch nicht erz\u00e4hlt worden. (&#8230;) &#8230;und mitunter kurios: Eine illegale EP-Kompilation aus Thailand mit Tracks von u. a. Dylan und Michael Jackson etwa hat einfach einen Hummer auf dem Cover,&#8230;<\/p>\n<\/div>\n<\/div>\n<\/div>\n<\/div>\n\n\n\n<p><\/p>\n","protected":false},"excerpt":{"rendered":"<p>Good Times-Music from the 6os to the 8os, June 2016 ISIS Fan magazine UK, May 2016 &#8230;.unterst\u00fctzt von Alan Fraser aus England &#8211; einem Dylan-Fan der ersten Stunde \u2014 hat sich der Hamburger Christoph Maus daran gemacht,jede jermals erschienene Ver\u00f6ffentlichung aufzulisten, kurz vorzustellen und abzubilden. (&#8230;) Eine wahrhaft gigantische Zusammenstellung, ohne Zweifel P\ufb02icht f\u00fcr jeden Dylan-Fan! This new and extremely [&hellip;]<\/p>\n","protected":false},"author":2,"featured_media":0,"parent":0,"menu_order":0,"comment_status":"closed","ping_status":"closed","template":"","meta":{"om_disable_all_campaigns":false,"_monsterinsights_skip_tracking":false,"_monsterinsights_sitenote_active":false,"_monsterinsights_sitenote_note":"","_monsterinsights_sitenote_category":0,"footnotes":""},"class_list":["post-423","page","type-page","status-publish","hentry"],"aioseo_notices":[],"_links":{"self":[{"href":"https:\/\/maus-of-music.com\/index.php?rest_route=\/wp\/v2\/pages\/423","targetHints":{"allow":["GET"]}}],"collection":[{"href":"https:\/\/maus-of-music.com\/index.php?rest_route=\/wp\/v2\/pages"}],"about":[{"href":"https:\/\/maus-of-music.com\/index.php?rest_route=\/wp\/v2\/types\/page"}],"author":[{"embeddable":true,"href":"https:\/\/maus-of-music.com\/index.php?rest_route=\/wp\/v2\/users\/2"}],"replies":[{"embeddable":true,"href":"https:\/\/maus-of-music.com\/index.php?rest_route=%2Fwp%2Fv2%2Fcomments&post=423"}],"version-history":[{"count":4,"href":"https:\/\/maus-of-music.com\/index.php?rest_route=\/wp\/v2\/pages\/423\/revisions"}],"predecessor-version":[{"id":431,"href":"https:\/\/maus-of-music.com\/index.php?rest_route=\/wp\/v2\/pages\/423\/revisions\/431"}],"wp:attachment":[{"href":"https:\/\/maus-of-music.com\/index.php?rest_route=%2Fwp%2Fv2%2Fmedia&parent=423"}],"curies":[{"name":"wp","href":"https:\/\/api.w.org\/{rel}","templated":true}]}}