{"id":394,"date":"2021-06-22T07:35:28","date_gmt":"2021-06-22T07:35:28","guid":{"rendered":"https:\/\/maus-of-music.com\/?page_id=394"},"modified":"2021-07-24T05:55:32","modified_gmt":"2021-07-24T05:55:32","slug":"maus-of-music-band-popsingles-vol-1-vol-2","status":"publish","type":"page","link":"https:\/\/maus-of-music.com\/?page_id=394","title":{"rendered":"Maus of Music Band"},"content":{"rendered":"\n<div class=\"wp-block-columns is-layout-flex wp-container-core-columns-is-layout-9d6595d7 wp-block-columns-is-layout-flex\">\n<div class=\"wp-block-column is-layout-flow wp-block-column-is-layout-flow\">\n<figure class=\"wp-block-image size-large\"><img loading=\"lazy\" decoding=\"async\" width=\"470\" height=\"470\" src=\"https:\/\/maus-of-music.com\/wp-content\/uploads\/2021\/06\/72.jpg\" alt=\"\" class=\"wp-image-391\" srcset=\"https:\/\/maus-of-music.com\/wp-content\/uploads\/2021\/06\/72.jpg 470w, https:\/\/maus-of-music.com\/wp-content\/uploads\/2021\/06\/72-300x300.jpg 300w, https:\/\/maus-of-music.com\/wp-content\/uploads\/2021\/06\/72-100x100.jpg 100w, https:\/\/maus-of-music.com\/wp-content\/uploads\/2021\/06\/72-150x150.jpg 150w, https:\/\/maus-of-music.com\/wp-content\/uploads\/2021\/06\/72-24x24.jpg 24w, https:\/\/maus-of-music.com\/wp-content\/uploads\/2021\/06\/72-36x36.jpg 36w, https:\/\/maus-of-music.com\/wp-content\/uploads\/2021\/06\/72-48x48.jpg 48w\" sizes=\"auto, (max-width: 470px) 100vw, 470px\" \/><\/figure>\n<\/div>\n\n\n\n<div class=\"wp-block-column is-layout-flow wp-block-column-is-layout-flow\">\n<figure class=\"wp-block-image size-large\"><img loading=\"lazy\" decoding=\"async\" width=\"470\" height=\"470\" src=\"https:\/\/maus-of-music.com\/wp-content\/uploads\/2021\/06\/71.jpg\" alt=\"\" class=\"wp-image-392\" srcset=\"https:\/\/maus-of-music.com\/wp-content\/uploads\/2021\/06\/71.jpg 470w, https:\/\/maus-of-music.com\/wp-content\/uploads\/2021\/06\/71-300x300.jpg 300w, https:\/\/maus-of-music.com\/wp-content\/uploads\/2021\/06\/71-100x100.jpg 100w, https:\/\/maus-of-music.com\/wp-content\/uploads\/2021\/06\/71-150x150.jpg 150w, https:\/\/maus-of-music.com\/wp-content\/uploads\/2021\/06\/71-24x24.jpg 24w, https:\/\/maus-of-music.com\/wp-content\/uploads\/2021\/06\/71-36x36.jpg 36w, https:\/\/maus-of-music.com\/wp-content\/uploads\/2021\/06\/71-48x48.jpg 48w\" sizes=\"auto, (max-width: 470px) 100vw, 470px\" \/><\/figure>\n<\/div>\n<\/div>\n\n\n\n<p>Angefangen hat es mit MAUS OF MUSIC&nbsp; im Jahre 2017, als der Hamburger Musiker Christoph Maus nach einer l\u00e4ngeren Auszeit von der aktiven Musik (in der er als Buchautor- und Verleger t\u00e4tig war), sein reichhaltiges KreativArchiv nach halbfertigen, unrealisierten Songideen durchforstete, um nun endlich das zu tun, was er schon immer hatte tun wollen&#8230;: Sie nun endlich fertigstellen, neu zu arrangieren und mit Hilfe von befreundeten Musikern in einem Studio aufnehmen (<a href=\"http:\/\/www.mkm2.de\">www.mkm2.de<\/a>).<\/p>\n\n\n\n<p>Auf diese Art und Weise&nbsp; sind 16 sehr verschiedene, aber immer einzigartige St\u00fccke produziert worden, die auf den beiden Vinyl LPs THE POP SINGLES VOL. 1 und VOL. 2&nbsp; nun fur jederOhr erh\u00e4ltich sind. Erschienen 2018 auf dem MAUS OF MUSIC Label (MoM 016 und MoM 017).&nbsp; Jede LP enth\u00e4lt 8 Songs, zum anh\u00f6ren gibt es hier vier:<\/p>\n\n\n\n<div class=\"wp-block-columns is-layout-flex wp-container-core-columns-is-layout-9d6595d7 wp-block-columns-is-layout-flex\">\n<div class=\"wp-block-column is-layout-flow wp-block-column-is-layout-flow\">\n<div class=\"wp-block-image\"><figure class=\"aligncenter size-large\"><a href=\"https:\/\/www.youtube.com\/watch?v=cIZgmqbPEM4&amp;feature=youtu.be\" target=\"_blank\" rel=\"noopener\"><img loading=\"lazy\" decoding=\"async\" width=\"200\" height=\"200\" src=\"https:\/\/maus-of-music.com\/wp-content\/uploads\/2021\/06\/46-1.jpg\" alt=\"\" class=\"wp-image-397\" srcset=\"https:\/\/maus-of-music.com\/wp-content\/uploads\/2021\/06\/46-1.jpg 200w, https:\/\/maus-of-music.com\/wp-content\/uploads\/2021\/06\/46-1-100x100.jpg 100w, https:\/\/maus-of-music.com\/wp-content\/uploads\/2021\/06\/46-1-150x150.jpg 150w, https:\/\/maus-of-music.com\/wp-content\/uploads\/2021\/06\/46-1-24x24.jpg 24w, https:\/\/maus-of-music.com\/wp-content\/uploads\/2021\/06\/46-1-36x36.jpg 36w, https:\/\/maus-of-music.com\/wp-content\/uploads\/2021\/06\/46-1-48x48.jpg 48w\" sizes=\"auto, (max-width: 200px) 100vw, 200px\" \/><\/a><\/figure><\/div>\n\n\n\n<p class=\"has-text-align-center\"><strong>Movin\u00b4Too Fast, Movin\u00b4Too Slow<\/strong> (Vol 1: LP side 1, Track 1)<\/p>\n<\/div>\n\n\n\n<div class=\"wp-block-column is-layout-flow wp-block-column-is-layout-flow\">\n<div class=\"wp-block-image\"><figure class=\"aligncenter size-large\"><a href=\"https:\/\/www.youtube.com\/watch?v=z6K_g0TgxGo&amp;feature=youtu.be\" target=\"_blank\" rel=\"noopener\"><img loading=\"lazy\" decoding=\"async\" width=\"204\" height=\"204\" src=\"https:\/\/maus-of-music.com\/wp-content\/uploads\/2021\/06\/45-1.jpg\" alt=\"\" class=\"wp-image-398\" srcset=\"https:\/\/maus-of-music.com\/wp-content\/uploads\/2021\/06\/45-1.jpg 204w, https:\/\/maus-of-music.com\/wp-content\/uploads\/2021\/06\/45-1-100x100.jpg 100w, https:\/\/maus-of-music.com\/wp-content\/uploads\/2021\/06\/45-1-150x150.jpg 150w, https:\/\/maus-of-music.com\/wp-content\/uploads\/2021\/06\/45-1-24x24.jpg 24w, https:\/\/maus-of-music.com\/wp-content\/uploads\/2021\/06\/45-1-36x36.jpg 36w, https:\/\/maus-of-music.com\/wp-content\/uploads\/2021\/06\/45-1-48x48.jpg 48w\" sizes=\"auto, (max-width: 204px) 100vw, 204px\" \/><\/a><\/figure><\/div>\n\n\n\n<p class=\"has-text-align-center\"><strong>Stalker<\/strong><br>(Vol 1: LP side 2, Track 3)<\/p>\n<\/div>\n\n\n\n<div class=\"wp-block-column is-layout-flow wp-block-column-is-layout-flow\">\n<div class=\"wp-block-image\"><figure class=\"aligncenter size-large\"><a href=\"https:\/\/www.youtube.com\/watch?v=w8Go5FG_-KU\" target=\"_blank\" rel=\"noopener\"><img loading=\"lazy\" decoding=\"async\" width=\"199\" height=\"203\" src=\"https:\/\/maus-of-music.com\/wp-content\/uploads\/2021\/06\/70.jpg\" alt=\"\" class=\"wp-image-399\" srcset=\"https:\/\/maus-of-music.com\/wp-content\/uploads\/2021\/06\/70.jpg 199w, https:\/\/maus-of-music.com\/wp-content\/uploads\/2021\/06\/70-24x24.jpg 24w, https:\/\/maus-of-music.com\/wp-content\/uploads\/2021\/06\/70-36x36.jpg 36w, https:\/\/maus-of-music.com\/wp-content\/uploads\/2021\/06\/70-48x48.jpg 48w\" sizes=\"auto, (max-width: 199px) 100vw, 199px\" \/><\/a><\/figure><\/div>\n\n\n\n<p class=\"has-text-align-center\"><strong>Love Leads me<\/strong> <br>(Vol. 2: LP side 2, Track 2)<\/p>\n<\/div>\n\n\n\n<div class=\"wp-block-column is-layout-flow wp-block-column-is-layout-flow\">\n<div class=\"wp-block-image\"><figure class=\"aligncenter size-large\"><img loading=\"lazy\" decoding=\"async\" width=\"200\" height=\"200\" src=\"https:\/\/maus-of-music.com\/wp-content\/uploads\/2021\/06\/69.jpg\" alt=\"\" class=\"wp-image-400\" srcset=\"https:\/\/maus-of-music.com\/wp-content\/uploads\/2021\/06\/69.jpg 200w, https:\/\/maus-of-music.com\/wp-content\/uploads\/2021\/06\/69-100x100.jpg 100w, https:\/\/maus-of-music.com\/wp-content\/uploads\/2021\/06\/69-150x150.jpg 150w, https:\/\/maus-of-music.com\/wp-content\/uploads\/2021\/06\/69-24x24.jpg 24w, https:\/\/maus-of-music.com\/wp-content\/uploads\/2021\/06\/69-36x36.jpg 36w, https:\/\/maus-of-music.com\/wp-content\/uploads\/2021\/06\/69-48x48.jpg 48w\" sizes=\"auto, (max-width: 200px) 100vw, 200px\" \/><\/figure><\/div>\n\n\n\n<p class=\"has-text-align-center\"><strong>Traveling Through Thailand by Train <\/strong><br>(Vol. 2: LP side 2, Track 3)<\/p>\n<\/div>\n<\/div>\n\n\n\n<p>Jedoch nur auf Vinyl (und Downloadcode) gebannt zu sein, das reichte den hier versammelten Songs nicht&#8230; &nbsp;\u201eSpiel uns bitte auch LIVE\u201c riefen seine geschaffenen Werke ihm zu! Und Christoph Maus &#8230;pardon, MAUS OF MUSIC,&nbsp; tat wie ihm gehei\u00dfen, er gr\u00fcndete die MAUS OF MUSIC BAND.&nbsp; Ihre Mission: Ein m\u00f6glichst zahlreiches Publikum zu erreichen!<\/p>\n\n\n\n<div class=\"wp-block-columns is-layout-flex wp-container-core-columns-is-layout-9d6595d7 wp-block-columns-is-layout-flex\">\n<div class=\"wp-block-column is-layout-flow wp-block-column-is-layout-flow\">\n<p>\u201eAural Pop Sculptures of great diversity\u201c he calls them&nbsp; \u201eConsistently unique!\u201c, the German Rock Magazine ECLIPSED calls them.<\/p>\n<\/div>\n\n\n\n<div class=\"wp-block-column is-layout-flow wp-block-column-is-layout-flow\">\n<div class=\"wp-block-image\"><figure class=\"alignleft size-large is-resized\"><a href=\"https:\/\/maus-of-music.com\/wp-content\/uploads\/2021\/06\/60.jpg\"><img loading=\"lazy\" decoding=\"async\" src=\"https:\/\/maus-of-music.com\/wp-content\/uploads\/2021\/06\/60-471x1024.jpg\" alt=\"\" class=\"wp-image-395\" width=\"60\" height=\"130\" srcset=\"https:\/\/maus-of-music.com\/wp-content\/uploads\/2021\/06\/60-471x1024.jpg 471w, https:\/\/maus-of-music.com\/wp-content\/uploads\/2021\/06\/60-600x1305.jpg 600w, https:\/\/maus-of-music.com\/wp-content\/uploads\/2021\/06\/60-138x300.jpg 138w, https:\/\/maus-of-music.com\/wp-content\/uploads\/2021\/06\/60-706x1536.jpg 706w, https:\/\/maus-of-music.com\/wp-content\/uploads\/2021\/06\/60-11x24.jpg 11w, https:\/\/maus-of-music.com\/wp-content\/uploads\/2021\/06\/60-17x36.jpg 17w, https:\/\/maus-of-music.com\/wp-content\/uploads\/2021\/06\/60-22x48.jpg 22w, https:\/\/maus-of-music.com\/wp-content\/uploads\/2021\/06\/60.jpg 750w\" sizes=\"auto, (max-width: 60px) 100vw, 60px\" \/><\/a><\/figure><\/div>\n<\/div>\n<\/div>\n","protected":false},"excerpt":{"rendered":"<p>Angefangen hat es mit MAUS OF MUSIC&nbsp; im Jahre 2017, als der Hamburger Musiker Christoph Maus nach einer l\u00e4ngeren Auszeit von der aktiven Musik (in der er als Buchautor- und Verleger t\u00e4tig war), sein reichhaltiges KreativArchiv nach halbfertigen, unrealisierten Songideen durchforstete, um nun endlich das zu tun, was er schon immer hatte tun wollen&#8230;: Sie nun endlich fertigstellen, neu zu [&hellip;]<\/p>\n","protected":false},"author":2,"featured_media":0,"parent":0,"menu_order":0,"comment_status":"closed","ping_status":"closed","template":"","meta":{"om_disable_all_campaigns":false,"_monsterinsights_skip_tracking":false,"_monsterinsights_sitenote_active":false,"_monsterinsights_sitenote_note":"","_monsterinsights_sitenote_category":0,"footnotes":""},"class_list":["post-394","page","type-page","status-publish","hentry"],"aioseo_notices":[],"_links":{"self":[{"href":"https:\/\/maus-of-music.com\/index.php?rest_route=\/wp\/v2\/pages\/394","targetHints":{"allow":["GET"]}}],"collection":[{"href":"https:\/\/maus-of-music.com\/index.php?rest_route=\/wp\/v2\/pages"}],"about":[{"href":"https:\/\/maus-of-music.com\/index.php?rest_route=\/wp\/v2\/types\/page"}],"author":[{"embeddable":true,"href":"https:\/\/maus-of-music.com\/index.php?rest_route=\/wp\/v2\/users\/2"}],"replies":[{"embeddable":true,"href":"https:\/\/maus-of-music.com\/index.php?rest_route=%2Fwp%2Fv2%2Fcomments&post=394"}],"version-history":[{"count":4,"href":"https:\/\/maus-of-music.com\/index.php?rest_route=\/wp\/v2\/pages\/394\/revisions"}],"predecessor-version":[{"id":614,"href":"https:\/\/maus-of-music.com\/index.php?rest_route=\/wp\/v2\/pages\/394\/revisions\/614"}],"wp:attachment":[{"href":"https:\/\/maus-of-music.com\/index.php?rest_route=%2Fwp%2Fv2%2Fmedia&parent=394"}],"curies":[{"name":"wp","href":"https:\/\/api.w.org\/{rel}","templated":true}]}}