{"id":385,"date":"2021-06-22T07:35:38","date_gmt":"2021-06-22T07:35:38","guid":{"rendered":"https:\/\/maus-of-music.com\/?page_id=385"},"modified":"2021-06-22T07:35:39","modified_gmt":"2021-06-22T07:35:39","slug":"maus-of-music-band","status":"publish","type":"page","link":"https:\/\/maus-of-music.com\/?page_id=385","title":{"rendered":"Maus of Music Band"},"content":{"rendered":"\n<div class=\"wp-block-image\"><figure class=\"aligncenter size-large\"><img loading=\"lazy\" decoding=\"async\" width=\"957\" height=\"479\" src=\"https:\/\/maus-of-music.com\/wp-content\/uploads\/2021\/06\/79-2.jpg\" alt=\"\" class=\"wp-image-387\" srcset=\"https:\/\/maus-of-music.com\/wp-content\/uploads\/2021\/06\/79-2.jpg 957w, https:\/\/maus-of-music.com\/wp-content\/uploads\/2021\/06\/79-2-600x300.jpg 600w, https:\/\/maus-of-music.com\/wp-content\/uploads\/2021\/06\/79-2-300x150.jpg 300w, https:\/\/maus-of-music.com\/wp-content\/uploads\/2021\/06\/79-2-768x384.jpg 768w, https:\/\/maus-of-music.com\/wp-content\/uploads\/2021\/06\/79-2-24x12.jpg 24w, https:\/\/maus-of-music.com\/wp-content\/uploads\/2021\/06\/79-2-36x18.jpg 36w, https:\/\/maus-of-music.com\/wp-content\/uploads\/2021\/06\/79-2-48x24.jpg 48w\" sizes=\"auto, (max-width: 957px) 100vw, 957px\" \/><\/figure><\/div>\n\n\n\n<p class=\"has-text-align-center\" style=\"font-size:18px\"><strong>MAUS OF MUSIC BAND <\/strong><\/p>\n\n\n\n<p class=\"has-text-align-center\" style=\"font-size:14px\">FEINER POP AUS HAMBURG <\/p>\n\n\n\n<p class=\"has-text-align-center\" style=\"font-size:14px\">Im Spannungsfeld zwischen eleganten Balladen und klug arrangiertem Indie Rock.<br>Eigenwillig. Eigenst\u00e4ndig. <br>Denkend und F\u00fchlend. Mit Herz und Seele. <br>Sowie der Vorliebe des Bandgr\u00fcnders Christoph Maus f\u00fcr melodienreiches und, oftmals, ohrwurmiges Songwriting. <br>Vorsicht! Einzelne St\u00fccke k\u00f6nnen Elemente von 1960s Pop, atmosph\u00e4rischer Psychedelic und KlangKunst enthalten. <\/p>\n\n\n\n<p class=\"has-text-align-center\" style=\"font-size:14px\">Sechsk\u00f6pfiges Ensemble: Voc,Git, Keyboards, Bass, Drums &amp; Trumpet<br>(Christoph Maus, Olli Wilken, Pablo Amoon, Wenk Fischer, Mick Nick &amp; Hans Knudsen) <\/p>\n\n\n\n<p class=\"has-text-align-center\" style=\"font-size:14px\">Established in 2018, willing and able to play! <\/p>\n\n\n\n<p class=\"has-text-align-center\" style=\"font-size:14px\">Liebe Veranstalter und uns Zugeneigte: <br>Wir k\u00f6nnen sowohl Elektrisch&nbsp; als auch Unplugged<br>(kleinere Clubs\/intimere Rahmen)<br>Kontakt: Christoph Maus\/ maus@maus-of-music.com <\/p>\n\n\n\n<p class=\"has-text-align-center\" style=\"font-size:14px\">H\u00f6rt rein in drei unserer Songs<br>aufgenommen im INDRA CLUB und Milchkettentonstudio, Hamburg<\/p>\n\n\n\n<div class=\"wp-block-columns is-layout-flex wp-container-core-columns-is-layout-9d6595d7 wp-block-columns-is-layout-flex\">\n<div class=\"wp-block-column is-layout-flow wp-block-column-is-layout-flow\" style=\"flex-basis:100%\">\n<div class=\"wp-block-columns is-layout-flex wp-container-core-columns-is-layout-9d6595d7 wp-block-columns-is-layout-flex\">\n<div class=\"wp-block-column is-layout-flow wp-block-column-is-layout-flow\">\n<iframe loading=\"lazy\" src=\"https:\/\/www.youtube.com\/embed\/HwGiVNLTpMU\" title=\"YouTube video player\" allow=\"accelerometer; autoplay; clipboard-write; encrypted-media; gyroscope; picture-in-picture\" allowfullscreen=\"\" width=\"560\" height=\"315\" frameborder=\"0\"><\/iframe>\n\n\n\n<p class=\"has-text-align-center\"><strong>You Started Off A Tiger, <br>You Ended Up A Pussycat&nbsp;<\/strong><\/p>\n<\/div>\n\n\n\n<div class=\"wp-block-column is-layout-flow wp-block-column-is-layout-flow\">\n<iframe loading=\"lazy\" src=\"https:\/\/www.youtube.com\/embed\/1C76Qc4NIEc\" title=\"YouTube video player\" allow=\"accelerometer; autoplay; clipboard-write; encrypted-media; gyroscope; picture-in-picture\" allowfullscreen=\"\" width=\"560\" height=\"315\" frameborder=\"0\"><\/iframe>\n\n\n\n<p class=\"has-text-align-center\"><strong>Scratch The Surface (INDRA)<\/strong><\/p>\n<\/div>\n\n\n\n<div class=\"wp-block-column is-layout-flow wp-block-column-is-layout-flow\">\n<iframe loading=\"lazy\" src=\"https:\/\/www.youtube.com\/embed\/qISKCcvgvFk\" title=\"YouTube video player\" allow=\"accelerometer; autoplay; clipboard-write; encrypted-media; gyroscope; picture-in-picture\" allowfullscreen=\"\" width=\"560\" height=\"315\" frameborder=\"0\"><\/iframe>\n\n\n\n<p class=\"has-text-align-center\"><strong>Something I Said (INDRA)<\/strong><\/p>\n<\/div>\n<\/div>\n<\/div>\n<\/div>\n\n\n\n<p class=\"has-text-align-center\"><strong>Einen Link zu unseren beiden LPs THE POP SINGLES Vol.1 &amp; Vol. 2 findet ihr hier:<\/strong><\/p>\n\n\n\n<div class=\"wp-block-columns is-layout-flex wp-container-core-columns-is-layout-9d6595d7 wp-block-columns-is-layout-flex\">\n<div class=\"wp-block-column is-layout-flow wp-block-column-is-layout-flow\">\n<div class=\"wp-block-image\"><figure class=\"aligncenter size-large is-resized\"><img loading=\"lazy\" decoding=\"async\" src=\"https:\/\/maus-of-music.com\/wp-content\/uploads\/2021\/06\/72.jpg\" alt=\"\" class=\"wp-image-391\" width=\"287\" height=\"287\" srcset=\"https:\/\/maus-of-music.com\/wp-content\/uploads\/2021\/06\/72.jpg 470w, https:\/\/maus-of-music.com\/wp-content\/uploads\/2021\/06\/72-300x300.jpg 300w, https:\/\/maus-of-music.com\/wp-content\/uploads\/2021\/06\/72-100x100.jpg 100w, https:\/\/maus-of-music.com\/wp-content\/uploads\/2021\/06\/72-150x150.jpg 150w, https:\/\/maus-of-music.com\/wp-content\/uploads\/2021\/06\/72-24x24.jpg 24w, https:\/\/maus-of-music.com\/wp-content\/uploads\/2021\/06\/72-36x36.jpg 36w, https:\/\/maus-of-music.com\/wp-content\/uploads\/2021\/06\/72-48x48.jpg 48w\" sizes=\"auto, (max-width: 287px) 100vw, 287px\" \/><\/figure><\/div>\n<\/div>\n\n\n\n<div class=\"wp-block-column is-layout-flow wp-block-column-is-layout-flow\">\n<div class=\"wp-block-image\"><figure class=\"aligncenter size-large is-resized\"><img loading=\"lazy\" decoding=\"async\" src=\"https:\/\/maus-of-music.com\/wp-content\/uploads\/2021\/06\/71.jpg\" alt=\"\" class=\"wp-image-392\" width=\"287\" height=\"287\" srcset=\"https:\/\/maus-of-music.com\/wp-content\/uploads\/2021\/06\/71.jpg 470w, https:\/\/maus-of-music.com\/wp-content\/uploads\/2021\/06\/71-300x300.jpg 300w, https:\/\/maus-of-music.com\/wp-content\/uploads\/2021\/06\/71-100x100.jpg 100w, https:\/\/maus-of-music.com\/wp-content\/uploads\/2021\/06\/71-150x150.jpg 150w, https:\/\/maus-of-music.com\/wp-content\/uploads\/2021\/06\/71-24x24.jpg 24w, https:\/\/maus-of-music.com\/wp-content\/uploads\/2021\/06\/71-36x36.jpg 36w, https:\/\/maus-of-music.com\/wp-content\/uploads\/2021\/06\/71-48x48.jpg 48w\" sizes=\"auto, (max-width: 287px) 100vw, 287px\" \/><\/figure><\/div>\n<\/div>\n<\/div>\n","protected":false},"excerpt":{"rendered":"<p>MAUS OF MUSIC BAND FEINER POP AUS HAMBURG Im Spannungsfeld zwischen eleganten Balladen und klug arrangiertem Indie Rock.Eigenwillig. Eigenst\u00e4ndig. Denkend und F\u00fchlend. Mit Herz und Seele. Sowie der Vorliebe des Bandgr\u00fcnders Christoph Maus f\u00fcr melodienreiches und, oftmals, ohrwurmiges Songwriting. Vorsicht! Einzelne St\u00fccke k\u00f6nnen Elemente von 1960s Pop, atmosph\u00e4rischer Psychedelic und KlangKunst enthalten. Sechsk\u00f6pfiges Ensemble: Voc,Git, Keyboards, Bass, Drums &amp; Trumpet(Christoph [&hellip;]<\/p>\n","protected":false},"author":2,"featured_media":0,"parent":0,"menu_order":0,"comment_status":"closed","ping_status":"closed","template":"","meta":{"om_disable_all_campaigns":false,"_monsterinsights_skip_tracking":false,"_monsterinsights_sitenote_active":false,"_monsterinsights_sitenote_note":"","_monsterinsights_sitenote_category":0,"footnotes":""},"class_list":["post-385","page","type-page","status-publish","hentry"],"aioseo_notices":[],"_links":{"self":[{"href":"https:\/\/maus-of-music.com\/index.php?rest_route=\/wp\/v2\/pages\/385","targetHints":{"allow":["GET"]}}],"collection":[{"href":"https:\/\/maus-of-music.com\/index.php?rest_route=\/wp\/v2\/pages"}],"about":[{"href":"https:\/\/maus-of-music.com\/index.php?rest_route=\/wp\/v2\/types\/page"}],"author":[{"embeddable":true,"href":"https:\/\/maus-of-music.com\/index.php?rest_route=\/wp\/v2\/users\/2"}],"replies":[{"embeddable":true,"href":"https:\/\/maus-of-music.com\/index.php?rest_route=%2Fwp%2Fv2%2Fcomments&post=385"}],"version-history":[{"count":3,"href":"https:\/\/maus-of-music.com\/index.php?rest_route=\/wp\/v2\/pages\/385\/revisions"}],"predecessor-version":[{"id":393,"href":"https:\/\/maus-of-music.com\/index.php?rest_route=\/wp\/v2\/pages\/385\/revisions\/393"}],"wp:attachment":[{"href":"https:\/\/maus-of-music.com\/index.php?rest_route=%2Fwp%2Fv2%2Fmedia&parent=385"}],"curies":[{"name":"wp","href":"https:\/\/api.w.org\/{rel}","templated":true}]}}