{"id":381,"date":"2021-06-26T10:25:10","date_gmt":"2021-06-26T10:25:10","guid":{"rendered":"https:\/\/maus-of-music.com\/?page_id=381"},"modified":"2021-09-12T13:13:17","modified_gmt":"2021-09-12T13:13:17","slug":"der-papagei-aus-paraguay-beispielseiten","status":"publish","type":"page","link":"https:\/\/maus-of-music.com\/?page_id=381","title":{"rendered":"Der Papagei aus Paraguay &#8211; Beispielseiten"},"content":{"rendered":"\n<div class=\"wp-block-columns is-layout-flex wp-container-core-columns-is-layout-9d6595d7 wp-block-columns-is-layout-flex\">\n<div class=\"wp-block-column is-layout-flow wp-block-column-is-layout-flow\" style=\"flex-basis:20%\">\n<div class=\"wp-block-image\"><figure class=\"aligncenter size-large is-resized\"><a href=\"https:\/\/maus-of-music.com\/?page_id=470\"><img loading=\"lazy\" decoding=\"async\" src=\"https:\/\/maus-of-music.com\/wp-content\/uploads\/2021\/06\/95-1.png\" alt=\"\" class=\"wp-image-452\" width=\"165\" height=\"97\" srcset=\"https:\/\/maus-of-music.com\/wp-content\/uploads\/2021\/06\/95-1.png 174w, https:\/\/maus-of-music.com\/wp-content\/uploads\/2021\/06\/95-1-24x14.png 24w, https:\/\/maus-of-music.com\/wp-content\/uploads\/2021\/06\/95-1-36x21.png 36w, https:\/\/maus-of-music.com\/wp-content\/uploads\/2021\/06\/95-1-48x28.png 48w\" sizes=\"auto, (max-width: 165px) 100vw, 165px\" \/><\/a><\/figure><\/div>\n\n\n\n<p class=\"has-text-align-center\"><strong>Beispielseiten<\/strong><\/p>\n\n\n\n<div class=\"wp-block-image\"><figure class=\"aligncenter size-large\"><a href=\"https:\/\/maus-of-music.com\/?page_id=381\"><img loading=\"lazy\" decoding=\"async\" width=\"182\" height=\"88\" src=\"https:\/\/maus-of-music.com\/wp-content\/uploads\/2021\/06\/98.png\" alt=\"\" class=\"wp-image-454\" srcset=\"https:\/\/maus-of-music.com\/wp-content\/uploads\/2021\/06\/98.png 182w, https:\/\/maus-of-music.com\/wp-content\/uploads\/2021\/06\/98-24x12.png 24w, https:\/\/maus-of-music.com\/wp-content\/uploads\/2021\/06\/98-36x17.png 36w, https:\/\/maus-of-music.com\/wp-content\/uploads\/2021\/06\/98-48x23.png 48w\" sizes=\"auto, (max-width: 182px) 100vw, 182px\" \/><\/a><\/figure><\/div>\n\n\n\n<p class=\"has-text-align-center\"><strong>H\u00f6rproben<\/strong><\/p>\n\n\n\n<div class=\"wp-block-image\"><figure class=\"aligncenter size-large\"><a href=\"https:\/\/maus-of-music.com\/?page_id=488\"><img loading=\"lazy\" decoding=\"async\" width=\"149\" height=\"105\" src=\"https:\/\/maus-of-music.com\/wp-content\/uploads\/2021\/06\/99.png\" alt=\"\" class=\"wp-image-453\" srcset=\"https:\/\/maus-of-music.com\/wp-content\/uploads\/2021\/06\/99.png 149w, https:\/\/maus-of-music.com\/wp-content\/uploads\/2021\/06\/99-100x70.png 100w, https:\/\/maus-of-music.com\/wp-content\/uploads\/2021\/06\/99-24x17.png 24w, https:\/\/maus-of-music.com\/wp-content\/uploads\/2021\/06\/99-36x25.png 36w, https:\/\/maus-of-music.com\/wp-content\/uploads\/2021\/06\/99-48x34.png 48w\" sizes=\"auto, (max-width: 149px) 100vw, 149px\" \/><\/a><\/figure><\/div>\n\n\n\n<p class=\"has-text-align-center\"><strong>Fanpost und Presse<\/strong><\/p>\n\n\n\n<div class=\"wp-block-image\"><figure class=\"aligncenter size-large\"><a href=\"https:\/\/maus-of-music.com\/?page_id=531\"><img loading=\"lazy\" decoding=\"async\" width=\"139\" height=\"154\" src=\"https:\/\/maus-of-music.com\/wp-content\/uploads\/2021\/06\/100.png\" alt=\"\" class=\"wp-image-455\" srcset=\"https:\/\/maus-of-music.com\/wp-content\/uploads\/2021\/06\/100.png 139w, https:\/\/maus-of-music.com\/wp-content\/uploads\/2021\/06\/100-22x24.png 22w, https:\/\/maus-of-music.com\/wp-content\/uploads\/2021\/06\/100-32x36.png 32w, https:\/\/maus-of-music.com\/wp-content\/uploads\/2021\/06\/100-43x48.png 43w\" sizes=\"auto, (max-width: 139px) 100vw, 139px\" \/><\/a><\/figure><\/div>\n<\/div>\n\n\n\n<div class=\"wp-block-column is-layout-flow wp-block-column-is-layout-flow\">\n<p class=\"has-text-align-center\"><strong>&#8222;Der Papagei aus Paraguay &#8230; und die Tonleiter zum Mond&#8220; <\/strong><\/p>\n\n\n\n<p class=\"has-text-align-center\"><strong>Ein fantasievolles Kinderbuch mit Musik. Inklusive Mini Pop Oper auf CD. F\u00fcr pfiffige Menschen, klein und gro\u00df. Ab 5 Jahren.<\/strong><\/p>\n\n\n\n<p class=\"has-text-align-center\"><strong>Beispielseiten 8 und 9<\/strong><\/p>\n\n\n\n<div class=\"wp-block-image\"><figure class=\"aligncenter size-large\"><a href=\"https:\/\/maus-of-music.com\/wp-content\/uploads\/2021\/06\/115.jpg\"><img loading=\"lazy\" decoding=\"async\" width=\"1024\" height=\"362\" src=\"https:\/\/maus-of-music.com\/wp-content\/uploads\/2021\/06\/115-1024x362.jpg\" alt=\"\" class=\"wp-image-569\" srcset=\"https:\/\/maus-of-music.com\/wp-content\/uploads\/2021\/06\/115-1024x362.jpg 1024w, https:\/\/maus-of-music.com\/wp-content\/uploads\/2021\/06\/115-600x212.jpg 600w, https:\/\/maus-of-music.com\/wp-content\/uploads\/2021\/06\/115-300x106.jpg 300w, https:\/\/maus-of-music.com\/wp-content\/uploads\/2021\/06\/115-768x272.jpg 768w, https:\/\/maus-of-music.com\/wp-content\/uploads\/2021\/06\/115-1536x544.jpg 1536w, https:\/\/maus-of-music.com\/wp-content\/uploads\/2021\/06\/115-24x8.jpg 24w, https:\/\/maus-of-music.com\/wp-content\/uploads\/2021\/06\/115-36x13.jpg 36w, https:\/\/maus-of-music.com\/wp-content\/uploads\/2021\/06\/115-48x17.jpg 48w, https:\/\/maus-of-music.com\/wp-content\/uploads\/2021\/06\/115.jpg 2000w\" sizes=\"auto, (max-width: 1024px) 100vw, 1024px\" \/><\/a><\/figure><\/div>\n\n\n\n<p class=\"has-text-align-center\"><strong>Beispielseiten 10 und 11<\/strong><\/p>\n\n\n\n<div class=\"wp-block-image\"><figure class=\"aligncenter size-large\"><a href=\"https:\/\/maus-of-music.com\/wp-content\/uploads\/2021\/06\/116.png\"><img loading=\"lazy\" decoding=\"async\" width=\"1024\" height=\"348\" src=\"https:\/\/maus-of-music.com\/wp-content\/uploads\/2021\/06\/116-1024x348.png\" alt=\"\" class=\"wp-image-567\" srcset=\"https:\/\/maus-of-music.com\/wp-content\/uploads\/2021\/06\/116-1024x348.png 1024w, https:\/\/maus-of-music.com\/wp-content\/uploads\/2021\/06\/116-600x204.png 600w, https:\/\/maus-of-music.com\/wp-content\/uploads\/2021\/06\/116-300x102.png 300w, https:\/\/maus-of-music.com\/wp-content\/uploads\/2021\/06\/116-768x261.png 768w, https:\/\/maus-of-music.com\/wp-content\/uploads\/2021\/06\/116-1536x522.png 1536w, https:\/\/maus-of-music.com\/wp-content\/uploads\/2021\/06\/116-24x8.png 24w, https:\/\/maus-of-music.com\/wp-content\/uploads\/2021\/06\/116-36x12.png 36w, https:\/\/maus-of-music.com\/wp-content\/uploads\/2021\/06\/116-48x16.png 48w, https:\/\/maus-of-music.com\/wp-content\/uploads\/2021\/06\/116.png 2000w\" sizes=\"auto, (max-width: 1024px) 100vw, 1024px\" \/><\/a><\/figure><\/div>\n\n\n\n<p><\/p>\n\n\n\n<div class=\"wp-block-image\"><figure class=\"aligncenter size-large\"><a href=\"https:\/\/maus-of-music.com\/wp-content\/uploads\/2021\/06\/106.jpg\"><img loading=\"lazy\" decoding=\"async\" width=\"297\" height=\"234\" src=\"https:\/\/maus-of-music.com\/wp-content\/uploads\/2021\/06\/106.jpg\" alt=\"\" class=\"wp-image-473\" srcset=\"https:\/\/maus-of-music.com\/wp-content\/uploads\/2021\/06\/106.jpg 297w, https:\/\/maus-of-music.com\/wp-content\/uploads\/2021\/06\/106-24x19.jpg 24w, https:\/\/maus-of-music.com\/wp-content\/uploads\/2021\/06\/106-36x28.jpg 36w, https:\/\/maus-of-music.com\/wp-content\/uploads\/2021\/06\/106-48x38.jpg 48w\" sizes=\"auto, (max-width: 297px) 100vw, 297px\" \/><\/a><\/figure><\/div>\n\n\n\n<p class=\"has-text-align-center\"><strong>Hier seht Ihr Florin Schmidt, <\/strong><br><strong>der die wundersch\u00f6nen Bilder gezeichnet hat. <\/strong><br><strong>Rechts neben ihm sitzt der Gestalter des Buches, Christoph Bruns.<\/strong><\/p>\n<\/div>\n\n\n\n<div class=\"wp-block-column is-layout-flow wp-block-column-is-layout-flow\" style=\"flex-basis:20%\">\n<div class=\"wp-block-image\"><figure class=\"aligncenter size-large is-resized\"><a href=\"https:\/\/maus-of-music.com\/\"><img loading=\"lazy\" decoding=\"async\" src=\"https:\/\/maus-of-music.com\/wp-content\/uploads\/2021\/06\/Maus-of-Music-logo-horizontal-1024x513.jpg\" alt=\"\" class=\"wp-image-365\" width=\"154\" height=\"77\" srcset=\"https:\/\/maus-of-music.com\/wp-content\/uploads\/2021\/06\/Maus-of-Music-logo-horizontal-1024x513.jpg 1024w, https:\/\/maus-of-music.com\/wp-content\/uploads\/2021\/06\/Maus-of-Music-logo-horizontal-600x300.jpg 600w, https:\/\/maus-of-music.com\/wp-content\/uploads\/2021\/06\/Maus-of-Music-logo-horizontal-300x150.jpg 300w, https:\/\/maus-of-music.com\/wp-content\/uploads\/2021\/06\/Maus-of-Music-logo-horizontal-768x385.jpg 768w, https:\/\/maus-of-music.com\/wp-content\/uploads\/2021\/06\/Maus-of-Music-logo-horizontal-1536x769.jpg 1536w, https:\/\/maus-of-music.com\/wp-content\/uploads\/2021\/06\/Maus-of-Music-logo-horizontal-24x12.jpg 24w, https:\/\/maus-of-music.com\/wp-content\/uploads\/2021\/06\/Maus-of-Music-logo-horizontal-36x18.jpg 36w, https:\/\/maus-of-music.com\/wp-content\/uploads\/2021\/06\/Maus-of-Music-logo-horizontal-48x24.jpg 48w, https:\/\/maus-of-music.com\/wp-content\/uploads\/2021\/06\/Maus-of-Music-logo-horizontal.jpg 1969w\" sizes=\"auto, (max-width: 154px) 100vw, 154px\" \/><\/a><\/figure><\/div>\n\n\n\n<p class=\"has-text-align-center\"><strong>Der Papagei fliegt auf Lesereise<\/strong><\/p>\n\n\n\n<div class=\"wp-block-image\"><figure class=\"aligncenter size-large\"><a href=\"https:\/\/maus-of-music.com\/?page_id=517\"><img loading=\"lazy\" decoding=\"async\" width=\"121\" height=\"94\" src=\"https:\/\/maus-of-music.com\/wp-content\/uploads\/2021\/06\/101.png\" alt=\"\" class=\"wp-image-457\" srcset=\"https:\/\/maus-of-music.com\/wp-content\/uploads\/2021\/06\/101.png 121w, https:\/\/maus-of-music.com\/wp-content\/uploads\/2021\/06\/101-24x19.png 24w, https:\/\/maus-of-music.com\/wp-content\/uploads\/2021\/06\/101-36x28.png 36w, https:\/\/maus-of-music.com\/wp-content\/uploads\/2021\/06\/101-48x37.png 48w\" sizes=\"auto, (max-width: 121px) 100vw, 121px\" \/><\/a><\/figure><\/div>\n\n\n\n<p class=\"has-text-align-center\"><strong>Bestellung<\/strong><\/p>\n\n\n\n<div class=\"wp-block-image\"><figure class=\"aligncenter size-large\"><a href=\"https:\/\/maus-of-music.com\/?page_id=486\"><img loading=\"lazy\" decoding=\"async\" width=\"89\" height=\"125\" src=\"https:\/\/maus-of-music.com\/wp-content\/uploads\/2021\/06\/102-1.png\" alt=\"\" class=\"wp-image-460\" srcset=\"https:\/\/maus-of-music.com\/wp-content\/uploads\/2021\/06\/102-1.png 89w, https:\/\/maus-of-music.com\/wp-content\/uploads\/2021\/06\/102-1-17x24.png 17w, https:\/\/maus-of-music.com\/wp-content\/uploads\/2021\/06\/102-1-26x36.png 26w, https:\/\/maus-of-music.com\/wp-content\/uploads\/2021\/06\/102-1-34x48.png 34w\" sizes=\"auto, (max-width: 89px) 100vw, 89px\" \/><\/a><\/figure><\/div>\n\n\n\n<p class=\"has-text-align-center\"><strong>Der Papagei und seine Freunde<\/strong><\/p>\n\n\n\n<div class=\"wp-block-image\"><figure class=\"aligncenter size-large is-resized\"><img loading=\"lazy\" decoding=\"async\" src=\"https:\/\/maus-of-music.com\/wp-content\/uploads\/2021\/06\/103.png\" alt=\"\" class=\"wp-image-461\" width=\"67\" height=\"138\" srcset=\"https:\/\/maus-of-music.com\/wp-content\/uploads\/2021\/06\/103.png 78w, https:\/\/maus-of-music.com\/wp-content\/uploads\/2021\/06\/103-12x24.png 12w, https:\/\/maus-of-music.com\/wp-content\/uploads\/2021\/06\/103-18x36.png 18w, https:\/\/maus-of-music.com\/wp-content\/uploads\/2021\/06\/103-23x48.png 23w\" sizes=\"auto, (max-width: 67px) 100vw, 67px\" \/><\/figure><\/div>\n<\/div>\n<\/div>\n\n\n\n<p><\/p>\n","protected":false},"excerpt":{"rendered":"<p>Beispielseiten H\u00f6rproben Fanpost und Presse &#8222;Der Papagei aus Paraguay &#8230; und die Tonleiter zum Mond&#8220; Ein fantasievolles Kinderbuch mit Musik. Inklusive Mini Pop Oper auf CD. F\u00fcr pfiffige Menschen, klein und gro\u00df. Ab 5 Jahren. Beispielseiten 8 und 9 Beispielseiten 10 und 11 Hier seht Ihr Florin Schmidt, der die wundersch\u00f6nen Bilder gezeichnet hat. Rechts neben ihm sitzt der Gestalter [&hellip;]<\/p>\n","protected":false},"author":2,"featured_media":0,"parent":0,"menu_order":0,"comment_status":"closed","ping_status":"closed","template":"template-fullwidth.php","meta":{"om_disable_all_campaigns":false,"_monsterinsights_skip_tracking":false,"_monsterinsights_sitenote_active":false,"_monsterinsights_sitenote_note":"","_monsterinsights_sitenote_category":0,"footnotes":""},"class_list":["post-381","page","type-page","status-publish","hentry"],"aioseo_notices":[],"_links":{"self":[{"href":"https:\/\/maus-of-music.com\/index.php?rest_route=\/wp\/v2\/pages\/381","targetHints":{"allow":["GET"]}}],"collection":[{"href":"https:\/\/maus-of-music.com\/index.php?rest_route=\/wp\/v2\/pages"}],"about":[{"href":"https:\/\/maus-of-music.com\/index.php?rest_route=\/wp\/v2\/types\/page"}],"author":[{"embeddable":true,"href":"https:\/\/maus-of-music.com\/index.php?rest_route=\/wp\/v2\/users\/2"}],"replies":[{"embeddable":true,"href":"https:\/\/maus-of-music.com\/index.php?rest_route=%2Fwp%2Fv2%2Fcomments&post=381"}],"version-history":[{"count":27,"href":"https:\/\/maus-of-music.com\/index.php?rest_route=\/wp\/v2\/pages\/381\/revisions"}],"predecessor-version":[{"id":635,"href":"https:\/\/maus-of-music.com\/index.php?rest_route=\/wp\/v2\/pages\/381\/revisions\/635"}],"wp:attachment":[{"href":"https:\/\/maus-of-music.com\/index.php?rest_route=%2Fwp%2Fv2%2Fmedia&parent=381"}],"curies":[{"name":"wp","href":"https:\/\/api.w.org\/{rel}","templated":true}]}}