{"id":183,"date":"2021-06-15T05:39:56","date_gmt":"2021-06-15T05:39:56","guid":{"rendered":"http:\/\/maus-of-music.com\/?page_id=183"},"modified":"2024-08-28T15:13:03","modified_gmt":"2024-08-28T15:13:03","slug":"bob-dylan-worldwide","status":"publish","type":"page","link":"https:\/\/maus-of-music.com\/?page_id=183","title":{"rendered":"Bob Dylan Worldwide"},"content":{"rendered":"\n<p class=\"has-text-align-center\"><strong>THE FIRST TWENTY YEARS<\/strong><br><strong>1961 \u2013 1981<\/strong><\/p>\n\n\n\n<div class=\"wp-block-columns is-layout-flex wp-container-core-columns-is-layout-9d6595d7 wp-block-columns-is-layout-flex\">\n<div class=\"wp-block-column is-layout-flow wp-block-column-is-layout-flow\"><div class=\"wp-block-image\">\n<figure class=\"aligncenter size-large\"><img loading=\"lazy\" decoding=\"async\" width=\"21\" height=\"13\" src=\"https:\/\/maus-of-music.com\/wp-content\/uploads\/2021\/06\/3.png\" alt=\"\" class=\"wp-image-53\"\/><\/figure>\n<\/div>\n\n\n<p class=\"has-text-align-left\"><strong>THIS IS AN ANALOGUE BOOK!<\/strong><br>It tells you the fascinating story of how Bob Dylan\u00b4s original Vinyl album, singles &amp; EP releases were issued and distributed throughout the world in more than 50 countries, from Argentina to Zimbabwe between 1961-1981, the turbulent first 20 years of his carrier. \u2013<\/p>\n\n\n\n<p>Extensively researched with more than 3.000 colour images of record covers and labels over 445 pages. 280 x 210 mm (landscape format) Hardbound with dust jacket 58 Euro, first 500 copies handnumbered and signed by the author.<\/p>\n\n\n\n<p>Written in English, First published in April 2016 by MAUS OF MUSIC Books, Hamburg, Germany<br>ISBN 978-3-9817804-0-6 (MoM-014)<\/p>\n\n\n\n<p>Written &amp; compiled by Christoph Maus in cooperation with Alan Fraser, one of the UK\u00b4s leading Dylan experts, &amp; his website www.searchingforagem.com <a href=\"http:\/\/www.bobdylan-worldwide.com\/samples.html\">Please click here for S<\/a><a href=\"http:\/\/www.bobdylan-worldwide.com\/impressum.html\">ample pages<\/a>&nbsp;<\/p>\n\n\n\n<p>Christoph Maus has previously written critically- acclaimed books in the WORLDWIDE series about The Beatles and The Rolling Stones and a new book about the Tamla Motown Label.<\/p>\n\n\n\n<p class=\"has-text-align-right\"><strong><a href=\"https:\/\/maus-of-music.com\/?page_id=143#BDWW\">Order Now<\/a><\/strong><\/p>\n<\/div>\n\n\n\n<div class=\"wp-block-column is-layout-flow wp-block-column-is-layout-flow\"><div class=\"wp-block-image\">\n<figure data-wp-context=\"{&quot;imageId&quot;:&quot;69de41680c9c3&quot;}\" data-wp-interactive=\"core\/image\" data-wp-key=\"69de41680c9c3\" class=\"aligncenter size-large wp-lightbox-container\"><img loading=\"lazy\" decoding=\"async\" width=\"1024\" height=\"674\" data-wp-class--hide=\"state.isContentHidden\" data-wp-class--show=\"state.isContentVisible\" data-wp-init=\"callbacks.setButtonStyles\" data-wp-on--click=\"actions.showLightbox\" data-wp-on--load=\"callbacks.setButtonStyles\" data-wp-on-window--resize=\"callbacks.setButtonStyles\" src=\"https:\/\/maus-of-music.com\/wp-content\/uploads\/2024\/08\/Bob-Dylan-WW-Umschlag-front-2-1024x674.jpg\" alt=\"\" class=\"wp-image-866\" srcset=\"https:\/\/maus-of-music.com\/wp-content\/uploads\/2024\/08\/Bob-Dylan-WW-Umschlag-front-2-1024x674.jpg 1024w, https:\/\/maus-of-music.com\/wp-content\/uploads\/2024\/08\/Bob-Dylan-WW-Umschlag-front-2-scaled-600x395.jpg 600w, https:\/\/maus-of-music.com\/wp-content\/uploads\/2024\/08\/Bob-Dylan-WW-Umschlag-front-2-300x197.jpg 300w, https:\/\/maus-of-music.com\/wp-content\/uploads\/2024\/08\/Bob-Dylan-WW-Umschlag-front-2-768x505.jpg 768w, https:\/\/maus-of-music.com\/wp-content\/uploads\/2024\/08\/Bob-Dylan-WW-Umschlag-front-2-1536x1011.jpg 1536w, https:\/\/maus-of-music.com\/wp-content\/uploads\/2024\/08\/Bob-Dylan-WW-Umschlag-front-2-2048x1348.jpg 2048w, https:\/\/maus-of-music.com\/wp-content\/uploads\/2024\/08\/Bob-Dylan-WW-Umschlag-front-2-24x16.jpg 24w, https:\/\/maus-of-music.com\/wp-content\/uploads\/2024\/08\/Bob-Dylan-WW-Umschlag-front-2-36x24.jpg 36w, https:\/\/maus-of-music.com\/wp-content\/uploads\/2024\/08\/Bob-Dylan-WW-Umschlag-front-2-48x32.jpg 48w\" sizes=\"auto, (max-width: 1024px) 100vw, 1024px\" \/><button\n\t\t\tclass=\"lightbox-trigger\"\n\t\t\ttype=\"button\"\n\t\t\taria-haspopup=\"dialog\"\n\t\t\taria-label=\"Vergr\u00f6\u00dfern\"\n\t\t\tdata-wp-init=\"callbacks.initTriggerButton\"\n\t\t\tdata-wp-on--click=\"actions.showLightbox\"\n\t\t\tdata-wp-style--right=\"state.imageButtonRight\"\n\t\t\tdata-wp-style--top=\"state.imageButtonTop\"\n\t\t>\n\t\t\t<svg xmlns=\"http:\/\/www.w3.org\/2000\/svg\" width=\"12\" height=\"12\" fill=\"none\" viewBox=\"0 0 12 12\">\n\t\t\t\t<path fill=\"#fff\" d=\"M2 0a2 2 0 0 0-2 2v2h1.5V2a.5.5 0 0 1 .5-.5h2V0H2Zm2 10.5H2a.5.5 0 0 1-.5-.5V8H0v2a2 2 0 0 0 2 2h2v-1.5ZM8 12v-1.5h2a.5.5 0 0 0 .5-.5V8H12v2a2 2 0 0 1-2 2H8Zm2-12a2 2 0 0 1 2 2v2h-1.5V2a.5.5 0 0 0-.5-.5H8V0h2Z\" \/>\n\t\t\t<\/svg>\n\t\t<\/button><figcaption class=\"wp-element-caption\">Bookcover (front)\/Buchcover(Vorderseite)<\/figcaption><\/figure>\n<\/div>\n\n\n<figure data-wp-context=\"{&quot;imageId&quot;:&quot;69de41680d084&quot;}\" data-wp-interactive=\"core\/image\" data-wp-key=\"69de41680d084\" class=\"wp-block-image size-large wp-lightbox-container\"><img loading=\"lazy\" decoding=\"async\" width=\"1024\" height=\"590\" data-wp-class--hide=\"state.isContentHidden\" data-wp-class--show=\"state.isContentVisible\" data-wp-init=\"callbacks.setButtonStyles\" data-wp-on--click=\"actions.showLightbox\" data-wp-on--load=\"callbacks.setButtonStyles\" data-wp-on-window--resize=\"callbacks.setButtonStyles\" src=\"https:\/\/maus-of-music.com\/wp-content\/uploads\/2024\/08\/Bob-Dylan-WW-Umschlag-back-1024x590.jpg\" alt=\"\" class=\"wp-image-867\" srcset=\"https:\/\/maus-of-music.com\/wp-content\/uploads\/2024\/08\/Bob-Dylan-WW-Umschlag-back-1024x590.jpg 1024w, https:\/\/maus-of-music.com\/wp-content\/uploads\/2024\/08\/Bob-Dylan-WW-Umschlag-back-scaled-600x346.jpg 600w, https:\/\/maus-of-music.com\/wp-content\/uploads\/2024\/08\/Bob-Dylan-WW-Umschlag-back-300x173.jpg 300w, https:\/\/maus-of-music.com\/wp-content\/uploads\/2024\/08\/Bob-Dylan-WW-Umschlag-back-768x443.jpg 768w, https:\/\/maus-of-music.com\/wp-content\/uploads\/2024\/08\/Bob-Dylan-WW-Umschlag-back-1536x885.jpg 1536w, https:\/\/maus-of-music.com\/wp-content\/uploads\/2024\/08\/Bob-Dylan-WW-Umschlag-back-2048x1180.jpg 2048w, https:\/\/maus-of-music.com\/wp-content\/uploads\/2024\/08\/Bob-Dylan-WW-Umschlag-back-24x14.jpg 24w, https:\/\/maus-of-music.com\/wp-content\/uploads\/2024\/08\/Bob-Dylan-WW-Umschlag-back-36x21.jpg 36w, https:\/\/maus-of-music.com\/wp-content\/uploads\/2024\/08\/Bob-Dylan-WW-Umschlag-back-48x28.jpg 48w\" sizes=\"auto, (max-width: 1024px) 100vw, 1024px\" \/><button\n\t\t\tclass=\"lightbox-trigger\"\n\t\t\ttype=\"button\"\n\t\t\taria-haspopup=\"dialog\"\n\t\t\taria-label=\"Vergr\u00f6\u00dfern\"\n\t\t\tdata-wp-init=\"callbacks.initTriggerButton\"\n\t\t\tdata-wp-on--click=\"actions.showLightbox\"\n\t\t\tdata-wp-style--right=\"state.imageButtonRight\"\n\t\t\tdata-wp-style--top=\"state.imageButtonTop\"\n\t\t>\n\t\t\t<svg xmlns=\"http:\/\/www.w3.org\/2000\/svg\" width=\"12\" height=\"12\" fill=\"none\" viewBox=\"0 0 12 12\">\n\t\t\t\t<path fill=\"#fff\" d=\"M2 0a2 2 0 0 0-2 2v2h1.5V2a.5.5 0 0 1 .5-.5h2V0H2Zm2 10.5H2a.5.5 0 0 1-.5-.5V8H0v2a2 2 0 0 0 2 2h2v-1.5ZM8 12v-1.5h2a.5.5 0 0 0 .5-.5V8H12v2a2 2 0 0 1-2 2H8Zm2-12a2 2 0 0 1 2 2v2h-1.5V2a.5.5 0 0 0-.5-.5H8V0h2Z\" \/>\n\t\t\t<\/svg>\n\t\t<\/button><figcaption class=\"wp-element-caption\">Bookcover(back)\/Buchcover(R\u00fcckseite)<\/figcaption><\/figure>\n<\/div>\n\n\n\n<div class=\"wp-block-column is-layout-flow wp-block-column-is-layout-flow\"><div class=\"wp-block-image\">\n<figure class=\"aligncenter size-large\"><img loading=\"lazy\" decoding=\"async\" width=\"21\" height=\"13\" src=\"https:\/\/maus-of-music.com\/wp-content\/uploads\/2021\/06\/4.png\" alt=\"\" class=\"wp-image-54\"\/><\/figure>\n<\/div>\n\n\n<p><strong>DIES IST EIN ANALOGES BUCH!<\/strong><br>Es erz\u00e4hlt Ihnen die faszinierende Geschichte, wie und auf welche Weise die originalen Vinylalben, Singles und EPs von Bob Dylan ver\u00f6ffentlicht und vermarktet wurden \u2013<\/p>\n\n\n\n<p>Weltweit in \u00fcber 50 L\u00e4ndern, von Argentinien bis Zimbabwe in den turbulenten ersten zwanzig Jahren seiner Karriere, 1961- 1981. Umfassend recherchiert, enth\u00e4lt es \u00fcber 3.000 Farbabbildungen von Plattencovern und Labels auf&nbsp; 445 Seiten. 280x 210 mm (Querformat) Solide Fadenbindung, Hardcover mit Schutzumschlag, 58 Euro, die ersten 500 St\u00fcck handnummeriert und vom Autor signiert.<\/p>\n\n\n\n<p>Englisch\/Deutscher Text. Erscheint im April 2016, MAUS OF MUSIC Verlag, Hamburg, Deutschland<br>ISBN 978-3-9817804-0-6 (MoM-014)<\/p>\n\n\n\n<p>Geschrieben und zusammengestellt von Christoph Maus unterst\u00fctzt von Alan Fraser, einem der f\u00fchrenden Dylanologen Englands und seiner Webseite www.searchingforagem.com <a href=\"http:\/\/www.bobdylan-worldwide.com\/samples.html\">Bitte klicken Sie hier f\u00fcr Beispielseiten<\/a>&nbsp;<\/p>\n\n\n\n<p>Christoph Maus hat bereits mehrere hochgelobte B\u00fccher in der WORLDWIDE Reihe \u00fcber die Beatles und die Rolling Stones verfasst und ein neues Buch \u00fcber das Tamla Motown Label.<\/p>\n\n\n\n<p class=\"has-text-align-right\"><strong><a href=\"https:\/\/maus-of-music.com\/?page_id=143#BDWW\">Jetzt bestellen<\/a><\/strong><\/p>\n<\/div>\n<\/div>\n","protected":false},"excerpt":{"rendered":"<p>THE FIRST TWENTY YEARS1961 \u2013 1981 THIS IS AN ANALOGUE BOOK!It tells you the fascinating story of how Bob Dylan\u00b4s original Vinyl album, singles &amp; EP releases were issued and distributed throughout the world in more than 50 countries, from Argentina to Zimbabwe between 1961-1981, the turbulent first 20 years of his carrier. \u2013 Extensively researched with more than 3.000 [&hellip;]<\/p>\n","protected":false},"author":2,"featured_media":0,"parent":0,"menu_order":0,"comment_status":"closed","ping_status":"closed","template":"","meta":{"om_disable_all_campaigns":false,"_monsterinsights_skip_tracking":false,"_monsterinsights_sitenote_active":false,"_monsterinsights_sitenote_note":"","_monsterinsights_sitenote_category":0,"footnotes":""},"class_list":["post-183","page","type-page","status-publish","hentry"],"aioseo_notices":[],"_links":{"self":[{"href":"https:\/\/maus-of-music.com\/index.php?rest_route=\/wp\/v2\/pages\/183","targetHints":{"allow":["GET"]}}],"collection":[{"href":"https:\/\/maus-of-music.com\/index.php?rest_route=\/wp\/v2\/pages"}],"about":[{"href":"https:\/\/maus-of-music.com\/index.php?rest_route=\/wp\/v2\/types\/page"}],"author":[{"embeddable":true,"href":"https:\/\/maus-of-music.com\/index.php?rest_route=\/wp\/v2\/users\/2"}],"replies":[{"embeddable":true,"href":"https:\/\/maus-of-music.com\/index.php?rest_route=%2Fwp%2Fv2%2Fcomments&post=183"}],"version-history":[{"count":6,"href":"https:\/\/maus-of-music.com\/index.php?rest_route=\/wp\/v2\/pages\/183\/revisions"}],"predecessor-version":[{"id":868,"href":"https:\/\/maus-of-music.com\/index.php?rest_route=\/wp\/v2\/pages\/183\/revisions\/868"}],"wp:attachment":[{"href":"https:\/\/maus-of-music.com\/index.php?rest_route=%2Fwp%2Fv2%2Fmedia&parent=183"}],"curies":[{"name":"wp","href":"https:\/\/api.w.org\/{rel}","templated":true}]}}