{"id":11,"date":"2021-06-13T19:46:53","date_gmt":"2021-06-13T19:46:53","guid":{"rendered":"http:\/\/maus-of-music.com\/?page_id=11"},"modified":"2024-11-29T17:51:01","modified_gmt":"2024-11-29T17:51:01","slug":"maus-of-music","status":"publish","type":"page","link":"https:\/\/maus-of-music.com\/","title":{"rendered":"Maus of Music"},"content":{"rendered":"<div class=\"wp-block-image\">\n<figure class=\"aligncenter size-large is-resized\"><img loading=\"lazy\" decoding=\"async\" width=\"1024\" height=\"513\" src=\"https:\/\/maus-of-music.com\/wp-content\/uploads\/2021\/06\/Maus-of-Music-logo-horizontal-1024x513.jpg\" alt=\"\" class=\"wp-image-365\" style=\"width:483px;height:241px\" srcset=\"https:\/\/maus-of-music.com\/wp-content\/uploads\/2021\/06\/Maus-of-Music-logo-horizontal-1024x513.jpg 1024w, https:\/\/maus-of-music.com\/wp-content\/uploads\/2021\/06\/Maus-of-Music-logo-horizontal-600x300.jpg 600w, https:\/\/maus-of-music.com\/wp-content\/uploads\/2021\/06\/Maus-of-Music-logo-horizontal-300x150.jpg 300w, https:\/\/maus-of-music.com\/wp-content\/uploads\/2021\/06\/Maus-of-Music-logo-horizontal-768x385.jpg 768w, https:\/\/maus-of-music.com\/wp-content\/uploads\/2021\/06\/Maus-of-Music-logo-horizontal-1536x769.jpg 1536w, https:\/\/maus-of-music.com\/wp-content\/uploads\/2021\/06\/Maus-of-Music-logo-horizontal-24x12.jpg 24w, https:\/\/maus-of-music.com\/wp-content\/uploads\/2021\/06\/Maus-of-Music-logo-horizontal-36x18.jpg 36w, https:\/\/maus-of-music.com\/wp-content\/uploads\/2021\/06\/Maus-of-Music-logo-horizontal-48x24.jpg 48w, https:\/\/maus-of-music.com\/wp-content\/uploads\/2021\/06\/Maus-of-Music-logo-horizontal.jpg 1969w\" sizes=\"auto, (max-width: 1024px) 100vw, 1024px\" \/><\/figure>\n<\/div>\n\n\n<div class=\"wp-block-columns is-layout-flex wp-container-core-columns-is-layout-9d6595d7 wp-block-columns-is-layout-flex\">\n<div class=\"wp-block-column is-layout-flow wp-block-column-is-layout-flow\"><div class=\"wp-block-image\">\n<figure class=\"aligncenter size-large\"><img loading=\"lazy\" decoding=\"async\" width=\"21\" height=\"13\" src=\"https:\/\/maus-of-music.com\/wp-content\/uploads\/2021\/06\/3.png\" alt=\"\" class=\"wp-image-53\"\/><\/figure>\n<\/div>\n\n\n<p>A FRIENDLY WELCOME!<\/p>\n\n\n\n<p>MAUS OF MUSIC is a book and music publishing company from Hamburg, Germany. It was founded by German music composer and book author Christoph Maus in 2003.<\/p>\n\n\n\n<p>MAUS OF MUSIC specialises in creating richly illustrated world discography books for devoted fans and lovers of The Beatles, The Rolling Stones, Bob Dylan and the legendary US- Northern Soul MOTOWN Record label .<\/p>\n\n\n\n<p>A picturesque German-language children\u00b4s book with Music CD was released as well.<\/p>\n\n\n\n<p>MAUS OF MUSIC also presents and distributes the diverse musical adventures and songs of Christoph Maus, that he has experienced and recorded since the mid-1980s, either on his own or with his various bands..<\/p>\n\n\n\n<p>Links to the various book titles and musical projects from MAUS OF MUSIC are found below, respectively on the right of your desk top version.<\/p>\n\n\n\n<p>Visit them and you\u00b4ll get the information that you need<strong>: ENJOY!<\/strong><\/p>\n<\/div>\n\n\n\n<div class=\"wp-block-column is-layout-flow wp-block-column-is-layout-flow\"><div class=\"wp-block-image\">\n<figure class=\"aligncenter size-large\"><img loading=\"lazy\" decoding=\"async\" width=\"21\" height=\"13\" src=\"https:\/\/maus-of-music.com\/wp-content\/uploads\/2021\/06\/4.png\" alt=\"\" class=\"wp-image-54\"\/><\/figure>\n<\/div>\n\n\n<p>EIN FREUNDLICHES WILLKOMMEN!<\/p>\n\n\n\n<p>MAUS OF MUSIC ist ein Buch und Musikverlag aus Deutschland. Gegr\u00fcndet wurde er 2003 vom Hamburger PopKomponisten und Buchautor Christoph Maus.<\/p>\n\n\n\n<p>MAUS OF MUSIC ist spezialisiert auf reichhaltig illustrierte, englischsprachige Weltdiskographien f\u00fcr anspruchsvolle Fans der Beatles, der Rolling Stones, Bob Dylan und dem legend\u00e4ren US-Northern Soul Plattenlabel TAMLA MOTOWN<\/p>\n\n\n\n<p>Ein liebevoll bebildertes Kinderbuch mit Musik CD erschien im Verlag ebenso.<\/p>\n\n\n\n<p>MAUS OF MUSIC pr\u00e4sentiert und vertreibt auch die musikalischen Abenteuer und Songs von Firmengr\u00fcnder Christoph Maus, die er seit den mitt-1980ern entweder solo oder mit verschiedenen Band erlebt und aufgenommen hat.<\/p>\n\n\n\n<p>Besuchen Sie die Links der MAUS OF MUSIC Buchtitel und Musikprojekte unten bzw. rechts auf Ihrem Desktop und Sie erhalten die Informationen, die Sie brauchen: <strong>LOS GEHT\u00b4S!<\/strong><\/p>\n<\/div>\n<\/div>\n\n\n\n<p class=\"has-text-align-center\"><strong>DIE SAMMLUNG MT DER MAUS: Homestory \u00fcber den MAUS OF MUSIC Verlagsinhaber Christoph Maus, seine B\u00fccher-und Musikprojekte im deutschen MINT Magazin f\u00fcr Vinylkultur,&nbsp;Ausgabe Februar 2019.<\/strong><\/p>\n\n\n\n<figure class=\"wp-block-gallery has-nested-images columns-4 is-cropped wp-block-gallery-1 is-layout-flex wp-block-gallery-is-layout-flex\">\n<figure class=\"wp-block-image size-large\"><a href=\"https:\/\/maus-of-music.com\/wp-content\/uploads\/2021\/07\/MINT-Homestory-Feb.1-1-scaled.jpeg\"><img loading=\"lazy\" decoding=\"async\" width=\"663\" height=\"1024\" data-id=\"606\" src=\"https:\/\/maus-of-music.com\/wp-content\/uploads\/2021\/07\/MINT-Homestory-Feb.1-1-663x1024.jpeg\" alt=\"\" class=\"wp-image-606\" srcset=\"https:\/\/maus-of-music.com\/wp-content\/uploads\/2021\/07\/MINT-Homestory-Feb.1-1-663x1024.jpeg 663w, https:\/\/maus-of-music.com\/wp-content\/uploads\/2021\/07\/MINT-Homestory-Feb.1-1-scaled-600x926.jpeg 600w, https:\/\/maus-of-music.com\/wp-content\/uploads\/2021\/07\/MINT-Homestory-Feb.1-1-194x300.jpeg 194w, https:\/\/maus-of-music.com\/wp-content\/uploads\/2021\/07\/MINT-Homestory-Feb.1-1-768x1185.jpeg 768w, https:\/\/maus-of-music.com\/wp-content\/uploads\/2021\/07\/MINT-Homestory-Feb.1-1-995x1536.jpeg 995w, https:\/\/maus-of-music.com\/wp-content\/uploads\/2021\/07\/MINT-Homestory-Feb.1-1-1327x2048.jpeg 1327w, https:\/\/maus-of-music.com\/wp-content\/uploads\/2021\/07\/MINT-Homestory-Feb.1-1-16x24.jpeg 16w, https:\/\/maus-of-music.com\/wp-content\/uploads\/2021\/07\/MINT-Homestory-Feb.1-1-23x36.jpeg 23w, https:\/\/maus-of-music.com\/wp-content\/uploads\/2021\/07\/MINT-Homestory-Feb.1-1-31x48.jpeg 31w, https:\/\/maus-of-music.com\/wp-content\/uploads\/2021\/07\/MINT-Homestory-Feb.1-1-scaled.jpeg 1659w\" sizes=\"auto, (max-width: 663px) 100vw, 663px\" \/><\/a><\/figure>\n\n\n\n<figure class=\"wp-block-image size-large\"><a href=\"https:\/\/maus-of-music.com\/wp-content\/uploads\/2021\/07\/MINT-Homestory-Feb.2-scaled.jpeg\"><img loading=\"lazy\" decoding=\"async\" width=\"720\" height=\"1024\" data-id=\"607\" src=\"https:\/\/maus-of-music.com\/wp-content\/uploads\/2021\/07\/MINT-Homestory-Feb.2-720x1024.jpeg\" alt=\"\" class=\"wp-image-607\" srcset=\"https:\/\/maus-of-music.com\/wp-content\/uploads\/2021\/07\/MINT-Homestory-Feb.2-720x1024.jpeg 720w, https:\/\/maus-of-music.com\/wp-content\/uploads\/2021\/07\/MINT-Homestory-Feb.2-scaled-600x853.jpeg 600w, https:\/\/maus-of-music.com\/wp-content\/uploads\/2021\/07\/MINT-Homestory-Feb.2-211x300.jpeg 211w, https:\/\/maus-of-music.com\/wp-content\/uploads\/2021\/07\/MINT-Homestory-Feb.2-768x1092.jpeg 768w, https:\/\/maus-of-music.com\/wp-content\/uploads\/2021\/07\/MINT-Homestory-Feb.2-1080x1536.jpeg 1080w, https:\/\/maus-of-music.com\/wp-content\/uploads\/2021\/07\/MINT-Homestory-Feb.2-1440x2048.jpeg 1440w, https:\/\/maus-of-music.com\/wp-content\/uploads\/2021\/07\/MINT-Homestory-Feb.2-17x24.jpeg 17w, https:\/\/maus-of-music.com\/wp-content\/uploads\/2021\/07\/MINT-Homestory-Feb.2-25x36.jpeg 25w, https:\/\/maus-of-music.com\/wp-content\/uploads\/2021\/07\/MINT-Homestory-Feb.2-34x48.jpeg 34w, https:\/\/maus-of-music.com\/wp-content\/uploads\/2021\/07\/MINT-Homestory-Feb.2-scaled.jpeg 1800w\" sizes=\"auto, (max-width: 720px) 100vw, 720px\" \/><\/a><\/figure>\n\n\n\n<figure class=\"wp-block-image size-large\"><a href=\"https:\/\/maus-of-music.com\/wp-content\/uploads\/2021\/07\/MINT-Homestory-Feb.3-scaled.jpeg\"><img loading=\"lazy\" decoding=\"async\" width=\"691\" height=\"1024\" data-id=\"608\" src=\"https:\/\/maus-of-music.com\/wp-content\/uploads\/2021\/07\/MINT-Homestory-Feb.3-691x1024.jpeg\" alt=\"\" class=\"wp-image-608\" srcset=\"https:\/\/maus-of-music.com\/wp-content\/uploads\/2021\/07\/MINT-Homestory-Feb.3-691x1024.jpeg 691w, https:\/\/maus-of-music.com\/wp-content\/uploads\/2021\/07\/MINT-Homestory-Feb.3-scaled-600x889.jpeg 600w, https:\/\/maus-of-music.com\/wp-content\/uploads\/2021\/07\/MINT-Homestory-Feb.3-202x300.jpeg 202w, https:\/\/maus-of-music.com\/wp-content\/uploads\/2021\/07\/MINT-Homestory-Feb.3-768x1138.jpeg 768w, https:\/\/maus-of-music.com\/wp-content\/uploads\/2021\/07\/MINT-Homestory-Feb.3-1036x1536.jpeg 1036w, https:\/\/maus-of-music.com\/wp-content\/uploads\/2021\/07\/MINT-Homestory-Feb.3-1382x2048.jpeg 1382w, https:\/\/maus-of-music.com\/wp-content\/uploads\/2021\/07\/MINT-Homestory-Feb.3-16x24.jpeg 16w, https:\/\/maus-of-music.com\/wp-content\/uploads\/2021\/07\/MINT-Homestory-Feb.3-24x36.jpeg 24w, https:\/\/maus-of-music.com\/wp-content\/uploads\/2021\/07\/MINT-Homestory-Feb.3-32x48.jpeg 32w, https:\/\/maus-of-music.com\/wp-content\/uploads\/2021\/07\/MINT-Homestory-Feb.3-scaled.jpeg 1727w\" sizes=\"auto, (max-width: 691px) 100vw, 691px\" \/><\/a><\/figure>\n\n\n\n<figure class=\"wp-block-image size-large\"><a href=\"https:\/\/maus-of-music.com\/wp-content\/uploads\/2021\/07\/MINT-Homestory-Feb.4.jpeg\"><img loading=\"lazy\" decoding=\"async\" width=\"1024\" height=\"1009\" data-id=\"609\" src=\"https:\/\/maus-of-music.com\/wp-content\/uploads\/2021\/07\/MINT-Homestory-Feb.4-1024x1009.jpeg\" alt=\"\" class=\"wp-image-609\" srcset=\"https:\/\/maus-of-music.com\/wp-content\/uploads\/2021\/07\/MINT-Homestory-Feb.4-1024x1009.jpeg 1024w, https:\/\/maus-of-music.com\/wp-content\/uploads\/2021\/07\/MINT-Homestory-Feb.4-100x100.jpeg 100w, https:\/\/maus-of-music.com\/wp-content\/uploads\/2021\/07\/MINT-Homestory-Feb.4-600x591.jpeg 600w, https:\/\/maus-of-music.com\/wp-content\/uploads\/2021\/07\/MINT-Homestory-Feb.4-300x296.jpeg 300w, https:\/\/maus-of-music.com\/wp-content\/uploads\/2021\/07\/MINT-Homestory-Feb.4-768x757.jpeg 768w, https:\/\/maus-of-music.com\/wp-content\/uploads\/2021\/07\/MINT-Homestory-Feb.4-1536x1513.jpeg 1536w, https:\/\/maus-of-music.com\/wp-content\/uploads\/2021\/07\/MINT-Homestory-Feb.4-2048x2018.jpeg 2048w, https:\/\/maus-of-music.com\/wp-content\/uploads\/2021\/07\/MINT-Homestory-Feb.4-24x24.jpeg 24w, https:\/\/maus-of-music.com\/wp-content\/uploads\/2021\/07\/MINT-Homestory-Feb.4-36x36.jpeg 36w, https:\/\/maus-of-music.com\/wp-content\/uploads\/2021\/07\/MINT-Homestory-Feb.4-48x48.jpeg 48w\" sizes=\"auto, (max-width: 1024px) 100vw, 1024px\" \/><\/a><\/figure>\n<\/figure>\n\n\n\n<p class=\"has-text-align-center\"><strong>MAUS OF MUSIC Book presentation at ARC Mega fair at Hertogenbosch, NL, 9\/10th November 2024 <\/strong><\/p>\n\n\n\n<figure class=\"wp-block-image size-large\"><img loading=\"lazy\" decoding=\"async\" width=\"1024\" height=\"650\" src=\"https:\/\/maus-of-music.com\/wp-content\/uploads\/2024\/11\/MAUS-OF-MUSIC-Buchstand-in-den-Bosch9._10.11.24-1-1024x650.jpg\" alt=\"\" class=\"wp-image-963\" srcset=\"https:\/\/maus-of-music.com\/wp-content\/uploads\/2024\/11\/MAUS-OF-MUSIC-Buchstand-in-den-Bosch9._10.11.24-1-1024x650.jpg 1024w, https:\/\/maus-of-music.com\/wp-content\/uploads\/2024\/11\/MAUS-OF-MUSIC-Buchstand-in-den-Bosch9._10.11.24-1-300x190.jpg 300w, https:\/\/maus-of-music.com\/wp-content\/uploads\/2024\/11\/MAUS-OF-MUSIC-Buchstand-in-den-Bosch9._10.11.24-1-768x487.jpg 768w, https:\/\/maus-of-music.com\/wp-content\/uploads\/2024\/11\/MAUS-OF-MUSIC-Buchstand-in-den-Bosch9._10.11.24-1-1536x975.jpg 1536w, https:\/\/maus-of-music.com\/wp-content\/uploads\/2024\/11\/MAUS-OF-MUSIC-Buchstand-in-den-Bosch9._10.11.24-1-2048x1299.jpg 2048w, https:\/\/maus-of-music.com\/wp-content\/uploads\/2024\/11\/MAUS-OF-MUSIC-Buchstand-in-den-Bosch9._10.11.24-1-140x90.jpg 140w, https:\/\/maus-of-music.com\/wp-content\/uploads\/2024\/11\/MAUS-OF-MUSIC-Buchstand-in-den-Bosch9._10.11.24-1-24x15.jpg 24w, https:\/\/maus-of-music.com\/wp-content\/uploads\/2024\/11\/MAUS-OF-MUSIC-Buchstand-in-den-Bosch9._10.11.24-1-36x23.jpg 36w, https:\/\/maus-of-music.com\/wp-content\/uploads\/2024\/11\/MAUS-OF-MUSIC-Buchstand-in-den-Bosch9._10.11.24-1-48x30.jpg 48w, https:\/\/maus-of-music.com\/wp-content\/uploads\/2024\/11\/MAUS-OF-MUSIC-Buchstand-in-den-Bosch9._10.11.24-1-600x381.jpg 600w\" sizes=\"auto, (max-width: 1024px) 100vw, 1024px\" \/><\/figure>\n","protected":false},"excerpt":{"rendered":"<p>A FRIENDLY WELCOME! MAUS OF MUSIC is a book and music publishing company from Hamburg, Germany. It was founded by German music composer and book author Christoph Maus in 2003. MAUS OF MUSIC specialises in creating richly illustrated world discography books for devoted fans and lovers of The Beatles, The Rolling Stones, Bob Dylan and the legendary US- Northern Soul [&hellip;]<\/p>\n","protected":false},"author":2,"featured_media":0,"parent":0,"menu_order":0,"comment_status":"closed","ping_status":"closed","template":"","meta":{"om_disable_all_campaigns":false,"_monsterinsights_skip_tracking":false,"_monsterinsights_sitenote_active":false,"_monsterinsights_sitenote_note":"","_monsterinsights_sitenote_category":0,"footnotes":""},"class_list":["post-11","page","type-page","status-publish","hentry"],"aioseo_notices":[],"_links":{"self":[{"href":"https:\/\/maus-of-music.com\/index.php?rest_route=\/wp\/v2\/pages\/11","targetHints":{"allow":["GET"]}}],"collection":[{"href":"https:\/\/maus-of-music.com\/index.php?rest_route=\/wp\/v2\/pages"}],"about":[{"href":"https:\/\/maus-of-music.com\/index.php?rest_route=\/wp\/v2\/types\/page"}],"author":[{"embeddable":true,"href":"https:\/\/maus-of-music.com\/index.php?rest_route=\/wp\/v2\/users\/2"}],"replies":[{"embeddable":true,"href":"https:\/\/maus-of-music.com\/index.php?rest_route=%2Fwp%2Fv2%2Fcomments&post=11"}],"version-history":[{"count":11,"href":"https:\/\/maus-of-music.com\/index.php?rest_route=\/wp\/v2\/pages\/11\/revisions"}],"predecessor-version":[{"id":966,"href":"https:\/\/maus-of-music.com\/index.php?rest_route=\/wp\/v2\/pages\/11\/revisions\/966"}],"wp:attachment":[{"href":"https:\/\/maus-of-music.com\/index.php?rest_route=%2Fwp%2Fv2%2Fmedia&parent=11"}],"curies":[{"name":"wp","href":"https:\/\/api.w.org\/{rel}","templated":true}]}}